{"id":3432,"date":"2021-03-02T23:47:22","date_gmt":"2021-03-03T05:47:22","guid":{"rendered":"http:\/\/www.novatec.com.mx\/producto\/victoria\/"},"modified":"2025-12-15T08:40:23","modified_gmt":"2025-12-15T14:40:23","slug":"victoria","status":"publish","type":"product","link":"https:\/\/novatec.com.mx\/en\/product\/victoria\/","title":{"rendered":"VICTORIA PLASTIC BIN"},"content":{"rendered":"<div>\n<div><span style=\"color: #000000;\">The <b>Victoria bin<\/b> features a design conceived to adapt to all your needs, and is ideal for <b>transporting<\/b> or <b>storing<\/b> any type of merchandise. It has <b>double lids<\/b> and holes to place <b>locks<\/b>. It stacks for <g id=\"gid_5\">space saving<\/g>. It also has an area to place a label or logo.<br \/>\n<\/span><\/div>\n<div><span style=\"color: #000000;\"> <\/span><\/div>\n<ul>\n<li><span style=\"color: #000000;\">Capacity: 28 kg<\/span><\/li>\n<li><span style=\"color: #000000;\">Volume: 58 l<\/span><\/li>\n<li><span style=\"color: #000000;\">External dimensions: 60 x 40 x 32h cm<\/span><\/li>\n<li><span style=\"color: #000000;\">Upper internal dimensions: 57 x 36.5 x 31.5 cm<\/span><\/li>\n<li><span style=\"color: #000000;\">Lower internal dimensions: 52.5 x 32 x 31h cm<\/span><\/li>\n<li><span style=\"color: #000000;\">Packaging Type: Rowed<\/span><\/li>\n<li><span style=\"color: #000000;\">Content 20: 1,260<\/span><\/li>\n<li><span style=\"color: #000000;\">Content 40: 2,700<\/span><\/li>\n<li><span style=\"color: #000000;\">Torton 22: 1,450<\/span><\/li>\n<li><span style=\"color: #000000;\">Trailer 48: 4,100<\/span><\/li>\n<li><span style=\"color: #000000;\">FFCC Wagon: 5,880<\/span><\/li>\n<\/ul>\n<\/div>\n<div>\n<div><span style=\"color: #000000;\"><b>Available colors:<\/b><\/span><\/div>\n<div>\n<ul>\n<li>Blue<\/li>\n<\/ul>\n<\/div>\n<div><a title=\"Victoria bin Brochure\" href=\"\/wp-content\/uploads\/2021\/02\/Distribucion-Novatec-OK.pdf\" target=\"_blank\" rel=\"noopener\">Click here to view brochure.<\/a><\/div>\n<\/div>\n","protected":false},"excerpt":{"rendered":"<p>The Victoria bin features a design conceived to adapt to all your needs, and is ideal for transporting or storing any type of merchandise. It has double lids and holes to place locks. It stacks for space saving. It also has an area to place a label or logo. Capacity: 28 kg Volume: 58 l [&hellip;]<\/p>\n","protected":false},"featured_media":3310,"comment_status":"open","ping_status":"closed","template":"","meta":{"_et_pb_use_builder":"","_et_pb_old_content":"","_et_gb_content_width":"","_vp_format_video_url":"","_vp_image_focal_point":[],"_joinchat":[]},"product_brand":[],"product_cat":[40,39],"product_tag":[],"class_list":{"0":"post-3432","1":"product","2":"type-product","3":"status-publish","4":"has-post-thumbnail","6":"product_cat-for-distribution","7":"product_cat-plastic-containers","9":"first","10":"instock","11":"shipping-taxable","12":"product-type-simple"},"yoast_head":"<!-- This site is optimized with the Yoast SEO plugin v27.3 - https:\/\/yoast.com\/product\/yoast-seo-wordpress\/ -->\n<title>VICTORIA PLASTIC BIN - Novatec Pagani<\/title>\n<meta name=\"robots\" content=\"index, follow, max-snippet:-1, max-image-preview:large, max-video-preview:-1\" \/>\n<link rel=\"canonical\" href=\"https:\/\/novatec.com.mx\/en\/product\/victoria\/\" \/>\n<meta property=\"og:locale\" content=\"en_US\" \/>\n<meta property=\"og:type\" content=\"article\" \/>\n<meta property=\"og:title\" content=\"VICTORIA PLASTIC BIN - Novatec Pagani\" \/>\n<meta property=\"og:description\" content=\"The Victoria bin features a design conceived to adapt to all your needs, and is ideal for transporting or storing any type of merchandise. It has double lids and holes to place locks. It stacks for space saving. It also has an area to place a label or logo. Capacity: 28 kg Volume: 58 l [&hellip;]\" \/>\n<meta property=\"og:url\" content=\"https:\/\/novatec.com.mx\/en\/product\/victoria\/\" \/>\n<meta property=\"og:site_name\" content=\"Novatec Pagani\" \/>\n<meta property=\"article:publisher\" content=\"https:\/\/www.facebook.com\/NovatecPagani\" \/>\n<meta property=\"article:modified_time\" content=\"2025-12-15T14:40:23+00:00\" \/>\n<meta property=\"og:image\" content=\"https:\/\/novatec.com.mx\/wp-content\/uploads\/2021\/03\/victoria.jpg\" \/>\n\t<meta property=\"og:image:width\" content=\"591\" \/>\n\t<meta property=\"og:image:height\" content=\"591\" \/>\n\t<meta property=\"og:image:type\" content=\"image\/jpeg\" \/>\n<meta name=\"twitter:card\" content=\"summary_large_image\" \/>\n<meta name=\"twitter:site\" content=\"@novatec_pagani\" \/>\n<script type=\"application\/ld+json\" class=\"yoast-schema-graph\">{\"@context\":\"https:\\\/\\\/schema.org\",\"@graph\":[{\"@type\":\"WebPage\",\"@id\":\"https:\\\/\\\/novatec.com.mx\\\/en\\\/product\\\/victoria\\\/\",\"url\":\"https:\\\/\\\/novatec.com.mx\\\/en\\\/product\\\/victoria\\\/\",\"name\":\"VICTORIA PLASTIC BIN - Novatec Pagani\",\"isPartOf\":{\"@id\":\"https:\\\/\\\/novatec.com.mx\\\/en\\\/#website\"},\"primaryImageOfPage\":{\"@id\":\"https:\\\/\\\/novatec.com.mx\\\/en\\\/product\\\/victoria\\\/#primaryimage\"},\"image\":{\"@id\":\"https:\\\/\\\/novatec.com.mx\\\/en\\\/product\\\/victoria\\\/#primaryimage\"},\"thumbnailUrl\":\"https:\\\/\\\/novatec.com.mx\\\/wp-content\\\/uploads\\\/2021\\\/03\\\/victoria.jpg\",\"datePublished\":\"2021-03-03T05:47:22+00:00\",\"dateModified\":\"2025-12-15T14:40:23+00:00\",\"breadcrumb\":{\"@id\":\"https:\\\/\\\/novatec.com.mx\\\/en\\\/product\\\/victoria\\\/#breadcrumb\"},\"inLanguage\":\"en-US\",\"potentialAction\":[{\"@type\":\"ReadAction\",\"target\":[\"https:\\\/\\\/novatec.com.mx\\\/en\\\/product\\\/victoria\\\/\"]}]},{\"@type\":\"ImageObject\",\"inLanguage\":\"en-US\",\"@id\":\"https:\\\/\\\/novatec.com.mx\\\/en\\\/product\\\/victoria\\\/#primaryimage\",\"url\":\"https:\\\/\\\/novatec.com.mx\\\/wp-content\\\/uploads\\\/2021\\\/03\\\/victoria.jpg\",\"contentUrl\":\"https:\\\/\\\/novatec.com.mx\\\/wp-content\\\/uploads\\\/2021\\\/03\\\/victoria.jpg\",\"width\":591,\"height\":591,\"caption\":\"victoria bin\"},{\"@type\":\"BreadcrumbList\",\"@id\":\"https:\\\/\\\/novatec.com.mx\\\/en\\\/product\\\/victoria\\\/#breadcrumb\",\"itemListElement\":[{\"@type\":\"ListItem\",\"position\":1,\"name\":\"Home\",\"item\":\"https:\\\/\\\/novatec.com.mx\\\/en\\\/\"},{\"@type\":\"ListItem\",\"position\":2,\"name\":\"Shop\",\"item\":\"https:\\\/\\\/novatec.com.mx\\\/tienda\\\/\"},{\"@type\":\"ListItem\",\"position\":3,\"name\":\"VICTORIA PLASTIC BIN\"}]},{\"@type\":\"WebSite\",\"@id\":\"https:\\\/\\\/novatec.com.mx\\\/en\\\/#website\",\"url\":\"https:\\\/\\\/novatec.com.mx\\\/en\\\/\",\"name\":\"Novatec Pagani\",\"description\":\"Dedicados a la fabricaci\u00f3n de cajas de pl\u00e1stico, pallets, cubetas y equipo av\u00edcola, orientados a la distribuci\u00f3n y almacenaje de productos.\",\"publisher\":{\"@id\":\"https:\\\/\\\/novatec.com.mx\\\/en\\\/#organization\"},\"alternateName\":\"Novatec\",\"potentialAction\":[{\"@type\":\"SearchAction\",\"target\":{\"@type\":\"EntryPoint\",\"urlTemplate\":\"https:\\\/\\\/novatec.com.mx\\\/en\\\/?s={search_term_string}\"},\"query-input\":{\"@type\":\"PropertyValueSpecification\",\"valueRequired\":true,\"valueName\":\"search_term_string\"}}],\"inLanguage\":\"en-US\"},{\"@type\":\"Organization\",\"@id\":\"https:\\\/\\\/novatec.com.mx\\\/en\\\/#organization\",\"name\":\"Novatec Pagani\",\"alternateName\":\"Novatec Pagani\",\"url\":\"https:\\\/\\\/novatec.com.mx\\\/en\\\/\",\"logo\":{\"@type\":\"ImageObject\",\"inLanguage\":\"en-US\",\"@id\":\"https:\\\/\\\/novatec.com.mx\\\/en\\\/#\\\/schema\\\/logo\\\/image\\\/\",\"url\":\"https:\\\/\\\/novatec.com.mx\\\/wp-content\\\/uploads\\\/2025\\\/11\\\/Logo-Novatec-Pagani-e1763657759553.png\",\"contentUrl\":\"https:\\\/\\\/novatec.com.mx\\\/wp-content\\\/uploads\\\/2025\\\/11\\\/Logo-Novatec-Pagani-e1763657759553.png\",\"width\":512,\"height\":512,\"caption\":\"Novatec Pagani\"},\"image\":{\"@id\":\"https:\\\/\\\/novatec.com.mx\\\/en\\\/#\\\/schema\\\/logo\\\/image\\\/\"},\"sameAs\":[\"https:\\\/\\\/www.facebook.com\\\/NovatecPagani\",\"https:\\\/\\\/x.com\\\/novatec_pagani\",\"https:\\\/\\\/www.linkedin.com\\\/company\\\/novatecpagani\\\/\"]}]}<\/script>\n<!-- \/ Yoast SEO plugin. -->","yoast_head_json":{"title":"VICTORIA PLASTIC BIN - Novatec Pagani","robots":{"index":"index","follow":"follow","max-snippet":"max-snippet:-1","max-image-preview":"max-image-preview:large","max-video-preview":"max-video-preview:-1"},"canonical":"https:\/\/novatec.com.mx\/en\/product\/victoria\/","og_locale":"en_US","og_type":"article","og_title":"VICTORIA PLASTIC BIN - Novatec Pagani","og_description":"The Victoria bin features a design conceived to adapt to all your needs, and is ideal for transporting or storing any type of merchandise. It has double lids and holes to place locks. It stacks for space saving. It also has an area to place a label or logo. Capacity: 28 kg Volume: 58 l [&hellip;]","og_url":"https:\/\/novatec.com.mx\/en\/product\/victoria\/","og_site_name":"Novatec Pagani","article_publisher":"https:\/\/www.facebook.com\/NovatecPagani","article_modified_time":"2025-12-15T14:40:23+00:00","og_image":[{"width":591,"height":591,"url":"https:\/\/novatec.com.mx\/wp-content\/uploads\/2021\/03\/victoria.jpg","type":"image\/jpeg"}],"twitter_card":"summary_large_image","twitter_site":"@novatec_pagani","schema":{"@context":"https:\/\/schema.org","@graph":[{"@type":"WebPage","@id":"https:\/\/novatec.com.mx\/en\/product\/victoria\/","url":"https:\/\/novatec.com.mx\/en\/product\/victoria\/","name":"VICTORIA PLASTIC BIN - Novatec Pagani","isPartOf":{"@id":"https:\/\/novatec.com.mx\/en\/#website"},"primaryImageOfPage":{"@id":"https:\/\/novatec.com.mx\/en\/product\/victoria\/#primaryimage"},"image":{"@id":"https:\/\/novatec.com.mx\/en\/product\/victoria\/#primaryimage"},"thumbnailUrl":"https:\/\/novatec.com.mx\/wp-content\/uploads\/2021\/03\/victoria.jpg","datePublished":"2021-03-03T05:47:22+00:00","dateModified":"2025-12-15T14:40:23+00:00","breadcrumb":{"@id":"https:\/\/novatec.com.mx\/en\/product\/victoria\/#breadcrumb"},"inLanguage":"en-US","potentialAction":[{"@type":"ReadAction","target":["https:\/\/novatec.com.mx\/en\/product\/victoria\/"]}]},{"@type":"ImageObject","inLanguage":"en-US","@id":"https:\/\/novatec.com.mx\/en\/product\/victoria\/#primaryimage","url":"https:\/\/novatec.com.mx\/wp-content\/uploads\/2021\/03\/victoria.jpg","contentUrl":"https:\/\/novatec.com.mx\/wp-content\/uploads\/2021\/03\/victoria.jpg","width":591,"height":591,"caption":"victoria bin"},{"@type":"BreadcrumbList","@id":"https:\/\/novatec.com.mx\/en\/product\/victoria\/#breadcrumb","itemListElement":[{"@type":"ListItem","position":1,"name":"Home","item":"https:\/\/novatec.com.mx\/en\/"},{"@type":"ListItem","position":2,"name":"Shop","item":"https:\/\/novatec.com.mx\/tienda\/"},{"@type":"ListItem","position":3,"name":"VICTORIA PLASTIC BIN"}]},{"@type":"WebSite","@id":"https:\/\/novatec.com.mx\/en\/#website","url":"https:\/\/novatec.com.mx\/en\/","name":"Novatec Pagani","description":"Dedicados a la fabricaci\u00f3n de cajas de pl\u00e1stico, pallets, cubetas y equipo av\u00edcola, orientados a la distribuci\u00f3n y almacenaje de productos.","publisher":{"@id":"https:\/\/novatec.com.mx\/en\/#organization"},"alternateName":"Novatec","potentialAction":[{"@type":"SearchAction","target":{"@type":"EntryPoint","urlTemplate":"https:\/\/novatec.com.mx\/en\/?s={search_term_string}"},"query-input":{"@type":"PropertyValueSpecification","valueRequired":true,"valueName":"search_term_string"}}],"inLanguage":"en-US"},{"@type":"Organization","@id":"https:\/\/novatec.com.mx\/en\/#organization","name":"Novatec Pagani","alternateName":"Novatec Pagani","url":"https:\/\/novatec.com.mx\/en\/","logo":{"@type":"ImageObject","inLanguage":"en-US","@id":"https:\/\/novatec.com.mx\/en\/#\/schema\/logo\/image\/","url":"https:\/\/novatec.com.mx\/wp-content\/uploads\/2025\/11\/Logo-Novatec-Pagani-e1763657759553.png","contentUrl":"https:\/\/novatec.com.mx\/wp-content\/uploads\/2025\/11\/Logo-Novatec-Pagani-e1763657759553.png","width":512,"height":512,"caption":"Novatec Pagani"},"image":{"@id":"https:\/\/novatec.com.mx\/en\/#\/schema\/logo\/image\/"},"sameAs":["https:\/\/www.facebook.com\/NovatecPagani","https:\/\/x.com\/novatec_pagani","https:\/\/www.linkedin.com\/company\/novatecpagani\/"]}]}},"_links":{"self":[{"href":"https:\/\/novatec.com.mx\/en\/wp-json\/wp\/v2\/product\/3432","targetHints":{"allow":["GET"]}}],"collection":[{"href":"https:\/\/novatec.com.mx\/en\/wp-json\/wp\/v2\/product"}],"about":[{"href":"https:\/\/novatec.com.mx\/en\/wp-json\/wp\/v2\/types\/product"}],"replies":[{"embeddable":true,"href":"https:\/\/novatec.com.mx\/en\/wp-json\/wp\/v2\/comments?post=3432"}],"wp:featuredmedia":[{"embeddable":true,"href":"https:\/\/novatec.com.mx\/en\/wp-json\/wp\/v2\/media\/3310"}],"wp:attachment":[{"href":"https:\/\/novatec.com.mx\/en\/wp-json\/wp\/v2\/media?parent=3432"}],"wp:term":[{"taxonomy":"product_brand","embeddable":true,"href":"https:\/\/novatec.com.mx\/en\/wp-json\/wp\/v2\/product_brand?post=3432"},{"taxonomy":"product_cat","embeddable":true,"href":"https:\/\/novatec.com.mx\/en\/wp-json\/wp\/v2\/product_cat?post=3432"},{"taxonomy":"product_tag","embeddable":true,"href":"https:\/\/novatec.com.mx\/en\/wp-json\/wp\/v2\/product_tag?post=3432"}],"curies":[{"name":"wp","href":"https:\/\/api.w.org\/{rel}","templated":true}]}}