{"id":3434,"date":"2021-03-03T00:03:47","date_gmt":"2021-03-03T06:03:47","guid":{"rendered":"http:\/\/www.novatec.com.mx\/producto\/tampico-plus\/"},"modified":"2025-12-15T08:40:26","modified_gmt":"2025-12-15T14:40:26","slug":"tampico-plus-plastic-box","status":"publish","type":"product","link":"https:\/\/novatec.com.mx\/en\/product\/tampico-plus-plastic-box\/","title":{"rendered":"TAMPICO PLUS PLASTIC BOX"},"content":{"rendered":"<div><span style=\"color: #000000;\">The <b>Tampico plus<\/b> box has a design conceived to adapt to all your needs. It is ideal for t<b>ransporting<\/b> or <b>storing<\/b> any type of merchandise. It has <b> <\/b><b>double lids<\/b> and holes for placing <b>locks<\/b>. Nests for <b>space saving<\/b>. It also has an area to place a label or logo.  <\/span><\/div>\n<div><span style=\"color: #000000;\"><br \/>\n<\/span><\/p>\n<ul>\n<li><span style=\"color: #000000;\">Capacity: 20 kg<\/span><\/li>\n<li><span style=\"color: #000000;\">Volume: 26 lt<\/span><\/li>\n<li><span style=\"color: #000000;\">Exterior dimensions: 50x30x21h cm<\/span><\/li>\n<li><span style=\"color: #000000;\">Upper interior dimensions: 4525\u00d720.5 cm<\/span><\/li>\n<li><span style=\"color: #000000;\">Lower interior dimensions: 41.2\u00d721.9\u00d720.5h cm<\/span><\/li>\n<li><span style=\"color: #000000;\">Content 20: 2,500<\/span><\/li>\n<li><span style=\"color: #000000;\">Content 40: 5,600<\/span><\/li>\n<li><span style=\"color: #000000;\">Torton 22: 2,750<\/span><\/li>\n<li><span style=\"color: #000000;\">Trailer 48: 8,300<\/span><\/li>\n<li><span style=\"color: #000000;\">FFCC Wagon: 12,000<\/span><\/li>\n<\/ul>\n<\/div>\n<div><span style=\"color: #000000;\">Available colors:<\/span><\/div>\n<div>\n<ul>\n<li><span style=\"color: #000000;\">Blue<\/span><\/li>\n<li><span style=\"color: #000000;\">Gray<\/span><\/li>\n<\/ul>\n<p><a title=\"Tampico plus box brochure\" href=\"\/wp-content\/uploads\/2021\/02\/Distribucion-Novatec-OK.pdf\" target=\"_blank\" rel=\"noopener\">Click here to view brochure.<\/a><\/p>\n<\/div>\n","protected":false},"excerpt":{"rendered":"<p>The Tampico plus box has a design conceived to adapt to all your needs. It is ideal for transporting or storing any type of merchandise. It has double lids and holes for placing locks. Nests for space saving. It also has an area to place a label or logo. Capacity: 20 kg Volume: 26 lt [&hellip;]<\/p>\n","protected":false},"featured_media":5004,"comment_status":"open","ping_status":"closed","template":"","meta":{"_et_pb_use_builder":"","_et_pb_old_content":"","_et_gb_content_width":"","_vp_format_video_url":"","_vp_image_focal_point":[],"_joinchat":[]},"product_brand":[],"product_cat":[40,69,39],"product_tag":[],"class_list":{"0":"post-3434","1":"product","2":"type-product","3":"status-publish","4":"has-post-thumbnail","6":"product_cat-for-distribution","7":"product_cat-for-the-industry","8":"product_cat-plastic-containers","10":"first","11":"instock","12":"shipping-taxable","13":"product-type-simple"},"yoast_head":"<!-- This site is optimized with the Yoast SEO plugin v27.3 - https:\/\/yoast.com\/product\/yoast-seo-wordpress\/ -->\n<title>TAMPICO PLUS PLASTIC BOX - Novatec Pagani<\/title>\n<meta name=\"robots\" content=\"index, follow, max-snippet:-1, max-image-preview:large, max-video-preview:-1\" \/>\n<link rel=\"canonical\" href=\"https:\/\/novatec.com.mx\/en\/product\/tampico-plus-plastic-box\/\" \/>\n<meta property=\"og:locale\" content=\"en_US\" \/>\n<meta property=\"og:type\" content=\"article\" \/>\n<meta property=\"og:title\" content=\"TAMPICO PLUS PLASTIC BOX - Novatec Pagani\" \/>\n<meta property=\"og:description\" content=\"The Tampico plus box has a design conceived to adapt to all your needs. It is ideal for transporting or storing any type of merchandise. It has double lids and holes for placing locks. Nests for space saving. It also has an area to place a label or logo. Capacity: 20 kg Volume: 26 lt [&hellip;]\" \/>\n<meta property=\"og:url\" content=\"https:\/\/novatec.com.mx\/en\/product\/tampico-plus-plastic-box\/\" \/>\n<meta property=\"og:site_name\" content=\"Novatec Pagani\" \/>\n<meta property=\"article:publisher\" content=\"https:\/\/www.facebook.com\/NovatecPagani\" \/>\n<meta property=\"article:modified_time\" content=\"2025-12-15T14:40:26+00:00\" \/>\n<meta property=\"og:image\" content=\"https:\/\/novatec.com.mx\/wp-content\/uploads\/2021\/03\/tampicoplus-1.jpg\" \/>\n\t<meta property=\"og:image:width\" content=\"591\" \/>\n\t<meta property=\"og:image:height\" content=\"591\" \/>\n\t<meta property=\"og:image:type\" content=\"image\/jpeg\" \/>\n<meta name=\"twitter:card\" content=\"summary_large_image\" \/>\n<meta name=\"twitter:site\" content=\"@novatec_pagani\" \/>\n<script type=\"application\/ld+json\" class=\"yoast-schema-graph\">{\"@context\":\"https:\\\/\\\/schema.org\",\"@graph\":[{\"@type\":\"WebPage\",\"@id\":\"https:\\\/\\\/novatec.com.mx\\\/en\\\/product\\\/tampico-plus-plastic-box\\\/\",\"url\":\"https:\\\/\\\/novatec.com.mx\\\/en\\\/product\\\/tampico-plus-plastic-box\\\/\",\"name\":\"TAMPICO PLUS PLASTIC BOX - Novatec Pagani\",\"isPartOf\":{\"@id\":\"https:\\\/\\\/novatec.com.mx\\\/en\\\/#website\"},\"primaryImageOfPage\":{\"@id\":\"https:\\\/\\\/novatec.com.mx\\\/en\\\/product\\\/tampico-plus-plastic-box\\\/#primaryimage\"},\"image\":{\"@id\":\"https:\\\/\\\/novatec.com.mx\\\/en\\\/product\\\/tampico-plus-plastic-box\\\/#primaryimage\"},\"thumbnailUrl\":\"https:\\\/\\\/novatec.com.mx\\\/wp-content\\\/uploads\\\/2021\\\/03\\\/tampicoplus-1.jpg\",\"datePublished\":\"2021-03-03T06:03:47+00:00\",\"dateModified\":\"2025-12-15T14:40:26+00:00\",\"breadcrumb\":{\"@id\":\"https:\\\/\\\/novatec.com.mx\\\/en\\\/product\\\/tampico-plus-plastic-box\\\/#breadcrumb\"},\"inLanguage\":\"en-US\",\"potentialAction\":[{\"@type\":\"ReadAction\",\"target\":[\"https:\\\/\\\/novatec.com.mx\\\/en\\\/product\\\/tampico-plus-plastic-box\\\/\"]}]},{\"@type\":\"ImageObject\",\"inLanguage\":\"en-US\",\"@id\":\"https:\\\/\\\/novatec.com.mx\\\/en\\\/product\\\/tampico-plus-plastic-box\\\/#primaryimage\",\"url\":\"https:\\\/\\\/novatec.com.mx\\\/wp-content\\\/uploads\\\/2021\\\/03\\\/tampicoplus-1.jpg\",\"contentUrl\":\"https:\\\/\\\/novatec.com.mx\\\/wp-content\\\/uploads\\\/2021\\\/03\\\/tampicoplus-1.jpg\",\"width\":591,\"height\":591},{\"@type\":\"BreadcrumbList\",\"@id\":\"https:\\\/\\\/novatec.com.mx\\\/en\\\/product\\\/tampico-plus-plastic-box\\\/#breadcrumb\",\"itemListElement\":[{\"@type\":\"ListItem\",\"position\":1,\"name\":\"Home\",\"item\":\"https:\\\/\\\/novatec.com.mx\\\/en\\\/\"},{\"@type\":\"ListItem\",\"position\":2,\"name\":\"Shop\",\"item\":\"https:\\\/\\\/novatec.com.mx\\\/tienda\\\/\"},{\"@type\":\"ListItem\",\"position\":3,\"name\":\"TAMPICO PLUS PLASTIC BOX\"}]},{\"@type\":\"WebSite\",\"@id\":\"https:\\\/\\\/novatec.com.mx\\\/en\\\/#website\",\"url\":\"https:\\\/\\\/novatec.com.mx\\\/en\\\/\",\"name\":\"Novatec Pagani\",\"description\":\"Dedicados a la fabricaci\u00f3n de cajas de pl\u00e1stico, pallets, cubetas y equipo av\u00edcola, orientados a la distribuci\u00f3n y almacenaje de productos.\",\"publisher\":{\"@id\":\"https:\\\/\\\/novatec.com.mx\\\/en\\\/#organization\"},\"alternateName\":\"Novatec\",\"potentialAction\":[{\"@type\":\"SearchAction\",\"target\":{\"@type\":\"EntryPoint\",\"urlTemplate\":\"https:\\\/\\\/novatec.com.mx\\\/en\\\/?s={search_term_string}\"},\"query-input\":{\"@type\":\"PropertyValueSpecification\",\"valueRequired\":true,\"valueName\":\"search_term_string\"}}],\"inLanguage\":\"en-US\"},{\"@type\":\"Organization\",\"@id\":\"https:\\\/\\\/novatec.com.mx\\\/en\\\/#organization\",\"name\":\"Novatec Pagani\",\"alternateName\":\"Novatec Pagani\",\"url\":\"https:\\\/\\\/novatec.com.mx\\\/en\\\/\",\"logo\":{\"@type\":\"ImageObject\",\"inLanguage\":\"en-US\",\"@id\":\"https:\\\/\\\/novatec.com.mx\\\/en\\\/#\\\/schema\\\/logo\\\/image\\\/\",\"url\":\"https:\\\/\\\/novatec.com.mx\\\/wp-content\\\/uploads\\\/2025\\\/11\\\/Logo-Novatec-Pagani-e1763657759553.png\",\"contentUrl\":\"https:\\\/\\\/novatec.com.mx\\\/wp-content\\\/uploads\\\/2025\\\/11\\\/Logo-Novatec-Pagani-e1763657759553.png\",\"width\":512,\"height\":512,\"caption\":\"Novatec Pagani\"},\"image\":{\"@id\":\"https:\\\/\\\/novatec.com.mx\\\/en\\\/#\\\/schema\\\/logo\\\/image\\\/\"},\"sameAs\":[\"https:\\\/\\\/www.facebook.com\\\/NovatecPagani\",\"https:\\\/\\\/x.com\\\/novatec_pagani\",\"https:\\\/\\\/www.linkedin.com\\\/company\\\/novatecpagani\\\/\"]}]}<\/script>\n<!-- \/ Yoast SEO plugin. -->","yoast_head_json":{"title":"TAMPICO PLUS PLASTIC BOX - Novatec Pagani","robots":{"index":"index","follow":"follow","max-snippet":"max-snippet:-1","max-image-preview":"max-image-preview:large","max-video-preview":"max-video-preview:-1"},"canonical":"https:\/\/novatec.com.mx\/en\/product\/tampico-plus-plastic-box\/","og_locale":"en_US","og_type":"article","og_title":"TAMPICO PLUS PLASTIC BOX - Novatec Pagani","og_description":"The Tampico plus box has a design conceived to adapt to all your needs. It is ideal for transporting or storing any type of merchandise. It has double lids and holes for placing locks. Nests for space saving. It also has an area to place a label or logo. Capacity: 20 kg Volume: 26 lt [&hellip;]","og_url":"https:\/\/novatec.com.mx\/en\/product\/tampico-plus-plastic-box\/","og_site_name":"Novatec Pagani","article_publisher":"https:\/\/www.facebook.com\/NovatecPagani","article_modified_time":"2025-12-15T14:40:26+00:00","og_image":[{"width":591,"height":591,"url":"https:\/\/novatec.com.mx\/wp-content\/uploads\/2021\/03\/tampicoplus-1.jpg","type":"image\/jpeg"}],"twitter_card":"summary_large_image","twitter_site":"@novatec_pagani","schema":{"@context":"https:\/\/schema.org","@graph":[{"@type":"WebPage","@id":"https:\/\/novatec.com.mx\/en\/product\/tampico-plus-plastic-box\/","url":"https:\/\/novatec.com.mx\/en\/product\/tampico-plus-plastic-box\/","name":"TAMPICO PLUS PLASTIC BOX - Novatec Pagani","isPartOf":{"@id":"https:\/\/novatec.com.mx\/en\/#website"},"primaryImageOfPage":{"@id":"https:\/\/novatec.com.mx\/en\/product\/tampico-plus-plastic-box\/#primaryimage"},"image":{"@id":"https:\/\/novatec.com.mx\/en\/product\/tampico-plus-plastic-box\/#primaryimage"},"thumbnailUrl":"https:\/\/novatec.com.mx\/wp-content\/uploads\/2021\/03\/tampicoplus-1.jpg","datePublished":"2021-03-03T06:03:47+00:00","dateModified":"2025-12-15T14:40:26+00:00","breadcrumb":{"@id":"https:\/\/novatec.com.mx\/en\/product\/tampico-plus-plastic-box\/#breadcrumb"},"inLanguage":"en-US","potentialAction":[{"@type":"ReadAction","target":["https:\/\/novatec.com.mx\/en\/product\/tampico-plus-plastic-box\/"]}]},{"@type":"ImageObject","inLanguage":"en-US","@id":"https:\/\/novatec.com.mx\/en\/product\/tampico-plus-plastic-box\/#primaryimage","url":"https:\/\/novatec.com.mx\/wp-content\/uploads\/2021\/03\/tampicoplus-1.jpg","contentUrl":"https:\/\/novatec.com.mx\/wp-content\/uploads\/2021\/03\/tampicoplus-1.jpg","width":591,"height":591},{"@type":"BreadcrumbList","@id":"https:\/\/novatec.com.mx\/en\/product\/tampico-plus-plastic-box\/#breadcrumb","itemListElement":[{"@type":"ListItem","position":1,"name":"Home","item":"https:\/\/novatec.com.mx\/en\/"},{"@type":"ListItem","position":2,"name":"Shop","item":"https:\/\/novatec.com.mx\/tienda\/"},{"@type":"ListItem","position":3,"name":"TAMPICO PLUS PLASTIC BOX"}]},{"@type":"WebSite","@id":"https:\/\/novatec.com.mx\/en\/#website","url":"https:\/\/novatec.com.mx\/en\/","name":"Novatec Pagani","description":"Dedicados a la fabricaci\u00f3n de cajas de pl\u00e1stico, pallets, cubetas y equipo av\u00edcola, orientados a la distribuci\u00f3n y almacenaje de productos.","publisher":{"@id":"https:\/\/novatec.com.mx\/en\/#organization"},"alternateName":"Novatec","potentialAction":[{"@type":"SearchAction","target":{"@type":"EntryPoint","urlTemplate":"https:\/\/novatec.com.mx\/en\/?s={search_term_string}"},"query-input":{"@type":"PropertyValueSpecification","valueRequired":true,"valueName":"search_term_string"}}],"inLanguage":"en-US"},{"@type":"Organization","@id":"https:\/\/novatec.com.mx\/en\/#organization","name":"Novatec Pagani","alternateName":"Novatec Pagani","url":"https:\/\/novatec.com.mx\/en\/","logo":{"@type":"ImageObject","inLanguage":"en-US","@id":"https:\/\/novatec.com.mx\/en\/#\/schema\/logo\/image\/","url":"https:\/\/novatec.com.mx\/wp-content\/uploads\/2025\/11\/Logo-Novatec-Pagani-e1763657759553.png","contentUrl":"https:\/\/novatec.com.mx\/wp-content\/uploads\/2025\/11\/Logo-Novatec-Pagani-e1763657759553.png","width":512,"height":512,"caption":"Novatec Pagani"},"image":{"@id":"https:\/\/novatec.com.mx\/en\/#\/schema\/logo\/image\/"},"sameAs":["https:\/\/www.facebook.com\/NovatecPagani","https:\/\/x.com\/novatec_pagani","https:\/\/www.linkedin.com\/company\/novatecpagani\/"]}]}},"_links":{"self":[{"href":"https:\/\/novatec.com.mx\/en\/wp-json\/wp\/v2\/product\/3434","targetHints":{"allow":["GET"]}}],"collection":[{"href":"https:\/\/novatec.com.mx\/en\/wp-json\/wp\/v2\/product"}],"about":[{"href":"https:\/\/novatec.com.mx\/en\/wp-json\/wp\/v2\/types\/product"}],"replies":[{"embeddable":true,"href":"https:\/\/novatec.com.mx\/en\/wp-json\/wp\/v2\/comments?post=3434"}],"wp:featuredmedia":[{"embeddable":true,"href":"https:\/\/novatec.com.mx\/en\/wp-json\/wp\/v2\/media\/5004"}],"wp:attachment":[{"href":"https:\/\/novatec.com.mx\/en\/wp-json\/wp\/v2\/media?parent=3434"}],"wp:term":[{"taxonomy":"product_brand","embeddable":true,"href":"https:\/\/novatec.com.mx\/en\/wp-json\/wp\/v2\/product_brand?post=3434"},{"taxonomy":"product_cat","embeddable":true,"href":"https:\/\/novatec.com.mx\/en\/wp-json\/wp\/v2\/product_cat?post=3434"},{"taxonomy":"product_tag","embeddable":true,"href":"https:\/\/novatec.com.mx\/en\/wp-json\/wp\/v2\/product_tag?post=3434"}],"curies":[{"name":"wp","href":"https:\/\/api.w.org\/{rel}","templated":true}]}}