{"id":3654,"date":"2021-03-13T09:41:35","date_gmt":"2021-03-13T15:41:35","guid":{"rendered":"http:\/\/www.novatec.com.mx\/producto\/zamora-18-plastic-box\/"},"modified":"2025-12-15T08:41:19","modified_gmt":"2025-12-15T14:41:19","slug":"zamora-18-plastic-box","status":"publish","type":"product","link":"https:\/\/novatec.com.mx\/en\/product\/zamora-18-plastic-box\/","title":{"rendered":"ZAMORA 18 PLASTIC BOX"},"content":{"rendered":"<div>\n<div>Thanks to its <b>high<\/b> <b>resistance<\/b> and <b>design<\/b>, the<b> <\/b><b>Zamora 18 box<\/b> is <b>ideal<\/b><span style=\"color: #000000; font-family: Roboto, sans-serif;\"><b> for any industry<\/b>. When empty, it allows for <b>space saving<\/b>, which helps to reduce costs. <b>Stackable<\/b> with or without a lid.<\/span> <span style=\"color: #000000;\"><br \/>\n<\/span><\/div>\n<div><\/div>\n<ul>\n<li><span style=\"color: #000000;\">Capacity: 27 kg<\/span><\/li>\n<li><span style=\"color: #000000;\">Volume: 31 l<\/span><\/li>\n<li><span style=\"color: #000000;\">External dimensions: 60 x 40 x 18h cm<\/span><\/li>\n<li><span style=\"color: #000000;\">Upper internal dimensions: 52 x 37 x 16.5h cm<\/span><\/li>\n<li><span style=\"color: #000000;\">Lower internal dimensions: 49 x 33.8 x 16.5h cm<\/span><\/li>\n<li><span style=\"color: #000000;\">Versions: closed or perforated with lid<\/span><\/li>\n<li><span style=\"color: #000000;\">Packaging Type: Rowed<\/span><\/li>\n<\/ul>\n<\/div>\n<div><span style=\"color: #000000;\"><b>Available colors:<\/b><\/span><\/div>\n<div>\n<ul>\n<li><span style=\"color: #000000;\">Consult available colors<\/span><\/li>\n<\/ul>\n<\/div>\n<div><a title=\"Zamora Brochure\" href=\"http:\/\/www.novatec.com.mx\/wp-content\/uploads\/2021\/02\/Diptico-Morelias-Novatec-OK.pdf\" target=\"_blank\" rel=\"noopener\">Click here to view brochure.<\/a><\/div>\n","protected":false},"excerpt":{"rendered":"<p>Thanks to its high resistance and design, the Zamora 18 box is ideal for any industry. When empty, it allows for space saving, which helps to reduce costs. Stackable with or without a lid. Capacity: 27 kg Volume: 31 l External dimensions: 60 x 40 x 18h cm Upper internal dimensions: 52 x 37 x [&hellip;]<\/p>\n","protected":false},"featured_media":3498,"comment_status":"open","ping_status":"closed","template":"","meta":{"_et_pb_use_builder":"on","_et_pb_old_content":"<div>\n<div>Thanks to its <b>high<\/b> <b>resistance<\/b> and <b>design<\/b>, the<b> <\/b><b>Zamora 18 box<\/b> is <b>ideal<\/b><span style=\"color: #000000; font-family: Roboto, sans-serif;\"><b> for any industry<\/b>. When empty, it allows for <b>space saving<\/b>, which helps to reduce costs. <b>Stackable<\/b> with or without a lid.<\/span> <span style=\"color: #000000;\">\n<\/span><\/div>\n<div><\/div>\n<ul>\n \t<li><span style=\"color: #000000;\">Capacity: 27 kg<\/span><\/li>\n \t<li><span style=\"color: #000000;\">Volume: 31 l<\/span><\/li>\n \t<li><span style=\"color: #000000;\">External dimensions: 60 x 40 x 18h cm<\/span><\/li>\n \t<li><span style=\"color: #000000;\">Upper internal dimensions: 52 x 37 x 16.5h cm<\/span><\/li>\n \t<li><span style=\"color: #000000;\">Lower internal dimensions: 49 x 33.8 x 16.5h cm<\/span><\/li>\n \t<li><span style=\"color: #000000;\">Versions: closed or perforated with lid<\/span><\/li>\n \t<li><span style=\"color: #000000;\">Packaging Type: Rowed<\/span><\/li>\n<\/ul>\n<\/div>\n<div><span style=\"color: #000000;\"><b>Available colors:<\/b><\/span><\/div>\n<div>\n<ul>\n \t<li><span style=\"color: #000000;\">Consult available colors<\/span><\/li>\n<\/ul>\n<\/div>\n<div><a title=\"Zamora Brochure\" href=\"http:\/\/www.novatec.com.mx\/wp-content\/uploads\/2021\/02\/Diptico-Morelias-Novatec-OK.pdf\" target=\"_blank\" rel=\"noopener\">Click here to view brochure.<\/a><\/div>","_et_gb_content_width":"","_vp_format_video_url":"","_vp_image_focal_point":[],"_joinchat":[]},"product_brand":[],"product_cat":[69,39],"product_tag":[],"class_list":{"0":"post-3654","1":"product","2":"type-product","3":"status-publish","4":"has-post-thumbnail","6":"product_cat-for-the-industry","7":"product_cat-plastic-containers","9":"first","10":"instock","11":"shipping-taxable","12":"product-type-simple"},"yoast_head":"<!-- This site is optimized with the Yoast SEO plugin v27.3 - https:\/\/yoast.com\/product\/yoast-seo-wordpress\/ -->\n<title>ZAMORA 18 PLASTIC BOX - Novatec Pagani<\/title>\n<meta name=\"robots\" content=\"index, follow, max-snippet:-1, max-image-preview:large, max-video-preview:-1\" \/>\n<link rel=\"canonical\" href=\"https:\/\/novatec.com.mx\/en\/product\/zamora-18-plastic-box\/\" \/>\n<meta property=\"og:locale\" content=\"en_US\" \/>\n<meta property=\"og:type\" content=\"article\" \/>\n<meta property=\"og:title\" content=\"ZAMORA 18 PLASTIC BOX - Novatec Pagani\" \/>\n<meta property=\"og:description\" content=\"Thanks to its high resistance and design, the Zamora 18 box is ideal for any industry. When empty, it allows for space saving, which helps to reduce costs. Stackable with or without a lid. Capacity: 27 kg Volume: 31 l External dimensions: 60 x 40 x 18h cm Upper internal dimensions: 52 x 37 x [&hellip;]\" \/>\n<meta property=\"og:url\" content=\"https:\/\/novatec.com.mx\/en\/product\/zamora-18-plastic-box\/\" \/>\n<meta property=\"og:site_name\" content=\"Novatec Pagani\" \/>\n<meta property=\"article:publisher\" content=\"https:\/\/www.facebook.com\/NovatecPagani\" \/>\n<meta property=\"article:modified_time\" content=\"2025-12-15T14:41:19+00:00\" \/>\n<meta property=\"og:image\" content=\"https:\/\/novatec.com.mx\/wp-content\/uploads\/2021\/03\/zamora18.jpg\" \/>\n\t<meta property=\"og:image:width\" content=\"591\" \/>\n\t<meta property=\"og:image:height\" content=\"591\" \/>\n\t<meta property=\"og:image:type\" content=\"image\/jpeg\" \/>\n<meta name=\"twitter:card\" content=\"summary_large_image\" \/>\n<meta name=\"twitter:site\" content=\"@novatec_pagani\" \/>\n<script type=\"application\/ld+json\" class=\"yoast-schema-graph\">{\"@context\":\"https:\\\/\\\/schema.org\",\"@graph\":[{\"@type\":\"WebPage\",\"@id\":\"https:\\\/\\\/novatec.com.mx\\\/en\\\/product\\\/zamora-18-plastic-box\\\/\",\"url\":\"https:\\\/\\\/novatec.com.mx\\\/en\\\/product\\\/zamora-18-plastic-box\\\/\",\"name\":\"ZAMORA 18 PLASTIC BOX - Novatec Pagani\",\"isPartOf\":{\"@id\":\"https:\\\/\\\/novatec.com.mx\\\/en\\\/#website\"},\"primaryImageOfPage\":{\"@id\":\"https:\\\/\\\/novatec.com.mx\\\/en\\\/product\\\/zamora-18-plastic-box\\\/#primaryimage\"},\"image\":{\"@id\":\"https:\\\/\\\/novatec.com.mx\\\/en\\\/product\\\/zamora-18-plastic-box\\\/#primaryimage\"},\"thumbnailUrl\":\"https:\\\/\\\/novatec.com.mx\\\/wp-content\\\/uploads\\\/2021\\\/03\\\/zamora18.jpg\",\"datePublished\":\"2021-03-13T15:41:35+00:00\",\"dateModified\":\"2025-12-15T14:41:19+00:00\",\"breadcrumb\":{\"@id\":\"https:\\\/\\\/novatec.com.mx\\\/en\\\/product\\\/zamora-18-plastic-box\\\/#breadcrumb\"},\"inLanguage\":\"en-US\",\"potentialAction\":[{\"@type\":\"ReadAction\",\"target\":[\"https:\\\/\\\/novatec.com.mx\\\/en\\\/product\\\/zamora-18-plastic-box\\\/\"]}]},{\"@type\":\"ImageObject\",\"inLanguage\":\"en-US\",\"@id\":\"https:\\\/\\\/novatec.com.mx\\\/en\\\/product\\\/zamora-18-plastic-box\\\/#primaryimage\",\"url\":\"https:\\\/\\\/novatec.com.mx\\\/wp-content\\\/uploads\\\/2021\\\/03\\\/zamora18.jpg\",\"contentUrl\":\"https:\\\/\\\/novatec.com.mx\\\/wp-content\\\/uploads\\\/2021\\\/03\\\/zamora18.jpg\",\"width\":591,\"height\":591,\"caption\":\"zamora 18 box\"},{\"@type\":\"BreadcrumbList\",\"@id\":\"https:\\\/\\\/novatec.com.mx\\\/en\\\/product\\\/zamora-18-plastic-box\\\/#breadcrumb\",\"itemListElement\":[{\"@type\":\"ListItem\",\"position\":1,\"name\":\"Home\",\"item\":\"https:\\\/\\\/novatec.com.mx\\\/en\\\/\"},{\"@type\":\"ListItem\",\"position\":2,\"name\":\"Shop\",\"item\":\"https:\\\/\\\/novatec.com.mx\\\/tienda\\\/\"},{\"@type\":\"ListItem\",\"position\":3,\"name\":\"ZAMORA 18 PLASTIC BOX\"}]},{\"@type\":\"WebSite\",\"@id\":\"https:\\\/\\\/novatec.com.mx\\\/en\\\/#website\",\"url\":\"https:\\\/\\\/novatec.com.mx\\\/en\\\/\",\"name\":\"Novatec Pagani\",\"description\":\"Dedicados a la fabricaci\u00f3n de cajas de pl\u00e1stico, pallets, cubetas y equipo av\u00edcola, orientados a la distribuci\u00f3n y almacenaje de productos.\",\"publisher\":{\"@id\":\"https:\\\/\\\/novatec.com.mx\\\/en\\\/#organization\"},\"alternateName\":\"Novatec\",\"potentialAction\":[{\"@type\":\"SearchAction\",\"target\":{\"@type\":\"EntryPoint\",\"urlTemplate\":\"https:\\\/\\\/novatec.com.mx\\\/en\\\/?s={search_term_string}\"},\"query-input\":{\"@type\":\"PropertyValueSpecification\",\"valueRequired\":true,\"valueName\":\"search_term_string\"}}],\"inLanguage\":\"en-US\"},{\"@type\":\"Organization\",\"@id\":\"https:\\\/\\\/novatec.com.mx\\\/en\\\/#organization\",\"name\":\"Novatec Pagani\",\"alternateName\":\"Novatec Pagani\",\"url\":\"https:\\\/\\\/novatec.com.mx\\\/en\\\/\",\"logo\":{\"@type\":\"ImageObject\",\"inLanguage\":\"en-US\",\"@id\":\"https:\\\/\\\/novatec.com.mx\\\/en\\\/#\\\/schema\\\/logo\\\/image\\\/\",\"url\":\"https:\\\/\\\/novatec.com.mx\\\/wp-content\\\/uploads\\\/2025\\\/11\\\/Logo-Novatec-Pagani-e1763657759553.png\",\"contentUrl\":\"https:\\\/\\\/novatec.com.mx\\\/wp-content\\\/uploads\\\/2025\\\/11\\\/Logo-Novatec-Pagani-e1763657759553.png\",\"width\":512,\"height\":512,\"caption\":\"Novatec Pagani\"},\"image\":{\"@id\":\"https:\\\/\\\/novatec.com.mx\\\/en\\\/#\\\/schema\\\/logo\\\/image\\\/\"},\"sameAs\":[\"https:\\\/\\\/www.facebook.com\\\/NovatecPagani\",\"https:\\\/\\\/x.com\\\/novatec_pagani\",\"https:\\\/\\\/www.linkedin.com\\\/company\\\/novatecpagani\\\/\"]}]}<\/script>\n<!-- \/ Yoast SEO plugin. -->","yoast_head_json":{"title":"ZAMORA 18 PLASTIC BOX - Novatec Pagani","robots":{"index":"index","follow":"follow","max-snippet":"max-snippet:-1","max-image-preview":"max-image-preview:large","max-video-preview":"max-video-preview:-1"},"canonical":"https:\/\/novatec.com.mx\/en\/product\/zamora-18-plastic-box\/","og_locale":"en_US","og_type":"article","og_title":"ZAMORA 18 PLASTIC BOX - Novatec Pagani","og_description":"Thanks to its high resistance and design, the Zamora 18 box is ideal for any industry. When empty, it allows for space saving, which helps to reduce costs. Stackable with or without a lid. Capacity: 27 kg Volume: 31 l External dimensions: 60 x 40 x 18h cm Upper internal dimensions: 52 x 37 x [&hellip;]","og_url":"https:\/\/novatec.com.mx\/en\/product\/zamora-18-plastic-box\/","og_site_name":"Novatec Pagani","article_publisher":"https:\/\/www.facebook.com\/NovatecPagani","article_modified_time":"2025-12-15T14:41:19+00:00","og_image":[{"width":591,"height":591,"url":"https:\/\/novatec.com.mx\/wp-content\/uploads\/2021\/03\/zamora18.jpg","type":"image\/jpeg"}],"twitter_card":"summary_large_image","twitter_site":"@novatec_pagani","schema":{"@context":"https:\/\/schema.org","@graph":[{"@type":"WebPage","@id":"https:\/\/novatec.com.mx\/en\/product\/zamora-18-plastic-box\/","url":"https:\/\/novatec.com.mx\/en\/product\/zamora-18-plastic-box\/","name":"ZAMORA 18 PLASTIC BOX - Novatec Pagani","isPartOf":{"@id":"https:\/\/novatec.com.mx\/en\/#website"},"primaryImageOfPage":{"@id":"https:\/\/novatec.com.mx\/en\/product\/zamora-18-plastic-box\/#primaryimage"},"image":{"@id":"https:\/\/novatec.com.mx\/en\/product\/zamora-18-plastic-box\/#primaryimage"},"thumbnailUrl":"https:\/\/novatec.com.mx\/wp-content\/uploads\/2021\/03\/zamora18.jpg","datePublished":"2021-03-13T15:41:35+00:00","dateModified":"2025-12-15T14:41:19+00:00","breadcrumb":{"@id":"https:\/\/novatec.com.mx\/en\/product\/zamora-18-plastic-box\/#breadcrumb"},"inLanguage":"en-US","potentialAction":[{"@type":"ReadAction","target":["https:\/\/novatec.com.mx\/en\/product\/zamora-18-plastic-box\/"]}]},{"@type":"ImageObject","inLanguage":"en-US","@id":"https:\/\/novatec.com.mx\/en\/product\/zamora-18-plastic-box\/#primaryimage","url":"https:\/\/novatec.com.mx\/wp-content\/uploads\/2021\/03\/zamora18.jpg","contentUrl":"https:\/\/novatec.com.mx\/wp-content\/uploads\/2021\/03\/zamora18.jpg","width":591,"height":591,"caption":"zamora 18 box"},{"@type":"BreadcrumbList","@id":"https:\/\/novatec.com.mx\/en\/product\/zamora-18-plastic-box\/#breadcrumb","itemListElement":[{"@type":"ListItem","position":1,"name":"Home","item":"https:\/\/novatec.com.mx\/en\/"},{"@type":"ListItem","position":2,"name":"Shop","item":"https:\/\/novatec.com.mx\/tienda\/"},{"@type":"ListItem","position":3,"name":"ZAMORA 18 PLASTIC BOX"}]},{"@type":"WebSite","@id":"https:\/\/novatec.com.mx\/en\/#website","url":"https:\/\/novatec.com.mx\/en\/","name":"Novatec Pagani","description":"Dedicados a la fabricaci\u00f3n de cajas de pl\u00e1stico, pallets, cubetas y equipo av\u00edcola, orientados a la distribuci\u00f3n y almacenaje de productos.","publisher":{"@id":"https:\/\/novatec.com.mx\/en\/#organization"},"alternateName":"Novatec","potentialAction":[{"@type":"SearchAction","target":{"@type":"EntryPoint","urlTemplate":"https:\/\/novatec.com.mx\/en\/?s={search_term_string}"},"query-input":{"@type":"PropertyValueSpecification","valueRequired":true,"valueName":"search_term_string"}}],"inLanguage":"en-US"},{"@type":"Organization","@id":"https:\/\/novatec.com.mx\/en\/#organization","name":"Novatec Pagani","alternateName":"Novatec Pagani","url":"https:\/\/novatec.com.mx\/en\/","logo":{"@type":"ImageObject","inLanguage":"en-US","@id":"https:\/\/novatec.com.mx\/en\/#\/schema\/logo\/image\/","url":"https:\/\/novatec.com.mx\/wp-content\/uploads\/2025\/11\/Logo-Novatec-Pagani-e1763657759553.png","contentUrl":"https:\/\/novatec.com.mx\/wp-content\/uploads\/2025\/11\/Logo-Novatec-Pagani-e1763657759553.png","width":512,"height":512,"caption":"Novatec Pagani"},"image":{"@id":"https:\/\/novatec.com.mx\/en\/#\/schema\/logo\/image\/"},"sameAs":["https:\/\/www.facebook.com\/NovatecPagani","https:\/\/x.com\/novatec_pagani","https:\/\/www.linkedin.com\/company\/novatecpagani\/"]}]}},"_links":{"self":[{"href":"https:\/\/novatec.com.mx\/en\/wp-json\/wp\/v2\/product\/3654","targetHints":{"allow":["GET"]}}],"collection":[{"href":"https:\/\/novatec.com.mx\/en\/wp-json\/wp\/v2\/product"}],"about":[{"href":"https:\/\/novatec.com.mx\/en\/wp-json\/wp\/v2\/types\/product"}],"replies":[{"embeddable":true,"href":"https:\/\/novatec.com.mx\/en\/wp-json\/wp\/v2\/comments?post=3654"}],"wp:featuredmedia":[{"embeddable":true,"href":"https:\/\/novatec.com.mx\/en\/wp-json\/wp\/v2\/media\/3498"}],"wp:attachment":[{"href":"https:\/\/novatec.com.mx\/en\/wp-json\/wp\/v2\/media?parent=3654"}],"wp:term":[{"taxonomy":"product_brand","embeddable":true,"href":"https:\/\/novatec.com.mx\/en\/wp-json\/wp\/v2\/product_brand?post=3654"},{"taxonomy":"product_cat","embeddable":true,"href":"https:\/\/novatec.com.mx\/en\/wp-json\/wp\/v2\/product_cat?post=3654"},{"taxonomy":"product_tag","embeddable":true,"href":"https:\/\/novatec.com.mx\/en\/wp-json\/wp\/v2\/product_tag?post=3654"}],"curies":[{"name":"wp","href":"https:\/\/api.w.org\/{rel}","templated":true}]}}