{"id":3657,"date":"2021-03-17T23:12:42","date_gmt":"2021-03-18T05:12:42","guid":{"rendered":"http:\/\/www.novatec.com.mx\/producto\/colima-plastic-box\/"},"modified":"2025-12-15T08:40:55","modified_gmt":"2025-12-15T14:40:55","slug":"colima-plastic-box","status":"publish","type":"product","link":"https:\/\/novatec.com.mx\/en\/product\/colima-plastic-box\/","title":{"rendered":"COLIMA PLASTIC CRATE"},"content":{"rendered":"<p><span style=\"color: #000000;\">The Colima plastic crate is ideal for harvesting or transport in the agricultural industry. It is stackable, which allows for great space saving as well as easy handling and cleaning. Thanks to its great design and technology, it has excellent ventilation and is very resistant. It can be customized with a logo in injection or hot stamping.   <\/span><\/p>\n<p data-path-to-node=\"9\">Optimize your supply chain with the <b>Colima plastic crate<\/b>, the plastic engineering solution that combines durability and intelligent design.<\/p>\n<ul data-path-to-node=\"10\">\n<li>\n<p data-path-to-node=\"10,0,0\"><b>Total Versatility:<\/b> Need to transport small parts or bulk products? You decide: <b>Slotted or Closed?<\/b> We have the exact version for your operation. <\/p>\n<\/li>\n<li>\n<p data-path-to-node=\"10,1,0\"><b>Industrial Resistance:<\/b> Manufactured to last. Its reinforced ribs withstand intense daily use with a net load capacity of <b>30 kg<\/b>. <\/p>\n<\/li>\n<li>\n<p data-path-to-node=\"10,2,0\"><b>Efficiency Standard:<\/b> Its dimensions are calculated to maximize space in your transport. Less air, more product. <\/p>\n<\/li>\n<\/ul>\n<div>\n<div>\n<p>Characteristics:<\/p>\n<ul>\n<li><span style=\"color: #000000;\">Capacity: 30 kg<\/span><\/li>\n<li><span style=\"color: #000000;\">External dimensions: 55.5 x 38 x 33h cm<\/span><\/li>\n<li><span style=\"color: #000000;\">Internal dimensions: 53 x 35 x 31h cm<\/span><\/li>\n<li><span style=\"color: #000000;\">Versions: Perforated and closed<\/span><\/li>\n<\/ul>\n<p><span style=\"color: #000000;\">Available colors:<\/span><\/p>\n<\/div>\n<\/div>\n<div>\n<ul>\n<li><span style=\"color: #000000;\">Orange<\/span><\/li>\n<li><span style=\"color: #000000;\">Yellow<\/span><\/li>\n<\/ul>\n<p><span style=\"color: #000000; font-family: Roboto, sans-serif;\"><a title=\"Colima crate brochure\" href=\"http:\/\/www.novatec.com.mx\/wp-content\/uploads\/2021\/02\/Diptico-Agricola-Novatec-OK.pdf\" target=\"_blank\" rel=\"noopener\">Click here to view brochure.<\/a><\/span><\/p>\n<\/div>\n","protected":false},"excerpt":{"rendered":"<p>The Colima plastic crate is ideal for harvesting or transport in the agricultural industry. It is stackable, which allows for great space saving as well as easy handling and cleaning. Thanks to its great design and technology, it has excellent ventilation and is very resistant. It can be customized with a logo in injection or [&hellip;]<\/p>\n","protected":false},"featured_media":3506,"comment_status":"open","ping_status":"closed","template":"","meta":{"_et_pb_use_builder":"","_et_pb_old_content":"","_et_gb_content_width":"","_vp_format_video_url":"","_vp_image_focal_point":[],"_joinchat":[]},"product_brand":[],"product_cat":[70,39],"product_tag":[],"class_list":{"0":"post-3657","1":"product","2":"type-product","3":"status-publish","4":"has-post-thumbnail","6":"product_cat-for-agricultural-sector","7":"product_cat-plastic-containers","9":"first","10":"instock","11":"shipping-taxable","12":"product-type-simple"},"yoast_head":"<!-- This site is optimized with the Yoast SEO plugin v27.3 - https:\/\/yoast.com\/product\/yoast-seo-wordpress\/ -->\n<title>COLIMA PLASTIC CRATE - Novatec Pagani<\/title>\n<meta name=\"description\" content=\"The Colima plastic crate is ideal for harvesting or agricultural transport. It is stackable, allowing for great space saving as well as easy handling and cleaning.\" \/>\n<meta name=\"robots\" content=\"index, follow, max-snippet:-1, max-image-preview:large, max-video-preview:-1\" \/>\n<link rel=\"canonical\" href=\"https:\/\/novatec.com.mx\/en\/product\/colima-plastic-box\/\" \/>\n<meta property=\"og:locale\" content=\"en_US\" \/>\n<meta property=\"og:type\" content=\"article\" \/>\n<meta property=\"og:title\" content=\"COLIMA PLASTIC CRATE - Novatec Pagani\" \/>\n<meta property=\"og:description\" content=\"The Colima plastic crate is ideal for harvesting or agricultural transport. It is stackable, allowing for great space saving as well as easy handling and cleaning.\" \/>\n<meta property=\"og:url\" content=\"https:\/\/novatec.com.mx\/en\/product\/colima-plastic-box\/\" \/>\n<meta property=\"og:site_name\" content=\"Novatec Pagani\" \/>\n<meta property=\"article:publisher\" content=\"https:\/\/www.facebook.com\/NovatecPagani\" \/>\n<meta property=\"article:modified_time\" content=\"2025-12-15T14:40:55+00:00\" \/>\n<meta property=\"og:image\" content=\"https:\/\/novatec.com.mx\/wp-content\/uploads\/2021\/03\/cajas-de-plastico-colima-novatec.jpg\" \/>\n\t<meta property=\"og:image:width\" content=\"591\" \/>\n\t<meta property=\"og:image:height\" content=\"591\" \/>\n\t<meta property=\"og:image:type\" content=\"image\/jpeg\" \/>\n<meta name=\"twitter:card\" content=\"summary_large_image\" \/>\n<meta name=\"twitter:site\" content=\"@novatec_pagani\" \/>\n<meta name=\"twitter:label1\" content=\"Est. reading time\" \/>\n\t<meta name=\"twitter:data1\" content=\"1 minute\" \/>\n<script type=\"application\/ld+json\" class=\"yoast-schema-graph\">{\"@context\":\"https:\\\/\\\/schema.org\",\"@graph\":[{\"@type\":\"WebPage\",\"@id\":\"https:\\\/\\\/novatec.com.mx\\\/en\\\/product\\\/colima-plastic-box\\\/\",\"url\":\"https:\\\/\\\/novatec.com.mx\\\/en\\\/product\\\/colima-plastic-box\\\/\",\"name\":\"COLIMA PLASTIC CRATE - Novatec Pagani\",\"isPartOf\":{\"@id\":\"https:\\\/\\\/novatec.com.mx\\\/en\\\/#website\"},\"primaryImageOfPage\":{\"@id\":\"https:\\\/\\\/novatec.com.mx\\\/en\\\/product\\\/colima-plastic-box\\\/#primaryimage\"},\"image\":{\"@id\":\"https:\\\/\\\/novatec.com.mx\\\/en\\\/product\\\/colima-plastic-box\\\/#primaryimage\"},\"thumbnailUrl\":\"https:\\\/\\\/novatec.com.mx\\\/wp-content\\\/uploads\\\/2021\\\/03\\\/cajas-de-plastico-colima-novatec.jpg\",\"datePublished\":\"2021-03-18T05:12:42+00:00\",\"dateModified\":\"2025-12-15T14:40:55+00:00\",\"description\":\"The Colima plastic crate is ideal for harvesting or agricultural transport. It is stackable, allowing for great space saving as well as easy handling and cleaning.\",\"breadcrumb\":{\"@id\":\"https:\\\/\\\/novatec.com.mx\\\/en\\\/product\\\/colima-plastic-box\\\/#breadcrumb\"},\"inLanguage\":\"en-US\",\"potentialAction\":[{\"@type\":\"ReadAction\",\"target\":[\"https:\\\/\\\/novatec.com.mx\\\/en\\\/product\\\/colima-plastic-box\\\/\"]}]},{\"@type\":\"ImageObject\",\"inLanguage\":\"en-US\",\"@id\":\"https:\\\/\\\/novatec.com.mx\\\/en\\\/product\\\/colima-plastic-box\\\/#primaryimage\",\"url\":\"https:\\\/\\\/novatec.com.mx\\\/wp-content\\\/uploads\\\/2021\\\/03\\\/cajas-de-plastico-colima-novatec.jpg\",\"contentUrl\":\"https:\\\/\\\/novatec.com.mx\\\/wp-content\\\/uploads\\\/2021\\\/03\\\/cajas-de-plastico-colima-novatec.jpg\",\"width\":591,\"height\":591,\"caption\":\"cajas-de-plastico-colima-novatec\"},{\"@type\":\"BreadcrumbList\",\"@id\":\"https:\\\/\\\/novatec.com.mx\\\/en\\\/product\\\/colima-plastic-box\\\/#breadcrumb\",\"itemListElement\":[{\"@type\":\"ListItem\",\"position\":1,\"name\":\"Home\",\"item\":\"https:\\\/\\\/novatec.com.mx\\\/en\\\/\"},{\"@type\":\"ListItem\",\"position\":2,\"name\":\"Shop\",\"item\":\"https:\\\/\\\/novatec.com.mx\\\/tienda\\\/\"},{\"@type\":\"ListItem\",\"position\":3,\"name\":\"COLIMA PLASTIC CRATE\"}]},{\"@type\":\"WebSite\",\"@id\":\"https:\\\/\\\/novatec.com.mx\\\/en\\\/#website\",\"url\":\"https:\\\/\\\/novatec.com.mx\\\/en\\\/\",\"name\":\"Novatec Pagani\",\"description\":\"Dedicados a la fabricaci\u00f3n de cajas de pl\u00e1stico, pallets, cubetas y equipo av\u00edcola, orientados a la distribuci\u00f3n y almacenaje de productos.\",\"publisher\":{\"@id\":\"https:\\\/\\\/novatec.com.mx\\\/en\\\/#organization\"},\"alternateName\":\"Novatec\",\"potentialAction\":[{\"@type\":\"SearchAction\",\"target\":{\"@type\":\"EntryPoint\",\"urlTemplate\":\"https:\\\/\\\/novatec.com.mx\\\/en\\\/?s={search_term_string}\"},\"query-input\":{\"@type\":\"PropertyValueSpecification\",\"valueRequired\":true,\"valueName\":\"search_term_string\"}}],\"inLanguage\":\"en-US\"},{\"@type\":\"Organization\",\"@id\":\"https:\\\/\\\/novatec.com.mx\\\/en\\\/#organization\",\"name\":\"Novatec Pagani\",\"alternateName\":\"Novatec Pagani\",\"url\":\"https:\\\/\\\/novatec.com.mx\\\/en\\\/\",\"logo\":{\"@type\":\"ImageObject\",\"inLanguage\":\"en-US\",\"@id\":\"https:\\\/\\\/novatec.com.mx\\\/en\\\/#\\\/schema\\\/logo\\\/image\\\/\",\"url\":\"https:\\\/\\\/novatec.com.mx\\\/wp-content\\\/uploads\\\/2025\\\/11\\\/Logo-Novatec-Pagani-e1763657759553.png\",\"contentUrl\":\"https:\\\/\\\/novatec.com.mx\\\/wp-content\\\/uploads\\\/2025\\\/11\\\/Logo-Novatec-Pagani-e1763657759553.png\",\"width\":512,\"height\":512,\"caption\":\"Novatec Pagani\"},\"image\":{\"@id\":\"https:\\\/\\\/novatec.com.mx\\\/en\\\/#\\\/schema\\\/logo\\\/image\\\/\"},\"sameAs\":[\"https:\\\/\\\/www.facebook.com\\\/NovatecPagani\",\"https:\\\/\\\/x.com\\\/novatec_pagani\",\"https:\\\/\\\/www.linkedin.com\\\/company\\\/novatecpagani\\\/\"]}]}<\/script>\n<!-- \/ Yoast SEO plugin. -->","yoast_head_json":{"title":"COLIMA PLASTIC CRATE - Novatec Pagani","description":"The Colima plastic crate is ideal for harvesting or agricultural transport. It is stackable, allowing for great space saving as well as easy handling and cleaning.","robots":{"index":"index","follow":"follow","max-snippet":"max-snippet:-1","max-image-preview":"max-image-preview:large","max-video-preview":"max-video-preview:-1"},"canonical":"https:\/\/novatec.com.mx\/en\/product\/colima-plastic-box\/","og_locale":"en_US","og_type":"article","og_title":"COLIMA PLASTIC CRATE - Novatec Pagani","og_description":"The Colima plastic crate is ideal for harvesting or agricultural transport. It is stackable, allowing for great space saving as well as easy handling and cleaning.","og_url":"https:\/\/novatec.com.mx\/en\/product\/colima-plastic-box\/","og_site_name":"Novatec Pagani","article_publisher":"https:\/\/www.facebook.com\/NovatecPagani","article_modified_time":"2025-12-15T14:40:55+00:00","og_image":[{"width":591,"height":591,"url":"https:\/\/novatec.com.mx\/wp-content\/uploads\/2021\/03\/cajas-de-plastico-colima-novatec.jpg","type":"image\/jpeg"}],"twitter_card":"summary_large_image","twitter_site":"@novatec_pagani","twitter_misc":{"Est. reading time":"1 minute"},"schema":{"@context":"https:\/\/schema.org","@graph":[{"@type":"WebPage","@id":"https:\/\/novatec.com.mx\/en\/product\/colima-plastic-box\/","url":"https:\/\/novatec.com.mx\/en\/product\/colima-plastic-box\/","name":"COLIMA PLASTIC CRATE - Novatec Pagani","isPartOf":{"@id":"https:\/\/novatec.com.mx\/en\/#website"},"primaryImageOfPage":{"@id":"https:\/\/novatec.com.mx\/en\/product\/colima-plastic-box\/#primaryimage"},"image":{"@id":"https:\/\/novatec.com.mx\/en\/product\/colima-plastic-box\/#primaryimage"},"thumbnailUrl":"https:\/\/novatec.com.mx\/wp-content\/uploads\/2021\/03\/cajas-de-plastico-colima-novatec.jpg","datePublished":"2021-03-18T05:12:42+00:00","dateModified":"2025-12-15T14:40:55+00:00","description":"The Colima plastic crate is ideal for harvesting or agricultural transport. It is stackable, allowing for great space saving as well as easy handling and cleaning.","breadcrumb":{"@id":"https:\/\/novatec.com.mx\/en\/product\/colima-plastic-box\/#breadcrumb"},"inLanguage":"en-US","potentialAction":[{"@type":"ReadAction","target":["https:\/\/novatec.com.mx\/en\/product\/colima-plastic-box\/"]}]},{"@type":"ImageObject","inLanguage":"en-US","@id":"https:\/\/novatec.com.mx\/en\/product\/colima-plastic-box\/#primaryimage","url":"https:\/\/novatec.com.mx\/wp-content\/uploads\/2021\/03\/cajas-de-plastico-colima-novatec.jpg","contentUrl":"https:\/\/novatec.com.mx\/wp-content\/uploads\/2021\/03\/cajas-de-plastico-colima-novatec.jpg","width":591,"height":591,"caption":"cajas-de-plastico-colima-novatec"},{"@type":"BreadcrumbList","@id":"https:\/\/novatec.com.mx\/en\/product\/colima-plastic-box\/#breadcrumb","itemListElement":[{"@type":"ListItem","position":1,"name":"Home","item":"https:\/\/novatec.com.mx\/en\/"},{"@type":"ListItem","position":2,"name":"Shop","item":"https:\/\/novatec.com.mx\/tienda\/"},{"@type":"ListItem","position":3,"name":"COLIMA PLASTIC CRATE"}]},{"@type":"WebSite","@id":"https:\/\/novatec.com.mx\/en\/#website","url":"https:\/\/novatec.com.mx\/en\/","name":"Novatec Pagani","description":"Dedicados a la fabricaci\u00f3n de cajas de pl\u00e1stico, pallets, cubetas y equipo av\u00edcola, orientados a la distribuci\u00f3n y almacenaje de productos.","publisher":{"@id":"https:\/\/novatec.com.mx\/en\/#organization"},"alternateName":"Novatec","potentialAction":[{"@type":"SearchAction","target":{"@type":"EntryPoint","urlTemplate":"https:\/\/novatec.com.mx\/en\/?s={search_term_string}"},"query-input":{"@type":"PropertyValueSpecification","valueRequired":true,"valueName":"search_term_string"}}],"inLanguage":"en-US"},{"@type":"Organization","@id":"https:\/\/novatec.com.mx\/en\/#organization","name":"Novatec Pagani","alternateName":"Novatec Pagani","url":"https:\/\/novatec.com.mx\/en\/","logo":{"@type":"ImageObject","inLanguage":"en-US","@id":"https:\/\/novatec.com.mx\/en\/#\/schema\/logo\/image\/","url":"https:\/\/novatec.com.mx\/wp-content\/uploads\/2025\/11\/Logo-Novatec-Pagani-e1763657759553.png","contentUrl":"https:\/\/novatec.com.mx\/wp-content\/uploads\/2025\/11\/Logo-Novatec-Pagani-e1763657759553.png","width":512,"height":512,"caption":"Novatec Pagani"},"image":{"@id":"https:\/\/novatec.com.mx\/en\/#\/schema\/logo\/image\/"},"sameAs":["https:\/\/www.facebook.com\/NovatecPagani","https:\/\/x.com\/novatec_pagani","https:\/\/www.linkedin.com\/company\/novatecpagani\/"]}]}},"_links":{"self":[{"href":"https:\/\/novatec.com.mx\/en\/wp-json\/wp\/v2\/product\/3657","targetHints":{"allow":["GET"]}}],"collection":[{"href":"https:\/\/novatec.com.mx\/en\/wp-json\/wp\/v2\/product"}],"about":[{"href":"https:\/\/novatec.com.mx\/en\/wp-json\/wp\/v2\/types\/product"}],"replies":[{"embeddable":true,"href":"https:\/\/novatec.com.mx\/en\/wp-json\/wp\/v2\/comments?post=3657"}],"wp:featuredmedia":[{"embeddable":true,"href":"https:\/\/novatec.com.mx\/en\/wp-json\/wp\/v2\/media\/3506"}],"wp:attachment":[{"href":"https:\/\/novatec.com.mx\/en\/wp-json\/wp\/v2\/media?parent=3657"}],"wp:term":[{"taxonomy":"product_brand","embeddable":true,"href":"https:\/\/novatec.com.mx\/en\/wp-json\/wp\/v2\/product_brand?post=3657"},{"taxonomy":"product_cat","embeddable":true,"href":"https:\/\/novatec.com.mx\/en\/wp-json\/wp\/v2\/product_cat?post=3657"},{"taxonomy":"product_tag","embeddable":true,"href":"https:\/\/novatec.com.mx\/en\/wp-json\/wp\/v2\/product_tag?post=3657"}],"curies":[{"name":"wp","href":"https:\/\/api.w.org\/{rel}","templated":true}]}}