{"id":3739,"date":"2021-03-30T23:53:57","date_gmt":"2021-03-31T05:53:57","guid":{"rendered":"http:\/\/www.novatec.com.mx\/producto\/cage-for-transport-of-alive-chickens\/"},"modified":"2025-12-12T13:04:26","modified_gmt":"2025-12-12T19:04:26","slug":"cage-for-transport-of-alive-chickens","status":"publish","type":"product","link":"https:\/\/novatec.com.mx\/en\/product\/cage-for-transport-of-alive-chickens\/","title":{"rendered":"LIVE CHICKEN TRANSPORT CRATE"},"content":{"rendered":"<p>Maximize the profitability of each trip with the live chicken transport crate. Designed to withstand the most demanding road and weather conditions, this crate is a smart investment for your supply chain. <\/p>\n<p><strong>Why is it the best option for your farm?<\/strong><\/p>\n<ul>\n<li><strong>Extended lifespan:<\/strong> Made of <strong>High-Density Polyethylene (HDPE)<\/strong> with a powerful <strong>UV inhibitor<\/strong>, it resists prolonged sun exposure without crystallizing or cracking.<\/li>\n<li><strong>Efficient operation:<\/strong> Its wide <strong>top door<\/strong> speeds up loading and unloading, reducing stress on the birds and downtime at the dock.<\/li>\n<li><strong>Optimized capacity:<\/strong> Transports <strong>10 to 12 birds<\/strong> with total safety and ventilation, ensuring that your product arrives in optimal condition.<\/li>\n<\/ul>\n<p><strong>Technical Specifications:<\/strong><\/p>\n<ul>\n<li><strong>Dimensions:<\/strong> 97 \u00d7 58 \u00d7 27 cm.<\/li>\n<li><strong>Weight:<\/strong> 6.95 kg (Robust and stable).<\/li>\n<li><strong>Material:<\/strong> HDPE with UV protection.<\/li>\n<\/ul>\n<p><strong>Master Logistics (Units per transport):<\/strong> Designed to maximize your freight. Move more product in fewer trips: <\/p>\n<ul>\n<li><strong>48\u2019 Trailer:<\/strong> 1,680 crates.<\/li>\n<li><strong>40\u2019 Container:<\/strong> 1,200 crates.<\/li>\n<li><strong>22\u2019 Torton:<\/strong> 660 crates.<\/li>\n<li><strong>20\u2019 Container:<\/strong> 600 crates.<\/li>\n<\/ul>\n<p><strong>Proven resistance. <a href=\"http:\/\/www.novatec.com.mx\/contacto\">Order your live chicken transport crate now<\/a><\/strong><\/p>\n","protected":false},"excerpt":{"rendered":"<p>Maximize the profitability of each trip with the live chicken transport crate. Designed to withstand the most demanding road and weather conditions, this crate is a smart investment for your supply chain. Why is it the best option for your farm? Extended lifespan: Made of High-Density Polyethylene (HDPE) with a powerful UV inhibitor, it resists [&hellip;]<\/p>\n","protected":false},"featured_media":3720,"comment_status":"open","ping_status":"closed","template":"","meta":{"_et_pb_use_builder":"","_et_pb_old_content":"","_et_gb_content_width":"","_vp_format_video_url":"","_vp_image_focal_point":[],"_joinchat":[]},"product_brand":[],"product_cat":[42],"product_tag":[],"class_list":{"0":"post-3739","1":"product","2":"type-product","3":"status-publish","4":"has-post-thumbnail","6":"product_cat-poultry-equipment","8":"first","9":"instock","10":"shipping-taxable","11":"product-type-simple"},"yoast_head":"<!-- This site is optimized with the Yoast SEO plugin v27.3 - https:\/\/yoast.com\/product\/yoast-seo-wordpress\/ -->\n<title>LIVE CHICKEN TRANSPORT CRATE - Novatec Pagani<\/title>\n<meta name=\"description\" content=\"Maximize profitability with the live chicken transport crate. Designed to withstand the most demanding conditions.\" \/>\n<meta name=\"robots\" content=\"index, follow, max-snippet:-1, max-image-preview:large, max-video-preview:-1\" \/>\n<link rel=\"canonical\" href=\"https:\/\/novatec.com.mx\/en\/product\/cage-for-transport-of-alive-chickens\/\" \/>\n<meta property=\"og:locale\" content=\"en_US\" \/>\n<meta property=\"og:type\" content=\"article\" \/>\n<meta property=\"og:title\" content=\"LIVE CHICKEN TRANSPORT CRATE - Novatec Pagani\" \/>\n<meta property=\"og:description\" content=\"Maximize profitability with the live chicken transport crate. Designed to withstand the most demanding conditions.\" \/>\n<meta property=\"og:url\" content=\"https:\/\/novatec.com.mx\/en\/product\/cage-for-transport-of-alive-chickens\/\" \/>\n<meta property=\"og:site_name\" content=\"Novatec Pagani\" \/>\n<meta property=\"article:publisher\" content=\"https:\/\/www.facebook.com\/NovatecPagani\" \/>\n<meta property=\"article:modified_time\" content=\"2025-12-12T19:04:26+00:00\" \/>\n<meta property=\"og:image\" content=\"https:\/\/novatec.com.mx\/wp-content\/uploads\/2021\/03\/cajas-de-plastico-trasnporte-pollo-vivo-novatec.jpg\" \/>\n\t<meta property=\"og:image:width\" content=\"591\" \/>\n\t<meta property=\"og:image:height\" content=\"591\" \/>\n\t<meta property=\"og:image:type\" content=\"image\/jpeg\" \/>\n<meta name=\"twitter:card\" content=\"summary_large_image\" \/>\n<meta name=\"twitter:site\" content=\"@novatec_pagani\" \/>\n<meta name=\"twitter:label1\" content=\"Est. reading time\" \/>\n\t<meta name=\"twitter:data1\" content=\"1 minute\" \/>\n<script type=\"application\/ld+json\" class=\"yoast-schema-graph\">{\"@context\":\"https:\\\/\\\/schema.org\",\"@graph\":[{\"@type\":\"WebPage\",\"@id\":\"https:\\\/\\\/novatec.com.mx\\\/en\\\/product\\\/cage-for-transport-of-alive-chickens\\\/\",\"url\":\"https:\\\/\\\/novatec.com.mx\\\/en\\\/product\\\/cage-for-transport-of-alive-chickens\\\/\",\"name\":\"LIVE CHICKEN TRANSPORT CRATE - Novatec Pagani\",\"isPartOf\":{\"@id\":\"https:\\\/\\\/novatec.com.mx\\\/en\\\/#website\"},\"primaryImageOfPage\":{\"@id\":\"https:\\\/\\\/novatec.com.mx\\\/en\\\/product\\\/cage-for-transport-of-alive-chickens\\\/#primaryimage\"},\"image\":{\"@id\":\"https:\\\/\\\/novatec.com.mx\\\/en\\\/product\\\/cage-for-transport-of-alive-chickens\\\/#primaryimage\"},\"thumbnailUrl\":\"https:\\\/\\\/novatec.com.mx\\\/wp-content\\\/uploads\\\/2021\\\/03\\\/cajas-de-plastico-trasnporte-pollo-vivo-novatec.jpg\",\"datePublished\":\"2021-03-31T05:53:57+00:00\",\"dateModified\":\"2025-12-12T19:04:26+00:00\",\"description\":\"Maximize profitability with the live chicken transport crate. Designed to withstand the most demanding conditions.\",\"breadcrumb\":{\"@id\":\"https:\\\/\\\/novatec.com.mx\\\/en\\\/product\\\/cage-for-transport-of-alive-chickens\\\/#breadcrumb\"},\"inLanguage\":\"en-US\",\"potentialAction\":[{\"@type\":\"ReadAction\",\"target\":[\"https:\\\/\\\/novatec.com.mx\\\/en\\\/product\\\/cage-for-transport-of-alive-chickens\\\/\"]}]},{\"@type\":\"ImageObject\",\"inLanguage\":\"en-US\",\"@id\":\"https:\\\/\\\/novatec.com.mx\\\/en\\\/product\\\/cage-for-transport-of-alive-chickens\\\/#primaryimage\",\"url\":\"https:\\\/\\\/novatec.com.mx\\\/wp-content\\\/uploads\\\/2021\\\/03\\\/cajas-de-plastico-trasnporte-pollo-vivo-novatec.jpg\",\"contentUrl\":\"https:\\\/\\\/novatec.com.mx\\\/wp-content\\\/uploads\\\/2021\\\/03\\\/cajas-de-plastico-trasnporte-pollo-vivo-novatec.jpg\",\"width\":591,\"height\":591,\"caption\":\"plastic-crates-live-chicken-transport-novatec\"},{\"@type\":\"BreadcrumbList\",\"@id\":\"https:\\\/\\\/novatec.com.mx\\\/en\\\/product\\\/cage-for-transport-of-alive-chickens\\\/#breadcrumb\",\"itemListElement\":[{\"@type\":\"ListItem\",\"position\":1,\"name\":\"Home\",\"item\":\"https:\\\/\\\/novatec.com.mx\\\/en\\\/\"},{\"@type\":\"ListItem\",\"position\":2,\"name\":\"Shop\",\"item\":\"https:\\\/\\\/novatec.com.mx\\\/tienda\\\/\"},{\"@type\":\"ListItem\",\"position\":3,\"name\":\"LIVE CHICKEN TRANSPORT CRATE\"}]},{\"@type\":\"WebSite\",\"@id\":\"https:\\\/\\\/novatec.com.mx\\\/en\\\/#website\",\"url\":\"https:\\\/\\\/novatec.com.mx\\\/en\\\/\",\"name\":\"Novatec Pagani\",\"description\":\"Dedicados a la fabricaci\u00f3n de cajas de pl\u00e1stico, pallets, cubetas y equipo av\u00edcola, orientados a la distribuci\u00f3n y almacenaje de productos.\",\"publisher\":{\"@id\":\"https:\\\/\\\/novatec.com.mx\\\/en\\\/#organization\"},\"alternateName\":\"Novatec\",\"potentialAction\":[{\"@type\":\"SearchAction\",\"target\":{\"@type\":\"EntryPoint\",\"urlTemplate\":\"https:\\\/\\\/novatec.com.mx\\\/en\\\/?s={search_term_string}\"},\"query-input\":{\"@type\":\"PropertyValueSpecification\",\"valueRequired\":true,\"valueName\":\"search_term_string\"}}],\"inLanguage\":\"en-US\"},{\"@type\":\"Organization\",\"@id\":\"https:\\\/\\\/novatec.com.mx\\\/en\\\/#organization\",\"name\":\"Novatec Pagani\",\"alternateName\":\"Novatec Pagani\",\"url\":\"https:\\\/\\\/novatec.com.mx\\\/en\\\/\",\"logo\":{\"@type\":\"ImageObject\",\"inLanguage\":\"en-US\",\"@id\":\"https:\\\/\\\/novatec.com.mx\\\/en\\\/#\\\/schema\\\/logo\\\/image\\\/\",\"url\":\"https:\\\/\\\/novatec.com.mx\\\/wp-content\\\/uploads\\\/2025\\\/11\\\/Logo-Novatec-Pagani-e1763657759553.png\",\"contentUrl\":\"https:\\\/\\\/novatec.com.mx\\\/wp-content\\\/uploads\\\/2025\\\/11\\\/Logo-Novatec-Pagani-e1763657759553.png\",\"width\":512,\"height\":512,\"caption\":\"Novatec Pagani\"},\"image\":{\"@id\":\"https:\\\/\\\/novatec.com.mx\\\/en\\\/#\\\/schema\\\/logo\\\/image\\\/\"},\"sameAs\":[\"https:\\\/\\\/www.facebook.com\\\/NovatecPagani\",\"https:\\\/\\\/x.com\\\/novatec_pagani\",\"https:\\\/\\\/www.linkedin.com\\\/company\\\/novatecpagani\\\/\"]}]}<\/script>\n<!-- \/ Yoast SEO plugin. -->","yoast_head_json":{"title":"LIVE CHICKEN TRANSPORT CRATE - Novatec Pagani","description":"Maximize profitability with the live chicken transport crate. Designed to withstand the most demanding conditions.","robots":{"index":"index","follow":"follow","max-snippet":"max-snippet:-1","max-image-preview":"max-image-preview:large","max-video-preview":"max-video-preview:-1"},"canonical":"https:\/\/novatec.com.mx\/en\/product\/cage-for-transport-of-alive-chickens\/","og_locale":"en_US","og_type":"article","og_title":"LIVE CHICKEN TRANSPORT CRATE - Novatec Pagani","og_description":"Maximize profitability with the live chicken transport crate. Designed to withstand the most demanding conditions.","og_url":"https:\/\/novatec.com.mx\/en\/product\/cage-for-transport-of-alive-chickens\/","og_site_name":"Novatec Pagani","article_publisher":"https:\/\/www.facebook.com\/NovatecPagani","article_modified_time":"2025-12-12T19:04:26+00:00","og_image":[{"width":591,"height":591,"url":"https:\/\/novatec.com.mx\/wp-content\/uploads\/2021\/03\/cajas-de-plastico-trasnporte-pollo-vivo-novatec.jpg","type":"image\/jpeg"}],"twitter_card":"summary_large_image","twitter_site":"@novatec_pagani","twitter_misc":{"Est. reading time":"1 minute"},"schema":{"@context":"https:\/\/schema.org","@graph":[{"@type":"WebPage","@id":"https:\/\/novatec.com.mx\/en\/product\/cage-for-transport-of-alive-chickens\/","url":"https:\/\/novatec.com.mx\/en\/product\/cage-for-transport-of-alive-chickens\/","name":"LIVE CHICKEN TRANSPORT CRATE - Novatec Pagani","isPartOf":{"@id":"https:\/\/novatec.com.mx\/en\/#website"},"primaryImageOfPage":{"@id":"https:\/\/novatec.com.mx\/en\/product\/cage-for-transport-of-alive-chickens\/#primaryimage"},"image":{"@id":"https:\/\/novatec.com.mx\/en\/product\/cage-for-transport-of-alive-chickens\/#primaryimage"},"thumbnailUrl":"https:\/\/novatec.com.mx\/wp-content\/uploads\/2021\/03\/cajas-de-plastico-trasnporte-pollo-vivo-novatec.jpg","datePublished":"2021-03-31T05:53:57+00:00","dateModified":"2025-12-12T19:04:26+00:00","description":"Maximize profitability with the live chicken transport crate. Designed to withstand the most demanding conditions.","breadcrumb":{"@id":"https:\/\/novatec.com.mx\/en\/product\/cage-for-transport-of-alive-chickens\/#breadcrumb"},"inLanguage":"en-US","potentialAction":[{"@type":"ReadAction","target":["https:\/\/novatec.com.mx\/en\/product\/cage-for-transport-of-alive-chickens\/"]}]},{"@type":"ImageObject","inLanguage":"en-US","@id":"https:\/\/novatec.com.mx\/en\/product\/cage-for-transport-of-alive-chickens\/#primaryimage","url":"https:\/\/novatec.com.mx\/wp-content\/uploads\/2021\/03\/cajas-de-plastico-trasnporte-pollo-vivo-novatec.jpg","contentUrl":"https:\/\/novatec.com.mx\/wp-content\/uploads\/2021\/03\/cajas-de-plastico-trasnporte-pollo-vivo-novatec.jpg","width":591,"height":591,"caption":"plastic-crates-live-chicken-transport-novatec"},{"@type":"BreadcrumbList","@id":"https:\/\/novatec.com.mx\/en\/product\/cage-for-transport-of-alive-chickens\/#breadcrumb","itemListElement":[{"@type":"ListItem","position":1,"name":"Home","item":"https:\/\/novatec.com.mx\/en\/"},{"@type":"ListItem","position":2,"name":"Shop","item":"https:\/\/novatec.com.mx\/tienda\/"},{"@type":"ListItem","position":3,"name":"LIVE CHICKEN TRANSPORT CRATE"}]},{"@type":"WebSite","@id":"https:\/\/novatec.com.mx\/en\/#website","url":"https:\/\/novatec.com.mx\/en\/","name":"Novatec Pagani","description":"Dedicados a la fabricaci\u00f3n de cajas de pl\u00e1stico, pallets, cubetas y equipo av\u00edcola, orientados a la distribuci\u00f3n y almacenaje de productos.","publisher":{"@id":"https:\/\/novatec.com.mx\/en\/#organization"},"alternateName":"Novatec","potentialAction":[{"@type":"SearchAction","target":{"@type":"EntryPoint","urlTemplate":"https:\/\/novatec.com.mx\/en\/?s={search_term_string}"},"query-input":{"@type":"PropertyValueSpecification","valueRequired":true,"valueName":"search_term_string"}}],"inLanguage":"en-US"},{"@type":"Organization","@id":"https:\/\/novatec.com.mx\/en\/#organization","name":"Novatec Pagani","alternateName":"Novatec Pagani","url":"https:\/\/novatec.com.mx\/en\/","logo":{"@type":"ImageObject","inLanguage":"en-US","@id":"https:\/\/novatec.com.mx\/en\/#\/schema\/logo\/image\/","url":"https:\/\/novatec.com.mx\/wp-content\/uploads\/2025\/11\/Logo-Novatec-Pagani-e1763657759553.png","contentUrl":"https:\/\/novatec.com.mx\/wp-content\/uploads\/2025\/11\/Logo-Novatec-Pagani-e1763657759553.png","width":512,"height":512,"caption":"Novatec Pagani"},"image":{"@id":"https:\/\/novatec.com.mx\/en\/#\/schema\/logo\/image\/"},"sameAs":["https:\/\/www.facebook.com\/NovatecPagani","https:\/\/x.com\/novatec_pagani","https:\/\/www.linkedin.com\/company\/novatecpagani\/"]}]}},"_links":{"self":[{"href":"https:\/\/novatec.com.mx\/en\/wp-json\/wp\/v2\/product\/3739","targetHints":{"allow":["GET"]}}],"collection":[{"href":"https:\/\/novatec.com.mx\/en\/wp-json\/wp\/v2\/product"}],"about":[{"href":"https:\/\/novatec.com.mx\/en\/wp-json\/wp\/v2\/types\/product"}],"replies":[{"embeddable":true,"href":"https:\/\/novatec.com.mx\/en\/wp-json\/wp\/v2\/comments?post=3739"}],"wp:featuredmedia":[{"embeddable":true,"href":"https:\/\/novatec.com.mx\/en\/wp-json\/wp\/v2\/media\/3720"}],"wp:attachment":[{"href":"https:\/\/novatec.com.mx\/en\/wp-json\/wp\/v2\/media?parent=3739"}],"wp:term":[{"taxonomy":"product_brand","embeddable":true,"href":"https:\/\/novatec.com.mx\/en\/wp-json\/wp\/v2\/product_brand?post=3739"},{"taxonomy":"product_cat","embeddable":true,"href":"https:\/\/novatec.com.mx\/en\/wp-json\/wp\/v2\/product_cat?post=3739"},{"taxonomy":"product_tag","embeddable":true,"href":"https:\/\/novatec.com.mx\/en\/wp-json\/wp\/v2\/product_tag?post=3739"}],"curies":[{"name":"wp","href":"https:\/\/api.w.org\/{rel}","templated":true}]}}