{"id":3854,"date":"2021-04-05T18:49:08","date_gmt":"2021-04-05T23:49:08","guid":{"rendered":"http:\/\/www.novatec.com.mx\/producto\/plastic-pallet-novapal-200\/"},"modified":"2025-12-12T13:03:48","modified_gmt":"2025-12-12T19:03:48","slug":"plastic-pallet-novapal-200","status":"publish","type":"product","link":"https:\/\/novatec.com.mx\/en\/product\/plastic-pallet-novapal-200\/","title":{"rendered":"NOVAPAL 200 PALLET"},"content":{"rendered":"<p><span style=\"color: #000000;\">The <b>Novapal 200 Pallet<\/b> is made of <b>high-impact plastic<\/b>, which extends its service life (much more than wood) and makes it ideal for heavy work. Thanks to its great design, it provides <b>great dimensional stability<\/b>, <b>safety<\/b>, and is compatible with any load handling equipment. <\/span><\/p>\n<p data-path-to-node=\"9\">Is your warehouse ready for the next level? This is not just a pallet, it is an operational optimization tool. <\/p>\n<ul data-path-to-node=\"10\">\n<li>\n<p data-path-to-node=\"10,0,0\"><b>Unstoppable Versatility:<\/b> Access the load from any angle. Its <b>4-way entry<\/b> design eliminates bottlenecks in narrow aisles. <\/p>\n<\/li>\n<li>\n<p data-path-to-node=\"10,1,0\"><b>The End of &#8220;Lost Inventory&#8221;:<\/b> Facilitates data reading with specific areas for <b>RFID and barcodes<\/b>, ensuring that every movement is recorded instantly.<\/p>\n<\/li>\n<li>\n<p data-path-to-node=\"10,2,0\"><b>Precision Engineering:<\/b> Built to withstand the demands of the <b>most modern automated systems<\/b>. Total confidence where precision is law. <\/p>\n<\/li>\n<\/ul>\n<p>&nbsp;<\/p>\n<ul>\n<li>Dimensions: 120 cm x 100 cm x 16.5 cm h<\/li>\n<li>Weight: 21.2 kg<\/li>\n<li>Static load capacity: 8,000 kg<\/li>\n<li>Dynamic load capacity: 1,200 kg<\/li>\n<li>Load capacity in rack: 1,000 kg<\/li>\n<li>Load capacity in automatic rack: 750 kg<\/li>\n<\/ul>\n<p><span style=\"color: #000000;\"><a title=\"Novapal 200 pallet brochure\" href=\"http:\/\/www.novatec.com.mx\/wp-content\/uploads\/2021\/02\/flyer_Novapal200-OK.pdf\" target=\"_blank\" rel=\"noopener\">Click here to view the Pallet brochure.<\/a><\/span><\/p>\n","protected":false},"excerpt":{"rendered":"<p>The Novapal 200 Pallet is made of high-impact plastic, which extends its service life (much more than wood) and makes it ideal for heavy work. Thanks to its great design, it provides great dimensional stability, safety, and is compatible with any load handling equipment. Is your warehouse ready for the next level? This is not [&hellip;]<\/p>\n","protected":false},"featured_media":3830,"comment_status":"open","ping_status":"closed","template":"","meta":{"_et_pb_use_builder":"","_et_pb_old_content":"","_et_gb_content_width":"","_vp_format_video_url":"","_vp_image_focal_point":[],"_joinchat":[]},"product_brand":[],"product_cat":[44],"product_tag":[],"class_list":{"0":"post-3854","1":"product","2":"type-product","3":"status-publish","4":"has-post-thumbnail","6":"product_cat-plastic-pallets","8":"first","9":"instock","10":"shipping-taxable","11":"product-type-simple"},"yoast_head":"<!-- This site is optimized with the Yoast SEO plugin v27.3 - https:\/\/yoast.com\/product\/yoast-seo-wordpress\/ -->\n<title>NOVAPAL 200 PALLET - Novatec Pagani<\/title>\n<meta name=\"description\" content=\"The Novapal 200 Pallet is made of high-impact plastic, which extends its service life (more than wood) and makes it ideal for heavy work.\" \/>\n<meta name=\"robots\" content=\"index, follow, max-snippet:-1, max-image-preview:large, max-video-preview:-1\" \/>\n<link rel=\"canonical\" href=\"https:\/\/novatec.com.mx\/en\/product\/plastic-pallet-novapal-200\/\" \/>\n<meta property=\"og:locale\" content=\"en_US\" \/>\n<meta property=\"og:type\" content=\"article\" \/>\n<meta property=\"og:title\" content=\"NOVAPAL 200 PALLET - Novatec Pagani\" \/>\n<meta property=\"og:description\" content=\"The Novapal 200 Pallet is made of high-impact plastic, which extends its service life (more than wood) and makes it ideal for heavy work.\" \/>\n<meta property=\"og:url\" content=\"https:\/\/novatec.com.mx\/en\/product\/plastic-pallet-novapal-200\/\" \/>\n<meta property=\"og:site_name\" content=\"Novatec Pagani\" \/>\n<meta property=\"article:publisher\" content=\"https:\/\/www.facebook.com\/NovatecPagani\" \/>\n<meta property=\"article:modified_time\" content=\"2025-12-12T19:03:48+00:00\" \/>\n<meta property=\"og:image\" content=\"https:\/\/novatec.com.mx\/wp-content\/uploads\/2021\/04\/cajas-de-plastico-novapal200-novatec.jpg\" \/>\n\t<meta property=\"og:image:width\" content=\"591\" \/>\n\t<meta property=\"og:image:height\" content=\"591\" \/>\n\t<meta property=\"og:image:type\" content=\"image\/jpeg\" \/>\n<meta name=\"twitter:card\" content=\"summary_large_image\" \/>\n<meta name=\"twitter:site\" content=\"@novatec_pagani\" \/>\n<meta name=\"twitter:label1\" content=\"Est. reading time\" \/>\n\t<meta name=\"twitter:data1\" content=\"1 minute\" \/>\n<script type=\"application\/ld+json\" class=\"yoast-schema-graph\">{\"@context\":\"https:\\\/\\\/schema.org\",\"@graph\":[{\"@type\":\"WebPage\",\"@id\":\"https:\\\/\\\/novatec.com.mx\\\/en\\\/product\\\/plastic-pallet-novapal-200\\\/\",\"url\":\"https:\\\/\\\/novatec.com.mx\\\/en\\\/product\\\/plastic-pallet-novapal-200\\\/\",\"name\":\"NOVAPAL 200 PALLET - Novatec Pagani\",\"isPartOf\":{\"@id\":\"https:\\\/\\\/novatec.com.mx\\\/en\\\/#website\"},\"primaryImageOfPage\":{\"@id\":\"https:\\\/\\\/novatec.com.mx\\\/en\\\/product\\\/plastic-pallet-novapal-200\\\/#primaryimage\"},\"image\":{\"@id\":\"https:\\\/\\\/novatec.com.mx\\\/en\\\/product\\\/plastic-pallet-novapal-200\\\/#primaryimage\"},\"thumbnailUrl\":\"https:\\\/\\\/novatec.com.mx\\\/wp-content\\\/uploads\\\/2021\\\/04\\\/cajas-de-plastico-novapal200-novatec.jpg\",\"datePublished\":\"2021-04-05T23:49:08+00:00\",\"dateModified\":\"2025-12-12T19:03:48+00:00\",\"description\":\"The Novapal 200 Pallet is made of high-impact plastic, which extends its service life (more than wood) and makes it ideal for heavy work.\",\"breadcrumb\":{\"@id\":\"https:\\\/\\\/novatec.com.mx\\\/en\\\/product\\\/plastic-pallet-novapal-200\\\/#breadcrumb\"},\"inLanguage\":\"en-US\",\"potentialAction\":[{\"@type\":\"ReadAction\",\"target\":[\"https:\\\/\\\/novatec.com.mx\\\/en\\\/product\\\/plastic-pallet-novapal-200\\\/\"]}]},{\"@type\":\"ImageObject\",\"inLanguage\":\"en-US\",\"@id\":\"https:\\\/\\\/novatec.com.mx\\\/en\\\/product\\\/plastic-pallet-novapal-200\\\/#primaryimage\",\"url\":\"https:\\\/\\\/novatec.com.mx\\\/wp-content\\\/uploads\\\/2021\\\/04\\\/cajas-de-plastico-novapal200-novatec.jpg\",\"contentUrl\":\"https:\\\/\\\/novatec.com.mx\\\/wp-content\\\/uploads\\\/2021\\\/04\\\/cajas-de-plastico-novapal200-novatec.jpg\",\"width\":591,\"height\":591,\"caption\":\"pallet-novapal200-novatec\"},{\"@type\":\"BreadcrumbList\",\"@id\":\"https:\\\/\\\/novatec.com.mx\\\/en\\\/product\\\/plastic-pallet-novapal-200\\\/#breadcrumb\",\"itemListElement\":[{\"@type\":\"ListItem\",\"position\":1,\"name\":\"Home\",\"item\":\"https:\\\/\\\/novatec.com.mx\\\/en\\\/\"},{\"@type\":\"ListItem\",\"position\":2,\"name\":\"Shop\",\"item\":\"https:\\\/\\\/novatec.com.mx\\\/tienda\\\/\"},{\"@type\":\"ListItem\",\"position\":3,\"name\":\"NOVAPAL 200 PALLET\"}]},{\"@type\":\"WebSite\",\"@id\":\"https:\\\/\\\/novatec.com.mx\\\/en\\\/#website\",\"url\":\"https:\\\/\\\/novatec.com.mx\\\/en\\\/\",\"name\":\"Novatec Pagani\",\"description\":\"Dedicados a la fabricaci\u00f3n de cajas de pl\u00e1stico, pallets, cubetas y equipo av\u00edcola, orientados a la distribuci\u00f3n y almacenaje de productos.\",\"publisher\":{\"@id\":\"https:\\\/\\\/novatec.com.mx\\\/en\\\/#organization\"},\"alternateName\":\"Novatec\",\"potentialAction\":[{\"@type\":\"SearchAction\",\"target\":{\"@type\":\"EntryPoint\",\"urlTemplate\":\"https:\\\/\\\/novatec.com.mx\\\/en\\\/?s={search_term_string}\"},\"query-input\":{\"@type\":\"PropertyValueSpecification\",\"valueRequired\":true,\"valueName\":\"search_term_string\"}}],\"inLanguage\":\"en-US\"},{\"@type\":\"Organization\",\"@id\":\"https:\\\/\\\/novatec.com.mx\\\/en\\\/#organization\",\"name\":\"Novatec Pagani\",\"alternateName\":\"Novatec Pagani\",\"url\":\"https:\\\/\\\/novatec.com.mx\\\/en\\\/\",\"logo\":{\"@type\":\"ImageObject\",\"inLanguage\":\"en-US\",\"@id\":\"https:\\\/\\\/novatec.com.mx\\\/en\\\/#\\\/schema\\\/logo\\\/image\\\/\",\"url\":\"https:\\\/\\\/novatec.com.mx\\\/wp-content\\\/uploads\\\/2025\\\/11\\\/Logo-Novatec-Pagani-e1763657759553.png\",\"contentUrl\":\"https:\\\/\\\/novatec.com.mx\\\/wp-content\\\/uploads\\\/2025\\\/11\\\/Logo-Novatec-Pagani-e1763657759553.png\",\"width\":512,\"height\":512,\"caption\":\"Novatec Pagani\"},\"image\":{\"@id\":\"https:\\\/\\\/novatec.com.mx\\\/en\\\/#\\\/schema\\\/logo\\\/image\\\/\"},\"sameAs\":[\"https:\\\/\\\/www.facebook.com\\\/NovatecPagani\",\"https:\\\/\\\/x.com\\\/novatec_pagani\",\"https:\\\/\\\/www.linkedin.com\\\/company\\\/novatecpagani\\\/\"]}]}<\/script>\n<!-- \/ Yoast SEO plugin. -->","yoast_head_json":{"title":"NOVAPAL 200 PALLET - Novatec Pagani","description":"The Novapal 200 Pallet is made of high-impact plastic, which extends its service life (more than wood) and makes it ideal for heavy work.","robots":{"index":"index","follow":"follow","max-snippet":"max-snippet:-1","max-image-preview":"max-image-preview:large","max-video-preview":"max-video-preview:-1"},"canonical":"https:\/\/novatec.com.mx\/en\/product\/plastic-pallet-novapal-200\/","og_locale":"en_US","og_type":"article","og_title":"NOVAPAL 200 PALLET - Novatec Pagani","og_description":"The Novapal 200 Pallet is made of high-impact plastic, which extends its service life (more than wood) and makes it ideal for heavy work.","og_url":"https:\/\/novatec.com.mx\/en\/product\/plastic-pallet-novapal-200\/","og_site_name":"Novatec Pagani","article_publisher":"https:\/\/www.facebook.com\/NovatecPagani","article_modified_time":"2025-12-12T19:03:48+00:00","og_image":[{"width":591,"height":591,"url":"https:\/\/novatec.com.mx\/wp-content\/uploads\/2021\/04\/cajas-de-plastico-novapal200-novatec.jpg","type":"image\/jpeg"}],"twitter_card":"summary_large_image","twitter_site":"@novatec_pagani","twitter_misc":{"Est. reading time":"1 minute"},"schema":{"@context":"https:\/\/schema.org","@graph":[{"@type":"WebPage","@id":"https:\/\/novatec.com.mx\/en\/product\/plastic-pallet-novapal-200\/","url":"https:\/\/novatec.com.mx\/en\/product\/plastic-pallet-novapal-200\/","name":"NOVAPAL 200 PALLET - Novatec Pagani","isPartOf":{"@id":"https:\/\/novatec.com.mx\/en\/#website"},"primaryImageOfPage":{"@id":"https:\/\/novatec.com.mx\/en\/product\/plastic-pallet-novapal-200\/#primaryimage"},"image":{"@id":"https:\/\/novatec.com.mx\/en\/product\/plastic-pallet-novapal-200\/#primaryimage"},"thumbnailUrl":"https:\/\/novatec.com.mx\/wp-content\/uploads\/2021\/04\/cajas-de-plastico-novapal200-novatec.jpg","datePublished":"2021-04-05T23:49:08+00:00","dateModified":"2025-12-12T19:03:48+00:00","description":"The Novapal 200 Pallet is made of high-impact plastic, which extends its service life (more than wood) and makes it ideal for heavy work.","breadcrumb":{"@id":"https:\/\/novatec.com.mx\/en\/product\/plastic-pallet-novapal-200\/#breadcrumb"},"inLanguage":"en-US","potentialAction":[{"@type":"ReadAction","target":["https:\/\/novatec.com.mx\/en\/product\/plastic-pallet-novapal-200\/"]}]},{"@type":"ImageObject","inLanguage":"en-US","@id":"https:\/\/novatec.com.mx\/en\/product\/plastic-pallet-novapal-200\/#primaryimage","url":"https:\/\/novatec.com.mx\/wp-content\/uploads\/2021\/04\/cajas-de-plastico-novapal200-novatec.jpg","contentUrl":"https:\/\/novatec.com.mx\/wp-content\/uploads\/2021\/04\/cajas-de-plastico-novapal200-novatec.jpg","width":591,"height":591,"caption":"pallet-novapal200-novatec"},{"@type":"BreadcrumbList","@id":"https:\/\/novatec.com.mx\/en\/product\/plastic-pallet-novapal-200\/#breadcrumb","itemListElement":[{"@type":"ListItem","position":1,"name":"Home","item":"https:\/\/novatec.com.mx\/en\/"},{"@type":"ListItem","position":2,"name":"Shop","item":"https:\/\/novatec.com.mx\/tienda\/"},{"@type":"ListItem","position":3,"name":"NOVAPAL 200 PALLET"}]},{"@type":"WebSite","@id":"https:\/\/novatec.com.mx\/en\/#website","url":"https:\/\/novatec.com.mx\/en\/","name":"Novatec Pagani","description":"Dedicados a la fabricaci\u00f3n de cajas de pl\u00e1stico, pallets, cubetas y equipo av\u00edcola, orientados a la distribuci\u00f3n y almacenaje de productos.","publisher":{"@id":"https:\/\/novatec.com.mx\/en\/#organization"},"alternateName":"Novatec","potentialAction":[{"@type":"SearchAction","target":{"@type":"EntryPoint","urlTemplate":"https:\/\/novatec.com.mx\/en\/?s={search_term_string}"},"query-input":{"@type":"PropertyValueSpecification","valueRequired":true,"valueName":"search_term_string"}}],"inLanguage":"en-US"},{"@type":"Organization","@id":"https:\/\/novatec.com.mx\/en\/#organization","name":"Novatec Pagani","alternateName":"Novatec Pagani","url":"https:\/\/novatec.com.mx\/en\/","logo":{"@type":"ImageObject","inLanguage":"en-US","@id":"https:\/\/novatec.com.mx\/en\/#\/schema\/logo\/image\/","url":"https:\/\/novatec.com.mx\/wp-content\/uploads\/2025\/11\/Logo-Novatec-Pagani-e1763657759553.png","contentUrl":"https:\/\/novatec.com.mx\/wp-content\/uploads\/2025\/11\/Logo-Novatec-Pagani-e1763657759553.png","width":512,"height":512,"caption":"Novatec Pagani"},"image":{"@id":"https:\/\/novatec.com.mx\/en\/#\/schema\/logo\/image\/"},"sameAs":["https:\/\/www.facebook.com\/NovatecPagani","https:\/\/x.com\/novatec_pagani","https:\/\/www.linkedin.com\/company\/novatecpagani\/"]}]}},"_links":{"self":[{"href":"https:\/\/novatec.com.mx\/en\/wp-json\/wp\/v2\/product\/3854","targetHints":{"allow":["GET"]}}],"collection":[{"href":"https:\/\/novatec.com.mx\/en\/wp-json\/wp\/v2\/product"}],"about":[{"href":"https:\/\/novatec.com.mx\/en\/wp-json\/wp\/v2\/types\/product"}],"replies":[{"embeddable":true,"href":"https:\/\/novatec.com.mx\/en\/wp-json\/wp\/v2\/comments?post=3854"}],"wp:featuredmedia":[{"embeddable":true,"href":"https:\/\/novatec.com.mx\/en\/wp-json\/wp\/v2\/media\/3830"}],"wp:attachment":[{"href":"https:\/\/novatec.com.mx\/en\/wp-json\/wp\/v2\/media?parent=3854"}],"wp:term":[{"taxonomy":"product_brand","embeddable":true,"href":"https:\/\/novatec.com.mx\/en\/wp-json\/wp\/v2\/product_brand?post=3854"},{"taxonomy":"product_cat","embeddable":true,"href":"https:\/\/novatec.com.mx\/en\/wp-json\/wp\/v2\/product_cat?post=3854"},{"taxonomy":"product_tag","embeddable":true,"href":"https:\/\/novatec.com.mx\/en\/wp-json\/wp\/v2\/product_tag?post=3854"}],"curies":[{"name":"wp","href":"https:\/\/api.w.org\/{rel}","templated":true}]}}