{"id":3856,"date":"2021-04-05T18:43:09","date_gmt":"2021-04-05T23:43:09","guid":{"rendered":"http:\/\/www.novatec.com.mx\/producto\/plastic-pallet-novapal-100\/"},"modified":"2025-12-12T13:03:33","modified_gmt":"2025-12-12T19:03:33","slug":"plastic-pallet-novapal-100","status":"publish","type":"product","link":"https:\/\/novatec.com.mx\/en\/product\/plastic-pallet-novapal-100\/","title":{"rendered":"NOVAPAL 100 PALLET"},"content":{"rendered":"<div>\n<p>Low cost, resistance, and safety are just some of the features that make the Novapal 100 pallet a great tool for your processes. It is hygienic and safe as it has no nails or splinters. Manufactured with 100% recyclable materials.  <\/p>\n<p>Protect what matters most: your product and your people. The Novapal 100 eliminates the risks of traditional pallets. Forget about humidity and product damage. We have created a perfect surface to transport your goods with complete peace of mind.   <\/p>\n<p>Your guarantee of safety:<\/p>\n<ul>\n<li>100% hygienic: Does not absorb odors, does not generate fungi, and is fully washable and disinfectable. Ideal for demanding industries. <\/li>\n<li>Zero accidents: Its smooth, splinter-free plastic design protects your operators when handling it and prevents damage to your packaging.<\/li>\n<li>Chemical resistance: Withstands acids and solvents without deforming or losing integrity.<\/li>\n<\/ul>\n<p>Technical characteristics:<\/p>\n<ul>\n<li>Weight: 7.800 kg<\/li>\n<li>Dynamic load: 600 kg<\/li>\n<li>Static load: 2,000 kg<\/li>\n<li>Dimensions: 1000 x 1200 x 134 mm<\/li>\n<li>Packaging Type: Stackable (Space Saving)<\/li>\n<li>Versions: Closed and openwork (Check availability)<\/li>\n<li>Available colors: Black and Blue (Check availability)<\/li>\n<\/ul>\n<p><a title=\"Novapal 100 pallet brochure\" href=\"http:\/\/www.novatec.com.mx\/wp-content\/uploads\/2021\/02\/flyer_Novapal100-OK.pdf\" target=\"_blank\" rel=\"noopener\">Click here to view the Novapal 100 pallet brochure.<\/a><\/p>\n<\/div>\n","protected":false},"excerpt":{"rendered":"<p>Low cost, resistance, and safety are just some of the features that make the Novapal 100 pallet a great tool for your processes. It is hygienic and safe as it has no nails or splinters. Manufactured with 100% recyclable materials. Protect what matters most: your product and your people. The Novapal 100 eliminates the risks [&hellip;]<\/p>\n","protected":false},"featured_media":3818,"comment_status":"open","ping_status":"closed","template":"","meta":{"_et_pb_use_builder":"","_et_pb_old_content":"","_et_gb_content_width":"","_vp_format_video_url":"","_vp_image_focal_point":[],"_joinchat":[]},"product_brand":[],"product_cat":[44],"product_tag":[],"class_list":{"0":"post-3856","1":"product","2":"type-product","3":"status-publish","4":"has-post-thumbnail","6":"product_cat-plastic-pallets","8":"first","9":"instock","10":"shipping-taxable","11":"product-type-simple"},"yoast_head":"<!-- This site is optimized with the Yoast SEO plugin v27.3 - https:\/\/yoast.com\/product\/yoast-seo-wordpress\/ -->\n<title>Novapal 100 Pallet\/Skid - Novatec Pagani<\/title>\n<meta name=\"description\" content=\"Low cost, resistance, and safety are just some of the features that make the Novapal 100 pallet a great tool for your processes.\" \/>\n<meta name=\"robots\" content=\"index, follow, max-snippet:-1, max-image-preview:large, max-video-preview:-1\" \/>\n<link rel=\"canonical\" href=\"https:\/\/novatec.com.mx\/en\/product\/plastic-pallet-novapal-100\/\" \/>\n<meta property=\"og:locale\" content=\"en_US\" \/>\n<meta property=\"og:type\" content=\"article\" \/>\n<meta property=\"og:title\" content=\"Novapal 100 Pallet\/Skid - Novatec Pagani\" \/>\n<meta property=\"og:description\" content=\"Low cost, resistance, and safety are just some of the features that make the Novapal 100 pallet a great tool for your processes.\" \/>\n<meta property=\"og:url\" content=\"https:\/\/novatec.com.mx\/en\/product\/plastic-pallet-novapal-100\/\" \/>\n<meta property=\"og:site_name\" content=\"Novatec Pagani\" \/>\n<meta property=\"article:publisher\" content=\"https:\/\/www.facebook.com\/NovatecPagani\" \/>\n<meta property=\"article:modified_time\" content=\"2025-12-12T19:03:33+00:00\" \/>\n<meta property=\"og:image\" content=\"https:\/\/novatec.com.mx\/wp-content\/uploads\/2021\/04\/cajas-de-plastico-novapal100-novatec.jpg\" \/>\n\t<meta property=\"og:image:width\" content=\"591\" \/>\n\t<meta property=\"og:image:height\" content=\"591\" \/>\n\t<meta property=\"og:image:type\" content=\"image\/jpeg\" \/>\n<meta name=\"twitter:card\" content=\"summary_large_image\" \/>\n<meta name=\"twitter:site\" content=\"@novatec_pagani\" \/>\n<meta name=\"twitter:label1\" content=\"Est. reading time\" \/>\n\t<meta name=\"twitter:data1\" content=\"1 minute\" \/>\n<script type=\"application\/ld+json\" class=\"yoast-schema-graph\">{\"@context\":\"https:\\\/\\\/schema.org\",\"@graph\":[{\"@type\":\"WebPage\",\"@id\":\"https:\\\/\\\/novatec.com.mx\\\/en\\\/product\\\/plastic-pallet-novapal-100\\\/\",\"url\":\"https:\\\/\\\/novatec.com.mx\\\/en\\\/product\\\/plastic-pallet-novapal-100\\\/\",\"name\":\"Novapal 100 Pallet\\\/Skid - Novatec Pagani\",\"isPartOf\":{\"@id\":\"https:\\\/\\\/novatec.com.mx\\\/en\\\/#website\"},\"primaryImageOfPage\":{\"@id\":\"https:\\\/\\\/novatec.com.mx\\\/en\\\/product\\\/plastic-pallet-novapal-100\\\/#primaryimage\"},\"image\":{\"@id\":\"https:\\\/\\\/novatec.com.mx\\\/en\\\/product\\\/plastic-pallet-novapal-100\\\/#primaryimage\"},\"thumbnailUrl\":\"https:\\\/\\\/novatec.com.mx\\\/wp-content\\\/uploads\\\/2021\\\/04\\\/cajas-de-plastico-novapal100-novatec.jpg\",\"datePublished\":\"2021-04-05T23:43:09+00:00\",\"dateModified\":\"2025-12-12T19:03:33+00:00\",\"description\":\"Low cost, resistance, and safety are just some of the features that make the Novapal 100 pallet a great tool for your processes.\",\"breadcrumb\":{\"@id\":\"https:\\\/\\\/novatec.com.mx\\\/en\\\/product\\\/plastic-pallet-novapal-100\\\/#breadcrumb\"},\"inLanguage\":\"en-US\",\"potentialAction\":[{\"@type\":\"ReadAction\",\"target\":[\"https:\\\/\\\/novatec.com.mx\\\/en\\\/product\\\/plastic-pallet-novapal-100\\\/\"]}]},{\"@type\":\"ImageObject\",\"inLanguage\":\"en-US\",\"@id\":\"https:\\\/\\\/novatec.com.mx\\\/en\\\/product\\\/plastic-pallet-novapal-100\\\/#primaryimage\",\"url\":\"https:\\\/\\\/novatec.com.mx\\\/wp-content\\\/uploads\\\/2021\\\/04\\\/cajas-de-plastico-novapal100-novatec.jpg\",\"contentUrl\":\"https:\\\/\\\/novatec.com.mx\\\/wp-content\\\/uploads\\\/2021\\\/04\\\/cajas-de-plastico-novapal100-novatec.jpg\",\"width\":591,\"height\":591,\"caption\":\"cajas-de-plastico-novapal100-novatec\"},{\"@type\":\"BreadcrumbList\",\"@id\":\"https:\\\/\\\/novatec.com.mx\\\/en\\\/product\\\/plastic-pallet-novapal-100\\\/#breadcrumb\",\"itemListElement\":[{\"@type\":\"ListItem\",\"position\":1,\"name\":\"Home\",\"item\":\"https:\\\/\\\/novatec.com.mx\\\/en\\\/\"},{\"@type\":\"ListItem\",\"position\":2,\"name\":\"Shop\",\"item\":\"https:\\\/\\\/novatec.com.mx\\\/tienda\\\/\"},{\"@type\":\"ListItem\",\"position\":3,\"name\":\"NOVAPAL 100 PALLET\"}]},{\"@type\":\"WebSite\",\"@id\":\"https:\\\/\\\/novatec.com.mx\\\/en\\\/#website\",\"url\":\"https:\\\/\\\/novatec.com.mx\\\/en\\\/\",\"name\":\"Novatec Pagani\",\"description\":\"Dedicados a la fabricaci\u00f3n de cajas de pl\u00e1stico, pallets, cubetas y equipo av\u00edcola, orientados a la distribuci\u00f3n y almacenaje de productos.\",\"publisher\":{\"@id\":\"https:\\\/\\\/novatec.com.mx\\\/en\\\/#organization\"},\"alternateName\":\"Novatec\",\"potentialAction\":[{\"@type\":\"SearchAction\",\"target\":{\"@type\":\"EntryPoint\",\"urlTemplate\":\"https:\\\/\\\/novatec.com.mx\\\/en\\\/?s={search_term_string}\"},\"query-input\":{\"@type\":\"PropertyValueSpecification\",\"valueRequired\":true,\"valueName\":\"search_term_string\"}}],\"inLanguage\":\"en-US\"},{\"@type\":\"Organization\",\"@id\":\"https:\\\/\\\/novatec.com.mx\\\/en\\\/#organization\",\"name\":\"Novatec Pagani\",\"alternateName\":\"Novatec Pagani\",\"url\":\"https:\\\/\\\/novatec.com.mx\\\/en\\\/\",\"logo\":{\"@type\":\"ImageObject\",\"inLanguage\":\"en-US\",\"@id\":\"https:\\\/\\\/novatec.com.mx\\\/en\\\/#\\\/schema\\\/logo\\\/image\\\/\",\"url\":\"https:\\\/\\\/novatec.com.mx\\\/wp-content\\\/uploads\\\/2025\\\/11\\\/Logo-Novatec-Pagani-e1763657759553.png\",\"contentUrl\":\"https:\\\/\\\/novatec.com.mx\\\/wp-content\\\/uploads\\\/2025\\\/11\\\/Logo-Novatec-Pagani-e1763657759553.png\",\"width\":512,\"height\":512,\"caption\":\"Novatec Pagani\"},\"image\":{\"@id\":\"https:\\\/\\\/novatec.com.mx\\\/en\\\/#\\\/schema\\\/logo\\\/image\\\/\"},\"sameAs\":[\"https:\\\/\\\/www.facebook.com\\\/NovatecPagani\",\"https:\\\/\\\/x.com\\\/novatec_pagani\",\"https:\\\/\\\/www.linkedin.com\\\/company\\\/novatecpagani\\\/\"]}]}<\/script>\n<!-- \/ Yoast SEO plugin. -->","yoast_head_json":{"title":"Novapal 100 Pallet\/Skid - Novatec Pagani","description":"Low cost, resistance, and safety are just some of the features that make the Novapal 100 pallet a great tool for your processes.","robots":{"index":"index","follow":"follow","max-snippet":"max-snippet:-1","max-image-preview":"max-image-preview:large","max-video-preview":"max-video-preview:-1"},"canonical":"https:\/\/novatec.com.mx\/en\/product\/plastic-pallet-novapal-100\/","og_locale":"en_US","og_type":"article","og_title":"Novapal 100 Pallet\/Skid - Novatec Pagani","og_description":"Low cost, resistance, and safety are just some of the features that make the Novapal 100 pallet a great tool for your processes.","og_url":"https:\/\/novatec.com.mx\/en\/product\/plastic-pallet-novapal-100\/","og_site_name":"Novatec Pagani","article_publisher":"https:\/\/www.facebook.com\/NovatecPagani","article_modified_time":"2025-12-12T19:03:33+00:00","og_image":[{"width":591,"height":591,"url":"https:\/\/novatec.com.mx\/wp-content\/uploads\/2021\/04\/cajas-de-plastico-novapal100-novatec.jpg","type":"image\/jpeg"}],"twitter_card":"summary_large_image","twitter_site":"@novatec_pagani","twitter_misc":{"Est. reading time":"1 minute"},"schema":{"@context":"https:\/\/schema.org","@graph":[{"@type":"WebPage","@id":"https:\/\/novatec.com.mx\/en\/product\/plastic-pallet-novapal-100\/","url":"https:\/\/novatec.com.mx\/en\/product\/plastic-pallet-novapal-100\/","name":"Novapal 100 Pallet\/Skid - Novatec Pagani","isPartOf":{"@id":"https:\/\/novatec.com.mx\/en\/#website"},"primaryImageOfPage":{"@id":"https:\/\/novatec.com.mx\/en\/product\/plastic-pallet-novapal-100\/#primaryimage"},"image":{"@id":"https:\/\/novatec.com.mx\/en\/product\/plastic-pallet-novapal-100\/#primaryimage"},"thumbnailUrl":"https:\/\/novatec.com.mx\/wp-content\/uploads\/2021\/04\/cajas-de-plastico-novapal100-novatec.jpg","datePublished":"2021-04-05T23:43:09+00:00","dateModified":"2025-12-12T19:03:33+00:00","description":"Low cost, resistance, and safety are just some of the features that make the Novapal 100 pallet a great tool for your processes.","breadcrumb":{"@id":"https:\/\/novatec.com.mx\/en\/product\/plastic-pallet-novapal-100\/#breadcrumb"},"inLanguage":"en-US","potentialAction":[{"@type":"ReadAction","target":["https:\/\/novatec.com.mx\/en\/product\/plastic-pallet-novapal-100\/"]}]},{"@type":"ImageObject","inLanguage":"en-US","@id":"https:\/\/novatec.com.mx\/en\/product\/plastic-pallet-novapal-100\/#primaryimage","url":"https:\/\/novatec.com.mx\/wp-content\/uploads\/2021\/04\/cajas-de-plastico-novapal100-novatec.jpg","contentUrl":"https:\/\/novatec.com.mx\/wp-content\/uploads\/2021\/04\/cajas-de-plastico-novapal100-novatec.jpg","width":591,"height":591,"caption":"cajas-de-plastico-novapal100-novatec"},{"@type":"BreadcrumbList","@id":"https:\/\/novatec.com.mx\/en\/product\/plastic-pallet-novapal-100\/#breadcrumb","itemListElement":[{"@type":"ListItem","position":1,"name":"Home","item":"https:\/\/novatec.com.mx\/en\/"},{"@type":"ListItem","position":2,"name":"Shop","item":"https:\/\/novatec.com.mx\/tienda\/"},{"@type":"ListItem","position":3,"name":"NOVAPAL 100 PALLET"}]},{"@type":"WebSite","@id":"https:\/\/novatec.com.mx\/en\/#website","url":"https:\/\/novatec.com.mx\/en\/","name":"Novatec Pagani","description":"Dedicados a la fabricaci\u00f3n de cajas de pl\u00e1stico, pallets, cubetas y equipo av\u00edcola, orientados a la distribuci\u00f3n y almacenaje de productos.","publisher":{"@id":"https:\/\/novatec.com.mx\/en\/#organization"},"alternateName":"Novatec","potentialAction":[{"@type":"SearchAction","target":{"@type":"EntryPoint","urlTemplate":"https:\/\/novatec.com.mx\/en\/?s={search_term_string}"},"query-input":{"@type":"PropertyValueSpecification","valueRequired":true,"valueName":"search_term_string"}}],"inLanguage":"en-US"},{"@type":"Organization","@id":"https:\/\/novatec.com.mx\/en\/#organization","name":"Novatec Pagani","alternateName":"Novatec Pagani","url":"https:\/\/novatec.com.mx\/en\/","logo":{"@type":"ImageObject","inLanguage":"en-US","@id":"https:\/\/novatec.com.mx\/en\/#\/schema\/logo\/image\/","url":"https:\/\/novatec.com.mx\/wp-content\/uploads\/2025\/11\/Logo-Novatec-Pagani-e1763657759553.png","contentUrl":"https:\/\/novatec.com.mx\/wp-content\/uploads\/2025\/11\/Logo-Novatec-Pagani-e1763657759553.png","width":512,"height":512,"caption":"Novatec Pagani"},"image":{"@id":"https:\/\/novatec.com.mx\/en\/#\/schema\/logo\/image\/"},"sameAs":["https:\/\/www.facebook.com\/NovatecPagani","https:\/\/x.com\/novatec_pagani","https:\/\/www.linkedin.com\/company\/novatecpagani\/"]}]}},"_links":{"self":[{"href":"https:\/\/novatec.com.mx\/en\/wp-json\/wp\/v2\/product\/3856","targetHints":{"allow":["GET"]}}],"collection":[{"href":"https:\/\/novatec.com.mx\/en\/wp-json\/wp\/v2\/product"}],"about":[{"href":"https:\/\/novatec.com.mx\/en\/wp-json\/wp\/v2\/types\/product"}],"replies":[{"embeddable":true,"href":"https:\/\/novatec.com.mx\/en\/wp-json\/wp\/v2\/comments?post=3856"}],"wp:featuredmedia":[{"embeddable":true,"href":"https:\/\/novatec.com.mx\/en\/wp-json\/wp\/v2\/media\/3818"}],"wp:attachment":[{"href":"https:\/\/novatec.com.mx\/en\/wp-json\/wp\/v2\/media?parent=3856"}],"wp:term":[{"taxonomy":"product_brand","embeddable":true,"href":"https:\/\/novatec.com.mx\/en\/wp-json\/wp\/v2\/product_brand?post=3856"},{"taxonomy":"product_cat","embeddable":true,"href":"https:\/\/novatec.com.mx\/en\/wp-json\/wp\/v2\/product_cat?post=3856"},{"taxonomy":"product_tag","embeddable":true,"href":"https:\/\/novatec.com.mx\/en\/wp-json\/wp\/v2\/product_tag?post=3856"}],"curies":[{"name":"wp","href":"https:\/\/api.w.org\/{rel}","templated":true}]}}