{"id":6795,"date":"2021-04-05T19:03:57","date_gmt":"2021-04-06T00:03:57","guid":{"rendered":"https:\/\/www.novatec.com.mx\/producto\/pallet-np-4845-6\/"},"modified":"2025-12-12T13:03:16","modified_gmt":"2025-12-12T19:03:16","slug":"pallet-np-4845-6","status":"publish","type":"product","link":"https:\/\/novatec.com.mx\/en\/product\/pallet-np-4845-6\/","title":{"rendered":"PALLET NP 4845-6"},"content":{"rendered":"<div><span style=\"color: #000000;\">Injection molded. Options available for two or four seatbelts to secure the load. Manufactured according to AIAG sizes. Made with 100% recyclable plastic materials.   <\/span><\/div>\n<div><span style=\"color: #000000;\"> <\/span><\/div>\n<ul>\n<li><span style=\"color: #000000;\">4-way entry<\/span><\/li>\n<li><span style=\"color: #000000;\">Length: 48&#8243;<\/span><\/li>\n<li><span style=\"color: #000000;\">Width: 45&#8243;<\/span><\/li>\n<li><span style=\"color: #000000;\">Height: 6&#8243;<\/span><\/li>\n<li><span style=\"color: #000000;\">Weight: 43 lb<\/span><\/li>\n<li><span style=\"color: #000000;\">Static load: 15,000 kg<\/span><\/li>\n<li><span style=\"color: #000000;\">Dynamic load: 2,500 kg<\/span><\/li>\n<li><span style=\"color: #000000;\">Stackable quantity: 37<\/span><\/li>\n<li><span style=\"color: #000000;\">Quantity per truck: 962<\/span><\/li>\n<\/ul>\n<div><span style=\"color: #000000;\">Available colors:<\/span><\/div>\n<div>\n<ul>\n<li><span style=\"color: #000000;\">Black<\/span><\/li>\n<\/ul>\n<\/div>\n","protected":false},"excerpt":{"rendered":"<p>Injection molded. Options available for two or four seatbelts to secure the load. Manufactured according to AIAG sizes. Made with 100% recyclable plastic materials. 4-way entry Length: 48&#8243; Width: 45&#8243; Height: 6&#8243; Weight: 43 lb Static load: 15,000 kg Dynamic load: 2,500 kg Stackable quantity: 37 Quantity per truck: 962 Available colors: Black<\/p>\n","protected":false},"featured_media":3845,"comment_status":"open","ping_status":"closed","template":"","meta":{"_et_pb_use_builder":"","_et_pb_old_content":"","_et_gb_content_width":"","_vp_format_video_url":"","_vp_image_focal_point":[],"_joinchat":[]},"product_brand":[],"product_cat":[44],"product_tag":[],"class_list":{"0":"post-6795","1":"product","2":"type-product","3":"status-publish","4":"has-post-thumbnail","6":"product_cat-plastic-pallets","8":"first","9":"instock","10":"shipping-taxable","11":"product-type-simple"},"yoast_head":"<!-- This site is optimized with the Yoast SEO plugin v27.3 - https:\/\/yoast.com\/product\/yoast-seo-wordpress\/ -->\n<title>PALLET NP 4845-6 - Novatec Pagani<\/title>\n<meta name=\"robots\" content=\"index, follow, max-snippet:-1, max-image-preview:large, max-video-preview:-1\" \/>\n<link rel=\"canonical\" href=\"https:\/\/novatec.com.mx\/en\/product\/pallet-np-4845-6\/\" \/>\n<meta property=\"og:locale\" content=\"en_US\" \/>\n<meta property=\"og:type\" content=\"article\" \/>\n<meta property=\"og:title\" content=\"PALLET NP 4845-6 - Novatec Pagani\" \/>\n<meta property=\"og:description\" content=\"Injection molded. Options available for two or four seatbelts to secure the load. Manufactured according to AIAG sizes. Made with 100% recyclable plastic materials. 4-way entry Length: 48&#8243; Width: 45&#8243; Height: 6&#8243; Weight: 43 lb Static load: 15,000 kg Dynamic load: 2,500 kg Stackable quantity: 37 Quantity per truck: 962 Available colors: Black\" \/>\n<meta property=\"og:url\" content=\"https:\/\/novatec.com.mx\/en\/product\/pallet-np-4845-6\/\" \/>\n<meta property=\"og:site_name\" content=\"Novatec Pagani\" \/>\n<meta property=\"article:publisher\" content=\"https:\/\/www.facebook.com\/NovatecPagani\" \/>\n<meta property=\"article:modified_time\" content=\"2025-12-12T19:03:16+00:00\" \/>\n<meta property=\"og:image\" content=\"https:\/\/novatec.com.mx\/wp-content\/uploads\/2021\/04\/tarima-NP-4845-6-01.jpg\" \/>\n\t<meta property=\"og:image:width\" content=\"1000\" \/>\n\t<meta property=\"og:image:height\" content=\"1000\" \/>\n\t<meta property=\"og:image:type\" content=\"image\/jpeg\" \/>\n<meta name=\"twitter:card\" content=\"summary_large_image\" \/>\n<meta name=\"twitter:site\" content=\"@novatec_pagani\" \/>\n<script type=\"application\/ld+json\" class=\"yoast-schema-graph\">{\"@context\":\"https:\\\/\\\/schema.org\",\"@graph\":[{\"@type\":\"WebPage\",\"@id\":\"https:\\\/\\\/novatec.com.mx\\\/en\\\/product\\\/pallet-np-4845-6\\\/\",\"url\":\"https:\\\/\\\/novatec.com.mx\\\/en\\\/product\\\/pallet-np-4845-6\\\/\",\"name\":\"PALLET NP 4845-6 - Novatec Pagani\",\"isPartOf\":{\"@id\":\"https:\\\/\\\/novatec.com.mx\\\/en\\\/#website\"},\"primaryImageOfPage\":{\"@id\":\"https:\\\/\\\/novatec.com.mx\\\/en\\\/product\\\/pallet-np-4845-6\\\/#primaryimage\"},\"image\":{\"@id\":\"https:\\\/\\\/novatec.com.mx\\\/en\\\/product\\\/pallet-np-4845-6\\\/#primaryimage\"},\"thumbnailUrl\":\"https:\\\/\\\/novatec.com.mx\\\/wp-content\\\/uploads\\\/2021\\\/04\\\/tarima-NP-4845-6-01.jpg\",\"datePublished\":\"2021-04-06T00:03:57+00:00\",\"dateModified\":\"2025-12-12T19:03:16+00:00\",\"breadcrumb\":{\"@id\":\"https:\\\/\\\/novatec.com.mx\\\/en\\\/product\\\/pallet-np-4845-6\\\/#breadcrumb\"},\"inLanguage\":\"en-US\",\"potentialAction\":[{\"@type\":\"ReadAction\",\"target\":[\"https:\\\/\\\/novatec.com.mx\\\/en\\\/product\\\/pallet-np-4845-6\\\/\"]}]},{\"@type\":\"ImageObject\",\"inLanguage\":\"en-US\",\"@id\":\"https:\\\/\\\/novatec.com.mx\\\/en\\\/product\\\/pallet-np-4845-6\\\/#primaryimage\",\"url\":\"https:\\\/\\\/novatec.com.mx\\\/wp-content\\\/uploads\\\/2021\\\/04\\\/tarima-NP-4845-6-01.jpg\",\"contentUrl\":\"https:\\\/\\\/novatec.com.mx\\\/wp-content\\\/uploads\\\/2021\\\/04\\\/tarima-NP-4845-6-01.jpg\",\"width\":1000,\"height\":1000,\"caption\":\"pallet-NP-4845-6\"},{\"@type\":\"BreadcrumbList\",\"@id\":\"https:\\\/\\\/novatec.com.mx\\\/en\\\/product\\\/pallet-np-4845-6\\\/#breadcrumb\",\"itemListElement\":[{\"@type\":\"ListItem\",\"position\":1,\"name\":\"Home\",\"item\":\"https:\\\/\\\/novatec.com.mx\\\/en\\\/\"},{\"@type\":\"ListItem\",\"position\":2,\"name\":\"Shop\",\"item\":\"https:\\\/\\\/novatec.com.mx\\\/tienda\\\/\"},{\"@type\":\"ListItem\",\"position\":3,\"name\":\"PALLET NP 4845-6\"}]},{\"@type\":\"WebSite\",\"@id\":\"https:\\\/\\\/novatec.com.mx\\\/en\\\/#website\",\"url\":\"https:\\\/\\\/novatec.com.mx\\\/en\\\/\",\"name\":\"Novatec Pagani\",\"description\":\"Dedicados a la fabricaci\u00f3n de cajas de pl\u00e1stico, pallets, cubetas y equipo av\u00edcola, orientados a la distribuci\u00f3n y almacenaje de productos.\",\"publisher\":{\"@id\":\"https:\\\/\\\/novatec.com.mx\\\/en\\\/#organization\"},\"alternateName\":\"Novatec\",\"potentialAction\":[{\"@type\":\"SearchAction\",\"target\":{\"@type\":\"EntryPoint\",\"urlTemplate\":\"https:\\\/\\\/novatec.com.mx\\\/en\\\/?s={search_term_string}\"},\"query-input\":{\"@type\":\"PropertyValueSpecification\",\"valueRequired\":true,\"valueName\":\"search_term_string\"}}],\"inLanguage\":\"en-US\"},{\"@type\":\"Organization\",\"@id\":\"https:\\\/\\\/novatec.com.mx\\\/en\\\/#organization\",\"name\":\"Novatec Pagani\",\"alternateName\":\"Novatec Pagani\",\"url\":\"https:\\\/\\\/novatec.com.mx\\\/en\\\/\",\"logo\":{\"@type\":\"ImageObject\",\"inLanguage\":\"en-US\",\"@id\":\"https:\\\/\\\/novatec.com.mx\\\/en\\\/#\\\/schema\\\/logo\\\/image\\\/\",\"url\":\"https:\\\/\\\/novatec.com.mx\\\/wp-content\\\/uploads\\\/2025\\\/11\\\/Logo-Novatec-Pagani-e1763657759553.png\",\"contentUrl\":\"https:\\\/\\\/novatec.com.mx\\\/wp-content\\\/uploads\\\/2025\\\/11\\\/Logo-Novatec-Pagani-e1763657759553.png\",\"width\":512,\"height\":512,\"caption\":\"Novatec Pagani\"},\"image\":{\"@id\":\"https:\\\/\\\/novatec.com.mx\\\/en\\\/#\\\/schema\\\/logo\\\/image\\\/\"},\"sameAs\":[\"https:\\\/\\\/www.facebook.com\\\/NovatecPagani\",\"https:\\\/\\\/x.com\\\/novatec_pagani\",\"https:\\\/\\\/www.linkedin.com\\\/company\\\/novatecpagani\\\/\"]}]}<\/script>\n<!-- \/ Yoast SEO plugin. -->","yoast_head_json":{"title":"PALLET NP 4845-6 - Novatec Pagani","robots":{"index":"index","follow":"follow","max-snippet":"max-snippet:-1","max-image-preview":"max-image-preview:large","max-video-preview":"max-video-preview:-1"},"canonical":"https:\/\/novatec.com.mx\/en\/product\/pallet-np-4845-6\/","og_locale":"en_US","og_type":"article","og_title":"PALLET NP 4845-6 - Novatec Pagani","og_description":"Injection molded. Options available for two or four seatbelts to secure the load. Manufactured according to AIAG sizes. Made with 100% recyclable plastic materials. 4-way entry Length: 48&#8243; Width: 45&#8243; Height: 6&#8243; Weight: 43 lb Static load: 15,000 kg Dynamic load: 2,500 kg Stackable quantity: 37 Quantity per truck: 962 Available colors: Black","og_url":"https:\/\/novatec.com.mx\/en\/product\/pallet-np-4845-6\/","og_site_name":"Novatec Pagani","article_publisher":"https:\/\/www.facebook.com\/NovatecPagani","article_modified_time":"2025-12-12T19:03:16+00:00","og_image":[{"width":1000,"height":1000,"url":"https:\/\/novatec.com.mx\/wp-content\/uploads\/2021\/04\/tarima-NP-4845-6-01.jpg","type":"image\/jpeg"}],"twitter_card":"summary_large_image","twitter_site":"@novatec_pagani","schema":{"@context":"https:\/\/schema.org","@graph":[{"@type":"WebPage","@id":"https:\/\/novatec.com.mx\/en\/product\/pallet-np-4845-6\/","url":"https:\/\/novatec.com.mx\/en\/product\/pallet-np-4845-6\/","name":"PALLET NP 4845-6 - Novatec Pagani","isPartOf":{"@id":"https:\/\/novatec.com.mx\/en\/#website"},"primaryImageOfPage":{"@id":"https:\/\/novatec.com.mx\/en\/product\/pallet-np-4845-6\/#primaryimage"},"image":{"@id":"https:\/\/novatec.com.mx\/en\/product\/pallet-np-4845-6\/#primaryimage"},"thumbnailUrl":"https:\/\/novatec.com.mx\/wp-content\/uploads\/2021\/04\/tarima-NP-4845-6-01.jpg","datePublished":"2021-04-06T00:03:57+00:00","dateModified":"2025-12-12T19:03:16+00:00","breadcrumb":{"@id":"https:\/\/novatec.com.mx\/en\/product\/pallet-np-4845-6\/#breadcrumb"},"inLanguage":"en-US","potentialAction":[{"@type":"ReadAction","target":["https:\/\/novatec.com.mx\/en\/product\/pallet-np-4845-6\/"]}]},{"@type":"ImageObject","inLanguage":"en-US","@id":"https:\/\/novatec.com.mx\/en\/product\/pallet-np-4845-6\/#primaryimage","url":"https:\/\/novatec.com.mx\/wp-content\/uploads\/2021\/04\/tarima-NP-4845-6-01.jpg","contentUrl":"https:\/\/novatec.com.mx\/wp-content\/uploads\/2021\/04\/tarima-NP-4845-6-01.jpg","width":1000,"height":1000,"caption":"pallet-NP-4845-6"},{"@type":"BreadcrumbList","@id":"https:\/\/novatec.com.mx\/en\/product\/pallet-np-4845-6\/#breadcrumb","itemListElement":[{"@type":"ListItem","position":1,"name":"Home","item":"https:\/\/novatec.com.mx\/en\/"},{"@type":"ListItem","position":2,"name":"Shop","item":"https:\/\/novatec.com.mx\/tienda\/"},{"@type":"ListItem","position":3,"name":"PALLET NP 4845-6"}]},{"@type":"WebSite","@id":"https:\/\/novatec.com.mx\/en\/#website","url":"https:\/\/novatec.com.mx\/en\/","name":"Novatec Pagani","description":"Dedicados a la fabricaci\u00f3n de cajas de pl\u00e1stico, pallets, cubetas y equipo av\u00edcola, orientados a la distribuci\u00f3n y almacenaje de productos.","publisher":{"@id":"https:\/\/novatec.com.mx\/en\/#organization"},"alternateName":"Novatec","potentialAction":[{"@type":"SearchAction","target":{"@type":"EntryPoint","urlTemplate":"https:\/\/novatec.com.mx\/en\/?s={search_term_string}"},"query-input":{"@type":"PropertyValueSpecification","valueRequired":true,"valueName":"search_term_string"}}],"inLanguage":"en-US"},{"@type":"Organization","@id":"https:\/\/novatec.com.mx\/en\/#organization","name":"Novatec Pagani","alternateName":"Novatec Pagani","url":"https:\/\/novatec.com.mx\/en\/","logo":{"@type":"ImageObject","inLanguage":"en-US","@id":"https:\/\/novatec.com.mx\/en\/#\/schema\/logo\/image\/","url":"https:\/\/novatec.com.mx\/wp-content\/uploads\/2025\/11\/Logo-Novatec-Pagani-e1763657759553.png","contentUrl":"https:\/\/novatec.com.mx\/wp-content\/uploads\/2025\/11\/Logo-Novatec-Pagani-e1763657759553.png","width":512,"height":512,"caption":"Novatec Pagani"},"image":{"@id":"https:\/\/novatec.com.mx\/en\/#\/schema\/logo\/image\/"},"sameAs":["https:\/\/www.facebook.com\/NovatecPagani","https:\/\/x.com\/novatec_pagani","https:\/\/www.linkedin.com\/company\/novatecpagani\/"]}]}},"_links":{"self":[{"href":"https:\/\/novatec.com.mx\/en\/wp-json\/wp\/v2\/product\/6795","targetHints":{"allow":["GET"]}}],"collection":[{"href":"https:\/\/novatec.com.mx\/en\/wp-json\/wp\/v2\/product"}],"about":[{"href":"https:\/\/novatec.com.mx\/en\/wp-json\/wp\/v2\/types\/product"}],"replies":[{"embeddable":true,"href":"https:\/\/novatec.com.mx\/en\/wp-json\/wp\/v2\/comments?post=6795"}],"wp:featuredmedia":[{"embeddable":true,"href":"https:\/\/novatec.com.mx\/en\/wp-json\/wp\/v2\/media\/3845"}],"wp:attachment":[{"href":"https:\/\/novatec.com.mx\/en\/wp-json\/wp\/v2\/media?parent=6795"}],"wp:term":[{"taxonomy":"product_brand","embeddable":true,"href":"https:\/\/novatec.com.mx\/en\/wp-json\/wp\/v2\/product_brand?post=6795"},{"taxonomy":"product_cat","embeddable":true,"href":"https:\/\/novatec.com.mx\/en\/wp-json\/wp\/v2\/product_cat?post=6795"},{"taxonomy":"product_tag","embeddable":true,"href":"https:\/\/novatec.com.mx\/en\/wp-json\/wp\/v2\/product_tag?post=6795"}],"curies":[{"name":"wp","href":"https:\/\/api.w.org\/{rel}","templated":true}]}}