{"id":6797,"date":"2021-06-16T13:00:41","date_gmt":"2021-06-16T18:00:41","guid":{"rendered":"https:\/\/www.novatec.com.mx\/producto\/ensenada-22-crate\/"},"modified":"2025-12-12T13:03:20","modified_gmt":"2025-12-12T19:03:20","slug":"ensenada-22-crate","status":"publish","type":"product","link":"https:\/\/novatec.com.mx\/en\/product\/ensenada-22-crate\/","title":{"rendered":"Ensenada 22 Crate"},"content":{"rendered":"<p>The Ensenada 22 crate is ideal for final packaging. Thanks to its design, it has excellent ventilation and air circulation, which allows for product preservation. It is durable, easy to clean, and hygienic.  <\/p>\n<p>Capacity: 18 kg<\/p>\n<p>Volume: 49 l<\/p>\n<p>External dimensions: 60 x 40 x 22h cm<\/p>\n<p>Internal dimensions: 57.5 x 38 x 21.5 cm<\/p>\n","protected":false},"excerpt":{"rendered":"<p>The Ensenada 22 crate is ideal for final packaging. Thanks to its design, it has excellent ventilation and air circulation, which allows for product preservation. It is durable, easy to clean, and hygienic. Capacity: 18 kg Volume: 49 l External dimensions: 60 x 40 x 22h cm Internal dimensions: 57.5 x 38 x 21.5 cm<\/p>\n","protected":false},"featured_media":5075,"comment_status":"open","ping_status":"closed","template":"","meta":{"_et_pb_use_builder":"","_et_pb_old_content":"","_et_gb_content_width":"","_vp_format_video_url":"","_vp_image_focal_point":[],"_joinchat":[]},"product_brand":[],"product_cat":[70,68,39],"product_tag":[],"class_list":{"0":"post-6797","1":"product","2":"type-product","3":"status-publish","4":"has-post-thumbnail","6":"product_cat-for-agricultural-sector","7":"product_cat-for-final-packaging","8":"product_cat-plastic-containers","10":"first","11":"instock","12":"shipping-taxable","13":"product-type-simple"},"yoast_head":"<!-- This site is optimized with the Yoast SEO plugin v27.3 - https:\/\/yoast.com\/product\/yoast-seo-wordpress\/ -->\n<title>Ensenada 22 Crate - Novatec Pagani<\/title>\n<meta name=\"robots\" content=\"index, follow, max-snippet:-1, max-image-preview:large, max-video-preview:-1\" \/>\n<link rel=\"canonical\" href=\"https:\/\/novatec.com.mx\/en\/product\/ensenada-22-crate\/\" \/>\n<meta property=\"og:locale\" content=\"en_US\" \/>\n<meta property=\"og:type\" content=\"article\" \/>\n<meta property=\"og:title\" content=\"Ensenada 22 Crate - Novatec Pagani\" \/>\n<meta property=\"og:description\" content=\"The Ensenada 22 crate is ideal for final packaging. Thanks to its design, it has excellent ventilation and air circulation, which allows for product preservation. It is durable, easy to clean, and hygienic. Capacity: 18 kg Volume: 49 l External dimensions: 60 x 40 x 22h cm Internal dimensions: 57.5 x 38 x 21.5 cm\" \/>\n<meta property=\"og:url\" content=\"https:\/\/novatec.com.mx\/en\/product\/ensenada-22-crate\/\" \/>\n<meta property=\"og:site_name\" content=\"Novatec Pagani\" \/>\n<meta property=\"article:publisher\" content=\"https:\/\/www.facebook.com\/NovatecPagani\" \/>\n<meta property=\"article:modified_time\" content=\"2025-12-12T19:03:20+00:00\" \/>\n<meta property=\"og:image\" content=\"https:\/\/novatec.com.mx\/wp-content\/uploads\/2021\/06\/cajas-de-plastico-Ensenada-22-novatec-01.jpg\" \/>\n\t<meta property=\"og:image:width\" content=\"591\" \/>\n\t<meta property=\"og:image:height\" content=\"591\" \/>\n\t<meta property=\"og:image:type\" content=\"image\/jpeg\" \/>\n<meta name=\"twitter:card\" content=\"summary_large_image\" \/>\n<meta name=\"twitter:site\" content=\"@novatec_pagani\" \/>\n<script type=\"application\/ld+json\" class=\"yoast-schema-graph\">{\"@context\":\"https:\\\/\\\/schema.org\",\"@graph\":[{\"@type\":\"WebPage\",\"@id\":\"https:\\\/\\\/novatec.com.mx\\\/en\\\/product\\\/ensenada-22-crate\\\/\",\"url\":\"https:\\\/\\\/novatec.com.mx\\\/en\\\/product\\\/ensenada-22-crate\\\/\",\"name\":\"Ensenada 22 Crate - Novatec Pagani\",\"isPartOf\":{\"@id\":\"https:\\\/\\\/novatec.com.mx\\\/en\\\/#website\"},\"primaryImageOfPage\":{\"@id\":\"https:\\\/\\\/novatec.com.mx\\\/en\\\/product\\\/ensenada-22-crate\\\/#primaryimage\"},\"image\":{\"@id\":\"https:\\\/\\\/novatec.com.mx\\\/en\\\/product\\\/ensenada-22-crate\\\/#primaryimage\"},\"thumbnailUrl\":\"https:\\\/\\\/novatec.com.mx\\\/wp-content\\\/uploads\\\/2021\\\/06\\\/cajas-de-plastico-Ensenada-22-novatec-01.jpg\",\"datePublished\":\"2021-06-16T18:00:41+00:00\",\"dateModified\":\"2025-12-12T19:03:20+00:00\",\"breadcrumb\":{\"@id\":\"https:\\\/\\\/novatec.com.mx\\\/en\\\/product\\\/ensenada-22-crate\\\/#breadcrumb\"},\"inLanguage\":\"en-US\",\"potentialAction\":[{\"@type\":\"ReadAction\",\"target\":[\"https:\\\/\\\/novatec.com.mx\\\/en\\\/product\\\/ensenada-22-crate\\\/\"]}]},{\"@type\":\"ImageObject\",\"inLanguage\":\"en-US\",\"@id\":\"https:\\\/\\\/novatec.com.mx\\\/en\\\/product\\\/ensenada-22-crate\\\/#primaryimage\",\"url\":\"https:\\\/\\\/novatec.com.mx\\\/wp-content\\\/uploads\\\/2021\\\/06\\\/cajas-de-plastico-Ensenada-22-novatec-01.jpg\",\"contentUrl\":\"https:\\\/\\\/novatec.com.mx\\\/wp-content\\\/uploads\\\/2021\\\/06\\\/cajas-de-plastico-Ensenada-22-novatec-01.jpg\",\"width\":591,\"height\":591,\"caption\":\"Ensenada 22 Crate\"},{\"@type\":\"BreadcrumbList\",\"@id\":\"https:\\\/\\\/novatec.com.mx\\\/en\\\/product\\\/ensenada-22-crate\\\/#breadcrumb\",\"itemListElement\":[{\"@type\":\"ListItem\",\"position\":1,\"name\":\"Home\",\"item\":\"https:\\\/\\\/novatec.com.mx\\\/en\\\/\"},{\"@type\":\"ListItem\",\"position\":2,\"name\":\"Shop\",\"item\":\"https:\\\/\\\/novatec.com.mx\\\/tienda\\\/\"},{\"@type\":\"ListItem\",\"position\":3,\"name\":\"Ensenada 22 Crate\"}]},{\"@type\":\"WebSite\",\"@id\":\"https:\\\/\\\/novatec.com.mx\\\/en\\\/#website\",\"url\":\"https:\\\/\\\/novatec.com.mx\\\/en\\\/\",\"name\":\"Novatec Pagani\",\"description\":\"Dedicados a la fabricaci\u00f3n de cajas de pl\u00e1stico, pallets, cubetas y equipo av\u00edcola, orientados a la distribuci\u00f3n y almacenaje de productos.\",\"publisher\":{\"@id\":\"https:\\\/\\\/novatec.com.mx\\\/en\\\/#organization\"},\"alternateName\":\"Novatec\",\"potentialAction\":[{\"@type\":\"SearchAction\",\"target\":{\"@type\":\"EntryPoint\",\"urlTemplate\":\"https:\\\/\\\/novatec.com.mx\\\/en\\\/?s={search_term_string}\"},\"query-input\":{\"@type\":\"PropertyValueSpecification\",\"valueRequired\":true,\"valueName\":\"search_term_string\"}}],\"inLanguage\":\"en-US\"},{\"@type\":\"Organization\",\"@id\":\"https:\\\/\\\/novatec.com.mx\\\/en\\\/#organization\",\"name\":\"Novatec Pagani\",\"alternateName\":\"Novatec Pagani\",\"url\":\"https:\\\/\\\/novatec.com.mx\\\/en\\\/\",\"logo\":{\"@type\":\"ImageObject\",\"inLanguage\":\"en-US\",\"@id\":\"https:\\\/\\\/novatec.com.mx\\\/en\\\/#\\\/schema\\\/logo\\\/image\\\/\",\"url\":\"https:\\\/\\\/novatec.com.mx\\\/wp-content\\\/uploads\\\/2025\\\/11\\\/Logo-Novatec-Pagani-e1763657759553.png\",\"contentUrl\":\"https:\\\/\\\/novatec.com.mx\\\/wp-content\\\/uploads\\\/2025\\\/11\\\/Logo-Novatec-Pagani-e1763657759553.png\",\"width\":512,\"height\":512,\"caption\":\"Novatec Pagani\"},\"image\":{\"@id\":\"https:\\\/\\\/novatec.com.mx\\\/en\\\/#\\\/schema\\\/logo\\\/image\\\/\"},\"sameAs\":[\"https:\\\/\\\/www.facebook.com\\\/NovatecPagani\",\"https:\\\/\\\/x.com\\\/novatec_pagani\",\"https:\\\/\\\/www.linkedin.com\\\/company\\\/novatecpagani\\\/\"]}]}<\/script>\n<!-- \/ Yoast SEO plugin. -->","yoast_head_json":{"title":"Ensenada 22 Crate - Novatec Pagani","robots":{"index":"index","follow":"follow","max-snippet":"max-snippet:-1","max-image-preview":"max-image-preview:large","max-video-preview":"max-video-preview:-1"},"canonical":"https:\/\/novatec.com.mx\/en\/product\/ensenada-22-crate\/","og_locale":"en_US","og_type":"article","og_title":"Ensenada 22 Crate - Novatec Pagani","og_description":"The Ensenada 22 crate is ideal for final packaging. Thanks to its design, it has excellent ventilation and air circulation, which allows for product preservation. It is durable, easy to clean, and hygienic. Capacity: 18 kg Volume: 49 l External dimensions: 60 x 40 x 22h cm Internal dimensions: 57.5 x 38 x 21.5 cm","og_url":"https:\/\/novatec.com.mx\/en\/product\/ensenada-22-crate\/","og_site_name":"Novatec Pagani","article_publisher":"https:\/\/www.facebook.com\/NovatecPagani","article_modified_time":"2025-12-12T19:03:20+00:00","og_image":[{"width":591,"height":591,"url":"https:\/\/novatec.com.mx\/wp-content\/uploads\/2021\/06\/cajas-de-plastico-Ensenada-22-novatec-01.jpg","type":"image\/jpeg"}],"twitter_card":"summary_large_image","twitter_site":"@novatec_pagani","schema":{"@context":"https:\/\/schema.org","@graph":[{"@type":"WebPage","@id":"https:\/\/novatec.com.mx\/en\/product\/ensenada-22-crate\/","url":"https:\/\/novatec.com.mx\/en\/product\/ensenada-22-crate\/","name":"Ensenada 22 Crate - Novatec Pagani","isPartOf":{"@id":"https:\/\/novatec.com.mx\/en\/#website"},"primaryImageOfPage":{"@id":"https:\/\/novatec.com.mx\/en\/product\/ensenada-22-crate\/#primaryimage"},"image":{"@id":"https:\/\/novatec.com.mx\/en\/product\/ensenada-22-crate\/#primaryimage"},"thumbnailUrl":"https:\/\/novatec.com.mx\/wp-content\/uploads\/2021\/06\/cajas-de-plastico-Ensenada-22-novatec-01.jpg","datePublished":"2021-06-16T18:00:41+00:00","dateModified":"2025-12-12T19:03:20+00:00","breadcrumb":{"@id":"https:\/\/novatec.com.mx\/en\/product\/ensenada-22-crate\/#breadcrumb"},"inLanguage":"en-US","potentialAction":[{"@type":"ReadAction","target":["https:\/\/novatec.com.mx\/en\/product\/ensenada-22-crate\/"]}]},{"@type":"ImageObject","inLanguage":"en-US","@id":"https:\/\/novatec.com.mx\/en\/product\/ensenada-22-crate\/#primaryimage","url":"https:\/\/novatec.com.mx\/wp-content\/uploads\/2021\/06\/cajas-de-plastico-Ensenada-22-novatec-01.jpg","contentUrl":"https:\/\/novatec.com.mx\/wp-content\/uploads\/2021\/06\/cajas-de-plastico-Ensenada-22-novatec-01.jpg","width":591,"height":591,"caption":"Ensenada 22 Crate"},{"@type":"BreadcrumbList","@id":"https:\/\/novatec.com.mx\/en\/product\/ensenada-22-crate\/#breadcrumb","itemListElement":[{"@type":"ListItem","position":1,"name":"Home","item":"https:\/\/novatec.com.mx\/en\/"},{"@type":"ListItem","position":2,"name":"Shop","item":"https:\/\/novatec.com.mx\/tienda\/"},{"@type":"ListItem","position":3,"name":"Ensenada 22 Crate"}]},{"@type":"WebSite","@id":"https:\/\/novatec.com.mx\/en\/#website","url":"https:\/\/novatec.com.mx\/en\/","name":"Novatec Pagani","description":"Dedicados a la fabricaci\u00f3n de cajas de pl\u00e1stico, pallets, cubetas y equipo av\u00edcola, orientados a la distribuci\u00f3n y almacenaje de productos.","publisher":{"@id":"https:\/\/novatec.com.mx\/en\/#organization"},"alternateName":"Novatec","potentialAction":[{"@type":"SearchAction","target":{"@type":"EntryPoint","urlTemplate":"https:\/\/novatec.com.mx\/en\/?s={search_term_string}"},"query-input":{"@type":"PropertyValueSpecification","valueRequired":true,"valueName":"search_term_string"}}],"inLanguage":"en-US"},{"@type":"Organization","@id":"https:\/\/novatec.com.mx\/en\/#organization","name":"Novatec Pagani","alternateName":"Novatec Pagani","url":"https:\/\/novatec.com.mx\/en\/","logo":{"@type":"ImageObject","inLanguage":"en-US","@id":"https:\/\/novatec.com.mx\/en\/#\/schema\/logo\/image\/","url":"https:\/\/novatec.com.mx\/wp-content\/uploads\/2025\/11\/Logo-Novatec-Pagani-e1763657759553.png","contentUrl":"https:\/\/novatec.com.mx\/wp-content\/uploads\/2025\/11\/Logo-Novatec-Pagani-e1763657759553.png","width":512,"height":512,"caption":"Novatec Pagani"},"image":{"@id":"https:\/\/novatec.com.mx\/en\/#\/schema\/logo\/image\/"},"sameAs":["https:\/\/www.facebook.com\/NovatecPagani","https:\/\/x.com\/novatec_pagani","https:\/\/www.linkedin.com\/company\/novatecpagani\/"]}]}},"_links":{"self":[{"href":"https:\/\/novatec.com.mx\/en\/wp-json\/wp\/v2\/product\/6797","targetHints":{"allow":["GET"]}}],"collection":[{"href":"https:\/\/novatec.com.mx\/en\/wp-json\/wp\/v2\/product"}],"about":[{"href":"https:\/\/novatec.com.mx\/en\/wp-json\/wp\/v2\/types\/product"}],"replies":[{"embeddable":true,"href":"https:\/\/novatec.com.mx\/en\/wp-json\/wp\/v2\/comments?post=6797"}],"wp:featuredmedia":[{"embeddable":true,"href":"https:\/\/novatec.com.mx\/en\/wp-json\/wp\/v2\/media\/5075"}],"wp:attachment":[{"href":"https:\/\/novatec.com.mx\/en\/wp-json\/wp\/v2\/media?parent=6797"}],"wp:term":[{"taxonomy":"product_brand","embeddable":true,"href":"https:\/\/novatec.com.mx\/en\/wp-json\/wp\/v2\/product_brand?post=6797"},{"taxonomy":"product_cat","embeddable":true,"href":"https:\/\/novatec.com.mx\/en\/wp-json\/wp\/v2\/product_cat?post=6797"},{"taxonomy":"product_tag","embeddable":true,"href":"https:\/\/novatec.com.mx\/en\/wp-json\/wp\/v2\/product_tag?post=6797"}],"curies":[{"name":"wp","href":"https:\/\/api.w.org\/{rel}","templated":true}]}}