{"id":6803,"date":"2021-04-05T18:26:00","date_gmt":"2021-04-05T23:26:00","guid":{"rendered":"https:\/\/www.novatec.com.mx\/producto\/plastic-round-pot-for-greenhouse\/"},"modified":"2025-12-12T13:03:32","modified_gmt":"2025-12-12T19:03:32","slug":"plastic-round-pot-for-greenhouse","status":"publish","type":"product","link":"https:\/\/novatec.com.mx\/en\/product\/plastic-round-pot-for-greenhouse\/","title":{"rendered":"PLASTIC ROUND POT FOR GREENHOUSE"},"content":{"rendered":"<p><span style=\"color: #000000;\">Manufactured in <b>polypropylene<\/b> with ultraviolet ray inhibitors.<br \/>\n<\/span><\/p>\n<div><span style=\"color: #000000;\"> <\/span><\/div>\n<div>\n<ul>\n<li><span style=\"color: #000000;\">Capacity: 27 lt<\/span><\/li>\n<li><span style=\"color: #000000;\">44 holes of 11 mm in diameter<\/span><\/li>\n<li><span style=\"color: #000000;\">30 holes of 8 mm in diameter<\/span><\/li>\n<li><span style=\"color: #000000;\">12 side windows<\/span><\/li>\n<li><span style=\"color: #000000;\">Especially for greenhouse blueberry production<\/span><\/li>\n<li><span style=\"color: #000000;\">Reinforced legs, 30 mm high<\/span><\/li>\n<li><span style=\"color: #000000;\">Support handle<\/span><\/li>\n<li><span style=\"color: #000000;\">Excellent drainage<\/span><\/li>\n<\/ul>\n<p><span style=\"color: #252525;\"> <\/span><\/p>\n<\/div>\n<div><span style=\"color: #252525;\"><a title=\"Novatec pot brochure\" href=\"http:\/\/www.novatec.com.mx\/wp-content\/uploads\/2021\/02\/flyer_Maceta-OK.pdf\" target=\"_blank\" rel=\"noopener\">Click here to view the brochure.<\/a><\/span><\/div>\n","protected":false},"excerpt":{"rendered":"<p>Manufactured in polypropylene with ultraviolet ray inhibitors. Capacity: 27 lt 44 holes of 11 mm in diameter 30 holes of 8 mm in diameter 12 side windows Especially for greenhouse blueberry production Reinforced legs, 30 mm high Support handle Excellent drainage Click here to view the brochure.<\/p>\n","protected":false},"featured_media":5348,"comment_status":"open","ping_status":"closed","template":"","meta":{"_et_pb_use_builder":"","_et_pb_old_content":"","_et_gb_content_width":"","_vp_format_video_url":"","_vp_image_focal_point":[],"_joinchat":[]},"product_brand":[],"product_cat":[61],"product_tag":[],"class_list":{"0":"post-6803","1":"product","2":"type-product","3":"status-publish","4":"has-post-thumbnail","6":"product_cat-planters-and-bases","8":"first","9":"instock","10":"shipping-taxable","11":"product-type-simple"},"yoast_head":"<!-- This site is optimized with the Yoast SEO plugin v27.3 - https:\/\/yoast.com\/product\/yoast-seo-wordpress\/ -->\n<title>PLASTIC ROUND POT FOR GREENHOUSE - Novatec Pagani<\/title>\n<meta name=\"robots\" content=\"index, follow, max-snippet:-1, max-image-preview:large, max-video-preview:-1\" \/>\n<link rel=\"canonical\" href=\"https:\/\/novatec.com.mx\/en\/product\/plastic-round-pot-for-greenhouse\/\" \/>\n<meta property=\"og:locale\" content=\"en_US\" \/>\n<meta property=\"og:type\" content=\"article\" \/>\n<meta property=\"og:title\" content=\"PLASTIC ROUND POT FOR GREENHOUSE - Novatec Pagani\" \/>\n<meta property=\"og:description\" content=\"Manufactured in polypropylene with ultraviolet ray inhibitors. Capacity: 27 lt 44 holes of 11 mm in diameter 30 holes of 8 mm in diameter 12 side windows Especially for greenhouse blueberry production Reinforced legs, 30 mm high Support handle Excellent drainage Click here to view the brochure.\" \/>\n<meta property=\"og:url\" content=\"https:\/\/novatec.com.mx\/en\/product\/plastic-round-pot-for-greenhouse\/\" \/>\n<meta property=\"og:site_name\" content=\"Novatec Pagani\" \/>\n<meta property=\"article:publisher\" content=\"https:\/\/www.facebook.com\/NovatecPagani\" \/>\n<meta property=\"article:modified_time\" content=\"2025-12-12T19:03:32+00:00\" \/>\n<meta property=\"og:image\" content=\"https:\/\/novatec.com.mx\/wp-content\/uploads\/2025\/05\/maceta-1.webp\" \/>\n\t<meta property=\"og:image:width\" content=\"1000\" \/>\n\t<meta property=\"og:image:height\" content=\"1000\" \/>\n\t<meta property=\"og:image:type\" content=\"image\/webp\" \/>\n<meta name=\"twitter:card\" content=\"summary_large_image\" \/>\n<meta name=\"twitter:site\" content=\"@novatec_pagani\" \/>\n<script type=\"application\/ld+json\" class=\"yoast-schema-graph\">{\"@context\":\"https:\\\/\\\/schema.org\",\"@graph\":[{\"@type\":\"WebPage\",\"@id\":\"https:\\\/\\\/novatec.com.mx\\\/en\\\/product\\\/plastic-round-pot-for-greenhouse\\\/\",\"url\":\"https:\\\/\\\/novatec.com.mx\\\/en\\\/product\\\/plastic-round-pot-for-greenhouse\\\/\",\"name\":\"PLASTIC ROUND POT FOR GREENHOUSE - Novatec Pagani\",\"isPartOf\":{\"@id\":\"https:\\\/\\\/novatec.com.mx\\\/en\\\/#website\"},\"primaryImageOfPage\":{\"@id\":\"https:\\\/\\\/novatec.com.mx\\\/en\\\/product\\\/plastic-round-pot-for-greenhouse\\\/#primaryimage\"},\"image\":{\"@id\":\"https:\\\/\\\/novatec.com.mx\\\/en\\\/product\\\/plastic-round-pot-for-greenhouse\\\/#primaryimage\"},\"thumbnailUrl\":\"https:\\\/\\\/novatec.com.mx\\\/wp-content\\\/uploads\\\/2025\\\/05\\\/maceta-1.webp\",\"datePublished\":\"2021-04-05T23:26:00+00:00\",\"dateModified\":\"2025-12-12T19:03:32+00:00\",\"breadcrumb\":{\"@id\":\"https:\\\/\\\/novatec.com.mx\\\/en\\\/product\\\/plastic-round-pot-for-greenhouse\\\/#breadcrumb\"},\"inLanguage\":\"en-US\",\"potentialAction\":[{\"@type\":\"ReadAction\",\"target\":[\"https:\\\/\\\/novatec.com.mx\\\/en\\\/product\\\/plastic-round-pot-for-greenhouse\\\/\"]}]},{\"@type\":\"ImageObject\",\"inLanguage\":\"en-US\",\"@id\":\"https:\\\/\\\/novatec.com.mx\\\/en\\\/product\\\/plastic-round-pot-for-greenhouse\\\/#primaryimage\",\"url\":\"https:\\\/\\\/novatec.com.mx\\\/wp-content\\\/uploads\\\/2025\\\/05\\\/maceta-1.webp\",\"contentUrl\":\"https:\\\/\\\/novatec.com.mx\\\/wp-content\\\/uploads\\\/2025\\\/05\\\/maceta-1.webp\",\"width\":1000,\"height\":1000,\"caption\":\"maceta-redonda\"},{\"@type\":\"BreadcrumbList\",\"@id\":\"https:\\\/\\\/novatec.com.mx\\\/en\\\/product\\\/plastic-round-pot-for-greenhouse\\\/#breadcrumb\",\"itemListElement\":[{\"@type\":\"ListItem\",\"position\":1,\"name\":\"Home\",\"item\":\"https:\\\/\\\/novatec.com.mx\\\/en\\\/\"},{\"@type\":\"ListItem\",\"position\":2,\"name\":\"Shop\",\"item\":\"https:\\\/\\\/novatec.com.mx\\\/tienda\\\/\"},{\"@type\":\"ListItem\",\"position\":3,\"name\":\"PLASTIC ROUND POT FOR GREENHOUSE\"}]},{\"@type\":\"WebSite\",\"@id\":\"https:\\\/\\\/novatec.com.mx\\\/en\\\/#website\",\"url\":\"https:\\\/\\\/novatec.com.mx\\\/en\\\/\",\"name\":\"Novatec Pagani\",\"description\":\"Dedicados a la fabricaci\u00f3n de cajas de pl\u00e1stico, pallets, cubetas y equipo av\u00edcola, orientados a la distribuci\u00f3n y almacenaje de productos.\",\"publisher\":{\"@id\":\"https:\\\/\\\/novatec.com.mx\\\/en\\\/#organization\"},\"alternateName\":\"Novatec\",\"potentialAction\":[{\"@type\":\"SearchAction\",\"target\":{\"@type\":\"EntryPoint\",\"urlTemplate\":\"https:\\\/\\\/novatec.com.mx\\\/en\\\/?s={search_term_string}\"},\"query-input\":{\"@type\":\"PropertyValueSpecification\",\"valueRequired\":true,\"valueName\":\"search_term_string\"}}],\"inLanguage\":\"en-US\"},{\"@type\":\"Organization\",\"@id\":\"https:\\\/\\\/novatec.com.mx\\\/en\\\/#organization\",\"name\":\"Novatec Pagani\",\"alternateName\":\"Novatec Pagani\",\"url\":\"https:\\\/\\\/novatec.com.mx\\\/en\\\/\",\"logo\":{\"@type\":\"ImageObject\",\"inLanguage\":\"en-US\",\"@id\":\"https:\\\/\\\/novatec.com.mx\\\/en\\\/#\\\/schema\\\/logo\\\/image\\\/\",\"url\":\"https:\\\/\\\/novatec.com.mx\\\/wp-content\\\/uploads\\\/2025\\\/11\\\/Logo-Novatec-Pagani-e1763657759553.png\",\"contentUrl\":\"https:\\\/\\\/novatec.com.mx\\\/wp-content\\\/uploads\\\/2025\\\/11\\\/Logo-Novatec-Pagani-e1763657759553.png\",\"width\":512,\"height\":512,\"caption\":\"Novatec Pagani\"},\"image\":{\"@id\":\"https:\\\/\\\/novatec.com.mx\\\/en\\\/#\\\/schema\\\/logo\\\/image\\\/\"},\"sameAs\":[\"https:\\\/\\\/www.facebook.com\\\/NovatecPagani\",\"https:\\\/\\\/x.com\\\/novatec_pagani\",\"https:\\\/\\\/www.linkedin.com\\\/company\\\/novatecpagani\\\/\"]}]}<\/script>\n<!-- \/ Yoast SEO plugin. -->","yoast_head_json":{"title":"PLASTIC ROUND POT FOR GREENHOUSE - Novatec Pagani","robots":{"index":"index","follow":"follow","max-snippet":"max-snippet:-1","max-image-preview":"max-image-preview:large","max-video-preview":"max-video-preview:-1"},"canonical":"https:\/\/novatec.com.mx\/en\/product\/plastic-round-pot-for-greenhouse\/","og_locale":"en_US","og_type":"article","og_title":"PLASTIC ROUND POT FOR GREENHOUSE - Novatec Pagani","og_description":"Manufactured in polypropylene with ultraviolet ray inhibitors. Capacity: 27 lt 44 holes of 11 mm in diameter 30 holes of 8 mm in diameter 12 side windows Especially for greenhouse blueberry production Reinforced legs, 30 mm high Support handle Excellent drainage Click here to view the brochure.","og_url":"https:\/\/novatec.com.mx\/en\/product\/plastic-round-pot-for-greenhouse\/","og_site_name":"Novatec Pagani","article_publisher":"https:\/\/www.facebook.com\/NovatecPagani","article_modified_time":"2025-12-12T19:03:32+00:00","og_image":[{"width":1000,"height":1000,"url":"https:\/\/novatec.com.mx\/wp-content\/uploads\/2025\/05\/maceta-1.webp","type":"image\/webp"}],"twitter_card":"summary_large_image","twitter_site":"@novatec_pagani","schema":{"@context":"https:\/\/schema.org","@graph":[{"@type":"WebPage","@id":"https:\/\/novatec.com.mx\/en\/product\/plastic-round-pot-for-greenhouse\/","url":"https:\/\/novatec.com.mx\/en\/product\/plastic-round-pot-for-greenhouse\/","name":"PLASTIC ROUND POT FOR GREENHOUSE - Novatec Pagani","isPartOf":{"@id":"https:\/\/novatec.com.mx\/en\/#website"},"primaryImageOfPage":{"@id":"https:\/\/novatec.com.mx\/en\/product\/plastic-round-pot-for-greenhouse\/#primaryimage"},"image":{"@id":"https:\/\/novatec.com.mx\/en\/product\/plastic-round-pot-for-greenhouse\/#primaryimage"},"thumbnailUrl":"https:\/\/novatec.com.mx\/wp-content\/uploads\/2025\/05\/maceta-1.webp","datePublished":"2021-04-05T23:26:00+00:00","dateModified":"2025-12-12T19:03:32+00:00","breadcrumb":{"@id":"https:\/\/novatec.com.mx\/en\/product\/plastic-round-pot-for-greenhouse\/#breadcrumb"},"inLanguage":"en-US","potentialAction":[{"@type":"ReadAction","target":["https:\/\/novatec.com.mx\/en\/product\/plastic-round-pot-for-greenhouse\/"]}]},{"@type":"ImageObject","inLanguage":"en-US","@id":"https:\/\/novatec.com.mx\/en\/product\/plastic-round-pot-for-greenhouse\/#primaryimage","url":"https:\/\/novatec.com.mx\/wp-content\/uploads\/2025\/05\/maceta-1.webp","contentUrl":"https:\/\/novatec.com.mx\/wp-content\/uploads\/2025\/05\/maceta-1.webp","width":1000,"height":1000,"caption":"maceta-redonda"},{"@type":"BreadcrumbList","@id":"https:\/\/novatec.com.mx\/en\/product\/plastic-round-pot-for-greenhouse\/#breadcrumb","itemListElement":[{"@type":"ListItem","position":1,"name":"Home","item":"https:\/\/novatec.com.mx\/en\/"},{"@type":"ListItem","position":2,"name":"Shop","item":"https:\/\/novatec.com.mx\/tienda\/"},{"@type":"ListItem","position":3,"name":"PLASTIC ROUND POT FOR GREENHOUSE"}]},{"@type":"WebSite","@id":"https:\/\/novatec.com.mx\/en\/#website","url":"https:\/\/novatec.com.mx\/en\/","name":"Novatec Pagani","description":"Dedicados a la fabricaci\u00f3n de cajas de pl\u00e1stico, pallets, cubetas y equipo av\u00edcola, orientados a la distribuci\u00f3n y almacenaje de productos.","publisher":{"@id":"https:\/\/novatec.com.mx\/en\/#organization"},"alternateName":"Novatec","potentialAction":[{"@type":"SearchAction","target":{"@type":"EntryPoint","urlTemplate":"https:\/\/novatec.com.mx\/en\/?s={search_term_string}"},"query-input":{"@type":"PropertyValueSpecification","valueRequired":true,"valueName":"search_term_string"}}],"inLanguage":"en-US"},{"@type":"Organization","@id":"https:\/\/novatec.com.mx\/en\/#organization","name":"Novatec Pagani","alternateName":"Novatec Pagani","url":"https:\/\/novatec.com.mx\/en\/","logo":{"@type":"ImageObject","inLanguage":"en-US","@id":"https:\/\/novatec.com.mx\/en\/#\/schema\/logo\/image\/","url":"https:\/\/novatec.com.mx\/wp-content\/uploads\/2025\/11\/Logo-Novatec-Pagani-e1763657759553.png","contentUrl":"https:\/\/novatec.com.mx\/wp-content\/uploads\/2025\/11\/Logo-Novatec-Pagani-e1763657759553.png","width":512,"height":512,"caption":"Novatec Pagani"},"image":{"@id":"https:\/\/novatec.com.mx\/en\/#\/schema\/logo\/image\/"},"sameAs":["https:\/\/www.facebook.com\/NovatecPagani","https:\/\/x.com\/novatec_pagani","https:\/\/www.linkedin.com\/company\/novatecpagani\/"]}]}},"_links":{"self":[{"href":"https:\/\/novatec.com.mx\/en\/wp-json\/wp\/v2\/product\/6803","targetHints":{"allow":["GET"]}}],"collection":[{"href":"https:\/\/novatec.com.mx\/en\/wp-json\/wp\/v2\/product"}],"about":[{"href":"https:\/\/novatec.com.mx\/en\/wp-json\/wp\/v2\/types\/product"}],"replies":[{"embeddable":true,"href":"https:\/\/novatec.com.mx\/en\/wp-json\/wp\/v2\/comments?post=6803"}],"wp:featuredmedia":[{"embeddable":true,"href":"https:\/\/novatec.com.mx\/en\/wp-json\/wp\/v2\/media\/5348"}],"wp:attachment":[{"href":"https:\/\/novatec.com.mx\/en\/wp-json\/wp\/v2\/media?parent=6803"}],"wp:term":[{"taxonomy":"product_brand","embeddable":true,"href":"https:\/\/novatec.com.mx\/en\/wp-json\/wp\/v2\/product_brand?post=6803"},{"taxonomy":"product_cat","embeddable":true,"href":"https:\/\/novatec.com.mx\/en\/wp-json\/wp\/v2\/product_cat?post=6803"},{"taxonomy":"product_tag","embeddable":true,"href":"https:\/\/novatec.com.mx\/en\/wp-json\/wp\/v2\/product_tag?post=6803"}],"curies":[{"name":"wp","href":"https:\/\/api.w.org\/{rel}","templated":true}]}}