{"id":6808,"date":"2021-04-05T18:11:50","date_gmt":"2021-04-05T23:11:50","guid":{"rendered":"https:\/\/www.novatec.com.mx\/producto\/drawers\/"},"modified":"2025-12-12T13:04:08","modified_gmt":"2025-12-12T19:04:08","slug":"drawers","status":"publish","type":"product","link":"https:\/\/novatec.com.mx\/en\/product\/drawers\/","title":{"rendered":"DRAWERS"},"content":{"rendered":"<p><span style=\"color: #000000;\">Thanks to their <b>great design<\/b>, our <b>Drawers<\/b> are ideal for <b>any industry<\/b>. They are <b>resistant<\/b>, <b>practical<\/b>, and very <b>lightweight<\/b>. They allow for <b>space saving<\/b> because they are <b>stackable<\/b>. <\/span><\/p>\n<div><span style=\"color: #000000;\"> <\/span><\/div>\n<div><span style=\"color: #000000;\">     <b>Model External Dimensions Weight<\/b><\/span><\/div>\n<div>\n<div>\n<ul>\n<li><span style=\"color: #000000;\">Drawer 1 15.3 x 10.3 x 7.5h cm 110 g<\/span><\/li>\n<li><span style=\"color: #000000;\">Drawer 2 22.5 x 15 x 12.5h cm 235 g<\/span><\/li>\n<li><span style=\"color: #000000;\">Drawer 3 28.5 x 19.6 x 15.8h cm 750 g<\/span><\/li>\n<li><span style=\"color: #000000;\">Drawer 4 38 x 26.4 x 17.6h cm 1270 g<\/span><\/li>\n<li><span style=\"color: #000000;\">Drawer 5 with dividers 28.8 x 16.5 x 7.5h cm 225 g<\/span><\/li>\n<li><span style=\"color: #000000;\">Drawer organizer 16.5 x 6.5 x 20h cm 110 g<\/span><\/li>\n<li><span style=\"color: #000000;\">Drawer organizer 17 x 5.2 x 3h cm 110 g <\/span><\/li>\n<\/ul>\n<\/div>\n<div>\n<div><b>Available colors:<\/b><\/div>\n<\/div>\n<div>\n<ul>\n<li><span style=\"color: #000000;\">Blue<\/span><\/li>\n<li><span style=\"color: #000000;\">Gray<\/span><\/li>\n<li><span style=\"color: #000000;\">Green<\/span><\/li>\n<li><span style=\"color: #000000;\">Red<\/span><\/li>\n<\/ul>\n<\/div>\n<\/div>\n","protected":false},"excerpt":{"rendered":"<p>Thanks to their great design, our Drawers are ideal for any industry. They are resistant, practical, and very lightweight. They allow for space saving because they are stackable. Model External Dimensions Weight Drawer 1 15.3 x 10.3 x 7.5h cm 110 g Drawer 2 22.5 x 15 x 12.5h cm 235 g Drawer 3 28.5 [&hellip;]<\/p>\n","protected":false},"featured_media":3753,"comment_status":"open","ping_status":"closed","template":"","meta":{"_et_pb_use_builder":"","_et_pb_old_content":"","_et_gb_content_width":"","_vp_format_video_url":"","_vp_image_focal_point":[],"_joinchat":[]},"product_brand":[],"product_cat":[60],"product_tag":[],"class_list":{"0":"post-6808","1":"product","2":"type-product","3":"status-publish","4":"has-post-thumbnail","6":"product_cat-plastic-drawers","8":"first","9":"instock","10":"shipping-taxable","11":"product-type-simple"},"yoast_head":"<!-- This site is optimized with the Yoast SEO plugin v27.3 - https:\/\/yoast.com\/product\/yoast-seo-wordpress\/ -->\n<title>DRAWERS - Novatec Pagani<\/title>\n<meta name=\"robots\" content=\"index, follow, max-snippet:-1, max-image-preview:large, max-video-preview:-1\" \/>\n<link rel=\"canonical\" href=\"https:\/\/novatec.com.mx\/en\/product\/drawers\/\" \/>\n<meta property=\"og:locale\" content=\"en_US\" \/>\n<meta property=\"og:type\" content=\"article\" \/>\n<meta property=\"og:title\" content=\"DRAWERS - Novatec Pagani\" \/>\n<meta property=\"og:description\" content=\"Thanks to their great design, our Drawers are ideal for any industry. They are resistant, practical, and very lightweight. They allow for space saving because they are stackable. Model External Dimensions Weight Drawer 1 15.3 x 10.3 x 7.5h cm 110 g Drawer 2 22.5 x 15 x 12.5h cm 235 g Drawer 3 28.5 [&hellip;]\" \/>\n<meta property=\"og:url\" content=\"https:\/\/novatec.com.mx\/en\/product\/drawers\/\" \/>\n<meta property=\"og:site_name\" content=\"Novatec Pagani\" \/>\n<meta property=\"article:publisher\" content=\"https:\/\/www.facebook.com\/NovatecPagani\" \/>\n<meta property=\"article:modified_time\" content=\"2025-12-12T19:04:08+00:00\" \/>\n<meta property=\"og:image\" content=\"https:\/\/novatec.com.mx\/wp-content\/uploads\/2021\/04\/gavetas-novatec.jpg\" \/>\n\t<meta property=\"og:image:width\" content=\"1000\" \/>\n\t<meta property=\"og:image:height\" content=\"1000\" \/>\n\t<meta property=\"og:image:type\" content=\"image\/jpeg\" \/>\n<meta name=\"twitter:card\" content=\"summary_large_image\" \/>\n<meta name=\"twitter:site\" content=\"@novatec_pagani\" \/>\n<script type=\"application\/ld+json\" class=\"yoast-schema-graph\">{\"@context\":\"https:\\\/\\\/schema.org\",\"@graph\":[{\"@type\":\"WebPage\",\"@id\":\"https:\\\/\\\/novatec.com.mx\\\/en\\\/product\\\/drawers\\\/\",\"url\":\"https:\\\/\\\/novatec.com.mx\\\/en\\\/product\\\/drawers\\\/\",\"name\":\"DRAWERS - Novatec Pagani\",\"isPartOf\":{\"@id\":\"https:\\\/\\\/novatec.com.mx\\\/en\\\/#website\"},\"primaryImageOfPage\":{\"@id\":\"https:\\\/\\\/novatec.com.mx\\\/en\\\/product\\\/drawers\\\/#primaryimage\"},\"image\":{\"@id\":\"https:\\\/\\\/novatec.com.mx\\\/en\\\/product\\\/drawers\\\/#primaryimage\"},\"thumbnailUrl\":\"https:\\\/\\\/novatec.com.mx\\\/wp-content\\\/uploads\\\/2021\\\/04\\\/gavetas-novatec.jpg\",\"datePublished\":\"2021-04-05T23:11:50+00:00\",\"dateModified\":\"2025-12-12T19:04:08+00:00\",\"breadcrumb\":{\"@id\":\"https:\\\/\\\/novatec.com.mx\\\/en\\\/product\\\/drawers\\\/#breadcrumb\"},\"inLanguage\":\"en-US\",\"potentialAction\":[{\"@type\":\"ReadAction\",\"target\":[\"https:\\\/\\\/novatec.com.mx\\\/en\\\/product\\\/drawers\\\/\"]}]},{\"@type\":\"ImageObject\",\"inLanguage\":\"en-US\",\"@id\":\"https:\\\/\\\/novatec.com.mx\\\/en\\\/product\\\/drawers\\\/#primaryimage\",\"url\":\"https:\\\/\\\/novatec.com.mx\\\/wp-content\\\/uploads\\\/2021\\\/04\\\/gavetas-novatec.jpg\",\"contentUrl\":\"https:\\\/\\\/novatec.com.mx\\\/wp-content\\\/uploads\\\/2021\\\/04\\\/gavetas-novatec.jpg\",\"width\":1000,\"height\":1000,\"caption\":\"gavetas-novatec\"},{\"@type\":\"BreadcrumbList\",\"@id\":\"https:\\\/\\\/novatec.com.mx\\\/en\\\/product\\\/drawers\\\/#breadcrumb\",\"itemListElement\":[{\"@type\":\"ListItem\",\"position\":1,\"name\":\"Home\",\"item\":\"https:\\\/\\\/novatec.com.mx\\\/en\\\/\"},{\"@type\":\"ListItem\",\"position\":2,\"name\":\"Shop\",\"item\":\"https:\\\/\\\/novatec.com.mx\\\/tienda\\\/\"},{\"@type\":\"ListItem\",\"position\":3,\"name\":\"DRAWERS\"}]},{\"@type\":\"WebSite\",\"@id\":\"https:\\\/\\\/novatec.com.mx\\\/en\\\/#website\",\"url\":\"https:\\\/\\\/novatec.com.mx\\\/en\\\/\",\"name\":\"Novatec Pagani\",\"description\":\"Dedicados a la fabricaci\u00f3n de cajas de pl\u00e1stico, pallets, cubetas y equipo av\u00edcola, orientados a la distribuci\u00f3n y almacenaje de productos.\",\"publisher\":{\"@id\":\"https:\\\/\\\/novatec.com.mx\\\/en\\\/#organization\"},\"alternateName\":\"Novatec\",\"potentialAction\":[{\"@type\":\"SearchAction\",\"target\":{\"@type\":\"EntryPoint\",\"urlTemplate\":\"https:\\\/\\\/novatec.com.mx\\\/en\\\/?s={search_term_string}\"},\"query-input\":{\"@type\":\"PropertyValueSpecification\",\"valueRequired\":true,\"valueName\":\"search_term_string\"}}],\"inLanguage\":\"en-US\"},{\"@type\":\"Organization\",\"@id\":\"https:\\\/\\\/novatec.com.mx\\\/en\\\/#organization\",\"name\":\"Novatec Pagani\",\"alternateName\":\"Novatec Pagani\",\"url\":\"https:\\\/\\\/novatec.com.mx\\\/en\\\/\",\"logo\":{\"@type\":\"ImageObject\",\"inLanguage\":\"en-US\",\"@id\":\"https:\\\/\\\/novatec.com.mx\\\/en\\\/#\\\/schema\\\/logo\\\/image\\\/\",\"url\":\"https:\\\/\\\/novatec.com.mx\\\/wp-content\\\/uploads\\\/2025\\\/11\\\/Logo-Novatec-Pagani-e1763657759553.png\",\"contentUrl\":\"https:\\\/\\\/novatec.com.mx\\\/wp-content\\\/uploads\\\/2025\\\/11\\\/Logo-Novatec-Pagani-e1763657759553.png\",\"width\":512,\"height\":512,\"caption\":\"Novatec Pagani\"},\"image\":{\"@id\":\"https:\\\/\\\/novatec.com.mx\\\/en\\\/#\\\/schema\\\/logo\\\/image\\\/\"},\"sameAs\":[\"https:\\\/\\\/www.facebook.com\\\/NovatecPagani\",\"https:\\\/\\\/x.com\\\/novatec_pagani\",\"https:\\\/\\\/www.linkedin.com\\\/company\\\/novatecpagani\\\/\"]}]}<\/script>\n<!-- \/ Yoast SEO plugin. -->","yoast_head_json":{"title":"DRAWERS - Novatec Pagani","robots":{"index":"index","follow":"follow","max-snippet":"max-snippet:-1","max-image-preview":"max-image-preview:large","max-video-preview":"max-video-preview:-1"},"canonical":"https:\/\/novatec.com.mx\/en\/product\/drawers\/","og_locale":"en_US","og_type":"article","og_title":"DRAWERS - Novatec Pagani","og_description":"Thanks to their great design, our Drawers are ideal for any industry. They are resistant, practical, and very lightweight. They allow for space saving because they are stackable. Model External Dimensions Weight Drawer 1 15.3 x 10.3 x 7.5h cm 110 g Drawer 2 22.5 x 15 x 12.5h cm 235 g Drawer 3 28.5 [&hellip;]","og_url":"https:\/\/novatec.com.mx\/en\/product\/drawers\/","og_site_name":"Novatec Pagani","article_publisher":"https:\/\/www.facebook.com\/NovatecPagani","article_modified_time":"2025-12-12T19:04:08+00:00","og_image":[{"width":1000,"height":1000,"url":"https:\/\/novatec.com.mx\/wp-content\/uploads\/2021\/04\/gavetas-novatec.jpg","type":"image\/jpeg"}],"twitter_card":"summary_large_image","twitter_site":"@novatec_pagani","schema":{"@context":"https:\/\/schema.org","@graph":[{"@type":"WebPage","@id":"https:\/\/novatec.com.mx\/en\/product\/drawers\/","url":"https:\/\/novatec.com.mx\/en\/product\/drawers\/","name":"DRAWERS - Novatec Pagani","isPartOf":{"@id":"https:\/\/novatec.com.mx\/en\/#website"},"primaryImageOfPage":{"@id":"https:\/\/novatec.com.mx\/en\/product\/drawers\/#primaryimage"},"image":{"@id":"https:\/\/novatec.com.mx\/en\/product\/drawers\/#primaryimage"},"thumbnailUrl":"https:\/\/novatec.com.mx\/wp-content\/uploads\/2021\/04\/gavetas-novatec.jpg","datePublished":"2021-04-05T23:11:50+00:00","dateModified":"2025-12-12T19:04:08+00:00","breadcrumb":{"@id":"https:\/\/novatec.com.mx\/en\/product\/drawers\/#breadcrumb"},"inLanguage":"en-US","potentialAction":[{"@type":"ReadAction","target":["https:\/\/novatec.com.mx\/en\/product\/drawers\/"]}]},{"@type":"ImageObject","inLanguage":"en-US","@id":"https:\/\/novatec.com.mx\/en\/product\/drawers\/#primaryimage","url":"https:\/\/novatec.com.mx\/wp-content\/uploads\/2021\/04\/gavetas-novatec.jpg","contentUrl":"https:\/\/novatec.com.mx\/wp-content\/uploads\/2021\/04\/gavetas-novatec.jpg","width":1000,"height":1000,"caption":"gavetas-novatec"},{"@type":"BreadcrumbList","@id":"https:\/\/novatec.com.mx\/en\/product\/drawers\/#breadcrumb","itemListElement":[{"@type":"ListItem","position":1,"name":"Home","item":"https:\/\/novatec.com.mx\/en\/"},{"@type":"ListItem","position":2,"name":"Shop","item":"https:\/\/novatec.com.mx\/tienda\/"},{"@type":"ListItem","position":3,"name":"DRAWERS"}]},{"@type":"WebSite","@id":"https:\/\/novatec.com.mx\/en\/#website","url":"https:\/\/novatec.com.mx\/en\/","name":"Novatec Pagani","description":"Dedicados a la fabricaci\u00f3n de cajas de pl\u00e1stico, pallets, cubetas y equipo av\u00edcola, orientados a la distribuci\u00f3n y almacenaje de productos.","publisher":{"@id":"https:\/\/novatec.com.mx\/en\/#organization"},"alternateName":"Novatec","potentialAction":[{"@type":"SearchAction","target":{"@type":"EntryPoint","urlTemplate":"https:\/\/novatec.com.mx\/en\/?s={search_term_string}"},"query-input":{"@type":"PropertyValueSpecification","valueRequired":true,"valueName":"search_term_string"}}],"inLanguage":"en-US"},{"@type":"Organization","@id":"https:\/\/novatec.com.mx\/en\/#organization","name":"Novatec Pagani","alternateName":"Novatec Pagani","url":"https:\/\/novatec.com.mx\/en\/","logo":{"@type":"ImageObject","inLanguage":"en-US","@id":"https:\/\/novatec.com.mx\/en\/#\/schema\/logo\/image\/","url":"https:\/\/novatec.com.mx\/wp-content\/uploads\/2025\/11\/Logo-Novatec-Pagani-e1763657759553.png","contentUrl":"https:\/\/novatec.com.mx\/wp-content\/uploads\/2025\/11\/Logo-Novatec-Pagani-e1763657759553.png","width":512,"height":512,"caption":"Novatec Pagani"},"image":{"@id":"https:\/\/novatec.com.mx\/en\/#\/schema\/logo\/image\/"},"sameAs":["https:\/\/www.facebook.com\/NovatecPagani","https:\/\/x.com\/novatec_pagani","https:\/\/www.linkedin.com\/company\/novatecpagani\/"]}]}},"_links":{"self":[{"href":"https:\/\/novatec.com.mx\/en\/wp-json\/wp\/v2\/product\/6808","targetHints":{"allow":["GET"]}}],"collection":[{"href":"https:\/\/novatec.com.mx\/en\/wp-json\/wp\/v2\/product"}],"about":[{"href":"https:\/\/novatec.com.mx\/en\/wp-json\/wp\/v2\/types\/product"}],"replies":[{"embeddable":true,"href":"https:\/\/novatec.com.mx\/en\/wp-json\/wp\/v2\/comments?post=6808"}],"wp:featuredmedia":[{"embeddable":true,"href":"https:\/\/novatec.com.mx\/en\/wp-json\/wp\/v2\/media\/3753"}],"wp:attachment":[{"href":"https:\/\/novatec.com.mx\/en\/wp-json\/wp\/v2\/media?parent=6808"}],"wp:term":[{"taxonomy":"product_brand","embeddable":true,"href":"https:\/\/novatec.com.mx\/en\/wp-json\/wp\/v2\/product_brand?post=6808"},{"taxonomy":"product_cat","embeddable":true,"href":"https:\/\/novatec.com.mx\/en\/wp-json\/wp\/v2\/product_cat?post=6808"},{"taxonomy":"product_tag","embeddable":true,"href":"https:\/\/novatec.com.mx\/en\/wp-json\/wp\/v2\/product_tag?post=6808"}],"curies":[{"name":"wp","href":"https:\/\/api.w.org\/{rel}","templated":true}]}}