{"id":6814,"date":"2021-03-21T23:19:07","date_gmt":"2021-03-22T05:19:07","guid":{"rendered":"https:\/\/www.novatec.com.mx\/producto\/bin-4845-25-2\/"},"modified":"2025-12-15T08:39:51","modified_gmt":"2025-12-15T14:39:51","slug":"bin-4845-25-2","status":"publish","type":"product","link":"https:\/\/novatec.com.mx\/en\/product\/bin-4845-25-2\/","title":{"rendered":"BIN 4845-25"},"content":{"rendered":"<div>\n<div><span style=\"color: #000000;\">High-pressure injection molded with unique and field-proven technology. Welded base for increased durability. Excellent strength-to-weight ratio. The handles and hinges are completely plastic and ergonomic, preventing them from rusting. Features large labeling areas on all four sides. Low total cost of ownership.     <\/span><\/div>\n<div><span style=\"color: #000000;\"> <\/span><\/div>\n<div>\n<div><span style=\"color: #000000;\">Model: 4845-25<\/span><\/div>\n<div><span style=\"color: #000000;\">Outer dimensions (inches).<\/span><\/div>\n<div>\n<ul>\n<li><span style=\"color: #000000;\">Length: 48<br \/>\n<\/span><\/li>\n<li><span style=\"color: #000000;\">Width: 44<br \/>\n<\/span><\/li>\n<li><span style=\"color: #000000;\">Height: 25<br \/>\n<\/span><\/li>\n<\/ul>\n<\/div>\n<div><span style=\"color: #000000;\">Inner dimensions (inches).<br \/>\n<\/span><\/div>\n<div>\n<ul>\n<li><span style=\"color: #000000;\">Length: 44.5<br \/>\n<\/span><\/li>\n<li><span style=\"color: #000000;\">Width: 41.5<br \/>\n<\/span><\/li>\n<li><span style=\"color: #000000;\">Height: 19.3<br \/>\n<\/span><\/li>\n<\/ul>\n<\/div>\n<div><span style=\"color: #000000;\">Weight (lbs): 101<br \/>\n<\/span><\/div>\n<div><span style=\"color: #000000;\">Quantity per truck (folded): 234<\/span><\/div>\n<\/div>\n<div><span style=\"color: #000000;\"> <\/span><\/div>\n<\/div>\n<div><span style=\"color: #000000;\">Available colors:<\/span><\/div>\n<div>\n<ul>\n<li><span style=\"color: #000000;\">Black<\/span><\/li>\n<\/ul>\n<\/div>\n","protected":false},"excerpt":{"rendered":"<p>High-pressure injection molded with unique and field-proven technology. Welded base for increased durability. Excellent strength-to-weight ratio. The handles and hinges are completely plastic and ergonomic, preventing them from rusting. Features large labeling areas on all four sides. Low total cost of ownership. Model: 4845-25 Outer dimensions (inches). Length: 48 Width: 44 Height: 25 Inner dimensions [&hellip;]<\/p>\n","protected":false},"featured_media":3584,"comment_status":"open","ping_status":"closed","template":"","meta":{"_et_pb_use_builder":"","_et_pb_old_content":"","_et_gb_content_width":"","_vp_format_video_url":"","_vp_image_focal_point":[],"_joinchat":[]},"product_brand":[],"product_cat":[71,39],"product_tag":[],"class_list":{"0":"post-6814","1":"product","2":"type-product","3":"status-publish","4":"has-post-thumbnail","6":"product_cat-for-the-automotive-industry","7":"product_cat-plastic-containers","9":"first","10":"instock","11":"shipping-taxable","12":"product-type-simple"},"yoast_head":"<!-- This site is optimized with the Yoast SEO plugin v27.3 - https:\/\/yoast.com\/product\/yoast-seo-wordpress\/ -->\n<title>BIN 4845-25 - Novatec Pagani<\/title>\n<meta name=\"robots\" content=\"index, follow, max-snippet:-1, max-image-preview:large, max-video-preview:-1\" \/>\n<link rel=\"canonical\" href=\"https:\/\/novatec.com.mx\/en\/product\/bin-4845-25-2\/\" \/>\n<meta property=\"og:locale\" content=\"en_US\" \/>\n<meta property=\"og:type\" content=\"article\" \/>\n<meta property=\"og:title\" content=\"BIN 4845-25 - Novatec Pagani\" \/>\n<meta property=\"og:description\" content=\"High-pressure injection molded with unique and field-proven technology. Welded base for increased durability. Excellent strength-to-weight ratio. The handles and hinges are completely plastic and ergonomic, preventing them from rusting. Features large labeling areas on all four sides. Low total cost of ownership. Model: 4845-25 Outer dimensions (inches). Length: 48 Width: 44 Height: 25 Inner dimensions [&hellip;]\" \/>\n<meta property=\"og:url\" content=\"https:\/\/novatec.com.mx\/en\/product\/bin-4845-25-2\/\" \/>\n<meta property=\"og:site_name\" content=\"Novatec Pagani\" \/>\n<meta property=\"article:publisher\" content=\"https:\/\/www.facebook.com\/NovatecPagani\" \/>\n<meta property=\"article:modified_time\" content=\"2025-12-15T14:39:51+00:00\" \/>\n<meta property=\"og:image\" content=\"https:\/\/novatec.com.mx\/wp-content\/uploads\/2021\/03\/cajas-plastico-bin-bins-monoflo-bajo-novatec-02.jpg\" \/>\n\t<meta property=\"og:image:width\" content=\"591\" \/>\n\t<meta property=\"og:image:height\" content=\"591\" \/>\n\t<meta property=\"og:image:type\" content=\"image\/jpeg\" \/>\n<meta name=\"twitter:card\" content=\"summary_large_image\" \/>\n<meta name=\"twitter:site\" content=\"@novatec_pagani\" \/>\n<script type=\"application\/ld+json\" class=\"yoast-schema-graph\">{\"@context\":\"https:\\\/\\\/schema.org\",\"@graph\":[{\"@type\":\"WebPage\",\"@id\":\"https:\\\/\\\/novatec.com.mx\\\/en\\\/product\\\/bin-4845-25-2\\\/\",\"url\":\"https:\\\/\\\/novatec.com.mx\\\/en\\\/product\\\/bin-4845-25-2\\\/\",\"name\":\"BIN 4845-25 - Novatec Pagani\",\"isPartOf\":{\"@id\":\"https:\\\/\\\/novatec.com.mx\\\/en\\\/#website\"},\"primaryImageOfPage\":{\"@id\":\"https:\\\/\\\/novatec.com.mx\\\/en\\\/product\\\/bin-4845-25-2\\\/#primaryimage\"},\"image\":{\"@id\":\"https:\\\/\\\/novatec.com.mx\\\/en\\\/product\\\/bin-4845-25-2\\\/#primaryimage\"},\"thumbnailUrl\":\"https:\\\/\\\/novatec.com.mx\\\/wp-content\\\/uploads\\\/2021\\\/03\\\/cajas-plastico-bin-bins-monoflo-bajo-novatec-02.jpg\",\"datePublished\":\"2021-03-22T05:19:07+00:00\",\"dateModified\":\"2025-12-15T14:39:51+00:00\",\"breadcrumb\":{\"@id\":\"https:\\\/\\\/novatec.com.mx\\\/en\\\/product\\\/bin-4845-25-2\\\/#breadcrumb\"},\"inLanguage\":\"en-US\",\"potentialAction\":[{\"@type\":\"ReadAction\",\"target\":[\"https:\\\/\\\/novatec.com.mx\\\/en\\\/product\\\/bin-4845-25-2\\\/\"]}]},{\"@type\":\"ImageObject\",\"inLanguage\":\"en-US\",\"@id\":\"https:\\\/\\\/novatec.com.mx\\\/en\\\/product\\\/bin-4845-25-2\\\/#primaryimage\",\"url\":\"https:\\\/\\\/novatec.com.mx\\\/wp-content\\\/uploads\\\/2021\\\/03\\\/cajas-plastico-bin-bins-monoflo-bajo-novatec-02.jpg\",\"contentUrl\":\"https:\\\/\\\/novatec.com.mx\\\/wp-content\\\/uploads\\\/2021\\\/03\\\/cajas-plastico-bin-bins-monoflo-bajo-novatec-02.jpg\",\"width\":591,\"height\":591,\"caption\":\"plastic-bin-bins-monoflo-low-novatec-boxes\"},{\"@type\":\"BreadcrumbList\",\"@id\":\"https:\\\/\\\/novatec.com.mx\\\/en\\\/product\\\/bin-4845-25-2\\\/#breadcrumb\",\"itemListElement\":[{\"@type\":\"ListItem\",\"position\":1,\"name\":\"Home\",\"item\":\"https:\\\/\\\/novatec.com.mx\\\/en\\\/\"},{\"@type\":\"ListItem\",\"position\":2,\"name\":\"Shop\",\"item\":\"https:\\\/\\\/novatec.com.mx\\\/tienda\\\/\"},{\"@type\":\"ListItem\",\"position\":3,\"name\":\"BIN 4845-25\"}]},{\"@type\":\"WebSite\",\"@id\":\"https:\\\/\\\/novatec.com.mx\\\/en\\\/#website\",\"url\":\"https:\\\/\\\/novatec.com.mx\\\/en\\\/\",\"name\":\"Novatec Pagani\",\"description\":\"Dedicados a la fabricaci\u00f3n de cajas de pl\u00e1stico, pallets, cubetas y equipo av\u00edcola, orientados a la distribuci\u00f3n y almacenaje de productos.\",\"publisher\":{\"@id\":\"https:\\\/\\\/novatec.com.mx\\\/en\\\/#organization\"},\"alternateName\":\"Novatec\",\"potentialAction\":[{\"@type\":\"SearchAction\",\"target\":{\"@type\":\"EntryPoint\",\"urlTemplate\":\"https:\\\/\\\/novatec.com.mx\\\/en\\\/?s={search_term_string}\"},\"query-input\":{\"@type\":\"PropertyValueSpecification\",\"valueRequired\":true,\"valueName\":\"search_term_string\"}}],\"inLanguage\":\"en-US\"},{\"@type\":\"Organization\",\"@id\":\"https:\\\/\\\/novatec.com.mx\\\/en\\\/#organization\",\"name\":\"Novatec Pagani\",\"alternateName\":\"Novatec Pagani\",\"url\":\"https:\\\/\\\/novatec.com.mx\\\/en\\\/\",\"logo\":{\"@type\":\"ImageObject\",\"inLanguage\":\"en-US\",\"@id\":\"https:\\\/\\\/novatec.com.mx\\\/en\\\/#\\\/schema\\\/logo\\\/image\\\/\",\"url\":\"https:\\\/\\\/novatec.com.mx\\\/wp-content\\\/uploads\\\/2025\\\/11\\\/Logo-Novatec-Pagani-e1763657759553.png\",\"contentUrl\":\"https:\\\/\\\/novatec.com.mx\\\/wp-content\\\/uploads\\\/2025\\\/11\\\/Logo-Novatec-Pagani-e1763657759553.png\",\"width\":512,\"height\":512,\"caption\":\"Novatec Pagani\"},\"image\":{\"@id\":\"https:\\\/\\\/novatec.com.mx\\\/en\\\/#\\\/schema\\\/logo\\\/image\\\/\"},\"sameAs\":[\"https:\\\/\\\/www.facebook.com\\\/NovatecPagani\",\"https:\\\/\\\/x.com\\\/novatec_pagani\",\"https:\\\/\\\/www.linkedin.com\\\/company\\\/novatecpagani\\\/\"]}]}<\/script>\n<!-- \/ Yoast SEO plugin. -->","yoast_head_json":{"title":"BIN 4845-25 - Novatec Pagani","robots":{"index":"index","follow":"follow","max-snippet":"max-snippet:-1","max-image-preview":"max-image-preview:large","max-video-preview":"max-video-preview:-1"},"canonical":"https:\/\/novatec.com.mx\/en\/product\/bin-4845-25-2\/","og_locale":"en_US","og_type":"article","og_title":"BIN 4845-25 - Novatec Pagani","og_description":"High-pressure injection molded with unique and field-proven technology. Welded base for increased durability. Excellent strength-to-weight ratio. The handles and hinges are completely plastic and ergonomic, preventing them from rusting. Features large labeling areas on all four sides. Low total cost of ownership. Model: 4845-25 Outer dimensions (inches). Length: 48 Width: 44 Height: 25 Inner dimensions [&hellip;]","og_url":"https:\/\/novatec.com.mx\/en\/product\/bin-4845-25-2\/","og_site_name":"Novatec Pagani","article_publisher":"https:\/\/www.facebook.com\/NovatecPagani","article_modified_time":"2025-12-15T14:39:51+00:00","og_image":[{"width":591,"height":591,"url":"https:\/\/novatec.com.mx\/wp-content\/uploads\/2021\/03\/cajas-plastico-bin-bins-monoflo-bajo-novatec-02.jpg","type":"image\/jpeg"}],"twitter_card":"summary_large_image","twitter_site":"@novatec_pagani","schema":{"@context":"https:\/\/schema.org","@graph":[{"@type":"WebPage","@id":"https:\/\/novatec.com.mx\/en\/product\/bin-4845-25-2\/","url":"https:\/\/novatec.com.mx\/en\/product\/bin-4845-25-2\/","name":"BIN 4845-25 - Novatec Pagani","isPartOf":{"@id":"https:\/\/novatec.com.mx\/en\/#website"},"primaryImageOfPage":{"@id":"https:\/\/novatec.com.mx\/en\/product\/bin-4845-25-2\/#primaryimage"},"image":{"@id":"https:\/\/novatec.com.mx\/en\/product\/bin-4845-25-2\/#primaryimage"},"thumbnailUrl":"https:\/\/novatec.com.mx\/wp-content\/uploads\/2021\/03\/cajas-plastico-bin-bins-monoflo-bajo-novatec-02.jpg","datePublished":"2021-03-22T05:19:07+00:00","dateModified":"2025-12-15T14:39:51+00:00","breadcrumb":{"@id":"https:\/\/novatec.com.mx\/en\/product\/bin-4845-25-2\/#breadcrumb"},"inLanguage":"en-US","potentialAction":[{"@type":"ReadAction","target":["https:\/\/novatec.com.mx\/en\/product\/bin-4845-25-2\/"]}]},{"@type":"ImageObject","inLanguage":"en-US","@id":"https:\/\/novatec.com.mx\/en\/product\/bin-4845-25-2\/#primaryimage","url":"https:\/\/novatec.com.mx\/wp-content\/uploads\/2021\/03\/cajas-plastico-bin-bins-monoflo-bajo-novatec-02.jpg","contentUrl":"https:\/\/novatec.com.mx\/wp-content\/uploads\/2021\/03\/cajas-plastico-bin-bins-monoflo-bajo-novatec-02.jpg","width":591,"height":591,"caption":"plastic-bin-bins-monoflo-low-novatec-boxes"},{"@type":"BreadcrumbList","@id":"https:\/\/novatec.com.mx\/en\/product\/bin-4845-25-2\/#breadcrumb","itemListElement":[{"@type":"ListItem","position":1,"name":"Home","item":"https:\/\/novatec.com.mx\/en\/"},{"@type":"ListItem","position":2,"name":"Shop","item":"https:\/\/novatec.com.mx\/tienda\/"},{"@type":"ListItem","position":3,"name":"BIN 4845-25"}]},{"@type":"WebSite","@id":"https:\/\/novatec.com.mx\/en\/#website","url":"https:\/\/novatec.com.mx\/en\/","name":"Novatec Pagani","description":"Dedicados a la fabricaci\u00f3n de cajas de pl\u00e1stico, pallets, cubetas y equipo av\u00edcola, orientados a la distribuci\u00f3n y almacenaje de productos.","publisher":{"@id":"https:\/\/novatec.com.mx\/en\/#organization"},"alternateName":"Novatec","potentialAction":[{"@type":"SearchAction","target":{"@type":"EntryPoint","urlTemplate":"https:\/\/novatec.com.mx\/en\/?s={search_term_string}"},"query-input":{"@type":"PropertyValueSpecification","valueRequired":true,"valueName":"search_term_string"}}],"inLanguage":"en-US"},{"@type":"Organization","@id":"https:\/\/novatec.com.mx\/en\/#organization","name":"Novatec Pagani","alternateName":"Novatec Pagani","url":"https:\/\/novatec.com.mx\/en\/","logo":{"@type":"ImageObject","inLanguage":"en-US","@id":"https:\/\/novatec.com.mx\/en\/#\/schema\/logo\/image\/","url":"https:\/\/novatec.com.mx\/wp-content\/uploads\/2025\/11\/Logo-Novatec-Pagani-e1763657759553.png","contentUrl":"https:\/\/novatec.com.mx\/wp-content\/uploads\/2025\/11\/Logo-Novatec-Pagani-e1763657759553.png","width":512,"height":512,"caption":"Novatec Pagani"},"image":{"@id":"https:\/\/novatec.com.mx\/en\/#\/schema\/logo\/image\/"},"sameAs":["https:\/\/www.facebook.com\/NovatecPagani","https:\/\/x.com\/novatec_pagani","https:\/\/www.linkedin.com\/company\/novatecpagani\/"]}]}},"_links":{"self":[{"href":"https:\/\/novatec.com.mx\/en\/wp-json\/wp\/v2\/product\/6814","targetHints":{"allow":["GET"]}}],"collection":[{"href":"https:\/\/novatec.com.mx\/en\/wp-json\/wp\/v2\/product"}],"about":[{"href":"https:\/\/novatec.com.mx\/en\/wp-json\/wp\/v2\/types\/product"}],"replies":[{"embeddable":true,"href":"https:\/\/novatec.com.mx\/en\/wp-json\/wp\/v2\/comments?post=6814"}],"wp:featuredmedia":[{"embeddable":true,"href":"https:\/\/novatec.com.mx\/en\/wp-json\/wp\/v2\/media\/3584"}],"wp:attachment":[{"href":"https:\/\/novatec.com.mx\/en\/wp-json\/wp\/v2\/media?parent=6814"}],"wp:term":[{"taxonomy":"product_brand","embeddable":true,"href":"https:\/\/novatec.com.mx\/en\/wp-json\/wp\/v2\/product_brand?post=6814"},{"taxonomy":"product_cat","embeddable":true,"href":"https:\/\/novatec.com.mx\/en\/wp-json\/wp\/v2\/product_cat?post=6814"},{"taxonomy":"product_tag","embeddable":true,"href":"https:\/\/novatec.com.mx\/en\/wp-json\/wp\/v2\/product_tag?post=6814"}],"curies":[{"name":"wp","href":"https:\/\/api.w.org\/{rel}","templated":true}]}}