{"id":6817,"date":"2021-03-21T23:36:20","date_gmt":"2021-03-22T05:36:20","guid":{"rendered":"https:\/\/www.novatec.com.mx\/producto\/plastic-crate-1512-3\/"},"modified":"2025-12-15T08:40:52","modified_gmt":"2025-12-15T14:40:52","slug":"plastic-crate-1512-3","status":"publish","type":"product","link":"https:\/\/novatec.com.mx\/en\/product\/plastic-crate-1512-3\/","title":{"rendered":"PLASTIC CRATE 1512-3"},"content":{"rendered":"<div>\n<div><span style=\"color: #000000;\">Crate with vertical walls for industrial use. <\/span>Useful in production lines, assembly, warehouses, and transport. <span style=\"color: #000000;\">Reusable crate system with a reinforced design to protect your products.<\/span><\/div>\n<div><span style=\"color: #000000;\"><br \/>\n<\/span><\/p>\n<ul>\n<li><span style=\"color: #000000;\">Palletizable on 48 inch x 45 inch pallets<\/span><\/li>\n<li>Easy and safe handling.<\/li>\n<li><span style=\"color: #000000;\">High impact resistance.<\/span><\/li>\n<li><span style=\"color: #000000;\">Smooth or reinforced bottom.<\/span><\/li>\n<li><span style=\"color: #000000;\">Logo or code engraving.<\/span><\/li>\n<li><span style=\"color: #000000;\">Self-adhesive plastic label or label holder system.<\/span><\/li>\n<\/ul>\n<\/div>\n<p><span style=\"color: #000000;\">Characteristics:<br \/>\n<\/span><\/p>\n<ul>\n<li><span style=\"color: #000000;\">Capacity: 45 kg<\/span><\/li>\n<li><span style=\"color: #000000;\">Volume: 17.60 l<\/span><\/li>\n<li><span style=\"color: #000000;\">Weight: 1.59 kg<\/span><\/li>\n<li><span style=\"color: #000000;\">Outer dimensions: 15 x 12 x 9.5h inches<\/span><\/li>\n<li><span style=\"color: #000000;\">Inner dimensions: 13 x 9.4 x 8.8h inches<\/span><\/li>\n<li><span style=\"color: #000000;\">Packaging type: Stacked<\/span><\/li>\n<li><span style=\"color: #000000;\">53&#8242; Trailer: 3,750<\/span><\/li>\n<li><span style=\"color: #000000;\">40&#8242; Container: 2,642<\/span><\/li>\n<li><span style=\"color: #000000;\">20&#8242; Container: 1,070<\/span><\/li>\n<\/ul>\n<\/div>\n<div><a title=\"Learn more by clicking here.\" href=\"http:\/\/www.novatec.com.mx\/wp-content\/uploads\/2021\/01\/Bins-Novatec-OK.pdf\" target=\"_blank\" rel=\"noopener\">Click here to view brochure.<\/a><\/div>\n<div><\/div>\n","protected":false},"excerpt":{"rendered":"<p>Crate with vertical walls for industrial use. Useful in production lines, assembly, warehouses, and transport. Reusable crate system with a reinforced design to protect your products. Palletizable on 48 inch x 45 inch pallets Easy and safe handling. High impact resistance. Smooth or reinforced bottom. Logo or code engraving. Self-adhesive plastic label or label holder [&hellip;]<\/p>\n","protected":false},"featured_media":3615,"comment_status":"open","ping_status":"closed","template":"","meta":{"_et_pb_use_builder":"","_et_pb_old_content":"","_et_gb_content_width":"","_vp_format_video_url":"","_vp_image_focal_point":[],"_joinchat":[]},"product_brand":[],"product_cat":[71,39],"product_tag":[],"class_list":{"0":"post-6817","1":"product","2":"type-product","3":"status-publish","4":"has-post-thumbnail","6":"product_cat-for-the-automotive-industry","7":"product_cat-plastic-containers","9":"first","10":"instock","11":"shipping-taxable","12":"product-type-simple"},"yoast_head":"<!-- This site is optimized with the Yoast SEO plugin v27.3 - https:\/\/yoast.com\/product\/yoast-seo-wordpress\/ -->\n<title>PLASTIC CRATE 1512-3 - Novatec Pagani<\/title>\n<meta name=\"robots\" content=\"index, follow, max-snippet:-1, max-image-preview:large, max-video-preview:-1\" \/>\n<link rel=\"canonical\" href=\"https:\/\/novatec.com.mx\/en\/product\/plastic-crate-1512-3\/\" \/>\n<meta property=\"og:locale\" content=\"en_US\" \/>\n<meta property=\"og:type\" content=\"article\" \/>\n<meta property=\"og:title\" content=\"PLASTIC CRATE 1512-3 - Novatec Pagani\" \/>\n<meta property=\"og:description\" content=\"Crate with vertical walls for industrial use. Useful in production lines, assembly, warehouses, and transport. Reusable crate system with a reinforced design to protect your products. Palletizable on 48 inch x 45 inch pallets Easy and safe handling. High impact resistance. Smooth or reinforced bottom. Logo or code engraving. Self-adhesive plastic label or label holder [&hellip;]\" \/>\n<meta property=\"og:url\" content=\"https:\/\/novatec.com.mx\/en\/product\/plastic-crate-1512-3\/\" \/>\n<meta property=\"og:site_name\" content=\"Novatec Pagani\" \/>\n<meta property=\"article:publisher\" content=\"https:\/\/www.facebook.com\/NovatecPagani\" \/>\n<meta property=\"article:modified_time\" content=\"2025-12-15T14:40:52+00:00\" \/>\n<meta property=\"og:image\" content=\"https:\/\/novatec.com.mx\/wp-content\/uploads\/2021\/03\/Caja_de_plastico_Automotriz_1512-3.jpg\" \/>\n\t<meta property=\"og:image:width\" content=\"591\" \/>\n\t<meta property=\"og:image:height\" content=\"591\" \/>\n\t<meta property=\"og:image:type\" content=\"image\/jpeg\" \/>\n<meta name=\"twitter:card\" content=\"summary_large_image\" \/>\n<meta name=\"twitter:site\" content=\"@novatec_pagani\" \/>\n<script type=\"application\/ld+json\" class=\"yoast-schema-graph\">{\"@context\":\"https:\\\/\\\/schema.org\",\"@graph\":[{\"@type\":\"WebPage\",\"@id\":\"https:\\\/\\\/novatec.com.mx\\\/en\\\/product\\\/plastic-crate-1512-3\\\/\",\"url\":\"https:\\\/\\\/novatec.com.mx\\\/en\\\/product\\\/plastic-crate-1512-3\\\/\",\"name\":\"PLASTIC CRATE 1512-3 - Novatec Pagani\",\"isPartOf\":{\"@id\":\"https:\\\/\\\/novatec.com.mx\\\/en\\\/#website\"},\"primaryImageOfPage\":{\"@id\":\"https:\\\/\\\/novatec.com.mx\\\/en\\\/product\\\/plastic-crate-1512-3\\\/#primaryimage\"},\"image\":{\"@id\":\"https:\\\/\\\/novatec.com.mx\\\/en\\\/product\\\/plastic-crate-1512-3\\\/#primaryimage\"},\"thumbnailUrl\":\"https:\\\/\\\/novatec.com.mx\\\/wp-content\\\/uploads\\\/2021\\\/03\\\/Caja_de_plastico_Automotriz_1512-3.jpg\",\"datePublished\":\"2021-03-22T05:36:20+00:00\",\"dateModified\":\"2025-12-15T14:40:52+00:00\",\"breadcrumb\":{\"@id\":\"https:\\\/\\\/novatec.com.mx\\\/en\\\/product\\\/plastic-crate-1512-3\\\/#breadcrumb\"},\"inLanguage\":\"en-US\",\"potentialAction\":[{\"@type\":\"ReadAction\",\"target\":[\"https:\\\/\\\/novatec.com.mx\\\/en\\\/product\\\/plastic-crate-1512-3\\\/\"]}]},{\"@type\":\"ImageObject\",\"inLanguage\":\"en-US\",\"@id\":\"https:\\\/\\\/novatec.com.mx\\\/en\\\/product\\\/plastic-crate-1512-3\\\/#primaryimage\",\"url\":\"https:\\\/\\\/novatec.com.mx\\\/wp-content\\\/uploads\\\/2021\\\/03\\\/Caja_de_plastico_Automotriz_1512-3.jpg\",\"contentUrl\":\"https:\\\/\\\/novatec.com.mx\\\/wp-content\\\/uploads\\\/2021\\\/03\\\/Caja_de_plastico_Automotriz_1512-3.jpg\",\"width\":591,\"height\":591,\"caption\":\"Plastic_Crate_Automotive_1512-3\"},{\"@type\":\"BreadcrumbList\",\"@id\":\"https:\\\/\\\/novatec.com.mx\\\/en\\\/product\\\/plastic-crate-1512-3\\\/#breadcrumb\",\"itemListElement\":[{\"@type\":\"ListItem\",\"position\":1,\"name\":\"Home\",\"item\":\"https:\\\/\\\/novatec.com.mx\\\/en\\\/\"},{\"@type\":\"ListItem\",\"position\":2,\"name\":\"Shop\",\"item\":\"https:\\\/\\\/novatec.com.mx\\\/tienda\\\/\"},{\"@type\":\"ListItem\",\"position\":3,\"name\":\"PLASTIC CRATE 1512-3\"}]},{\"@type\":\"WebSite\",\"@id\":\"https:\\\/\\\/novatec.com.mx\\\/en\\\/#website\",\"url\":\"https:\\\/\\\/novatec.com.mx\\\/en\\\/\",\"name\":\"Novatec Pagani\",\"description\":\"Dedicados a la fabricaci\u00f3n de cajas de pl\u00e1stico, pallets, cubetas y equipo av\u00edcola, orientados a la distribuci\u00f3n y almacenaje de productos.\",\"publisher\":{\"@id\":\"https:\\\/\\\/novatec.com.mx\\\/en\\\/#organization\"},\"alternateName\":\"Novatec\",\"potentialAction\":[{\"@type\":\"SearchAction\",\"target\":{\"@type\":\"EntryPoint\",\"urlTemplate\":\"https:\\\/\\\/novatec.com.mx\\\/en\\\/?s={search_term_string}\"},\"query-input\":{\"@type\":\"PropertyValueSpecification\",\"valueRequired\":true,\"valueName\":\"search_term_string\"}}],\"inLanguage\":\"en-US\"},{\"@type\":\"Organization\",\"@id\":\"https:\\\/\\\/novatec.com.mx\\\/en\\\/#organization\",\"name\":\"Novatec Pagani\",\"alternateName\":\"Novatec Pagani\",\"url\":\"https:\\\/\\\/novatec.com.mx\\\/en\\\/\",\"logo\":{\"@type\":\"ImageObject\",\"inLanguage\":\"en-US\",\"@id\":\"https:\\\/\\\/novatec.com.mx\\\/en\\\/#\\\/schema\\\/logo\\\/image\\\/\",\"url\":\"https:\\\/\\\/novatec.com.mx\\\/wp-content\\\/uploads\\\/2025\\\/11\\\/Logo-Novatec-Pagani-e1763657759553.png\",\"contentUrl\":\"https:\\\/\\\/novatec.com.mx\\\/wp-content\\\/uploads\\\/2025\\\/11\\\/Logo-Novatec-Pagani-e1763657759553.png\",\"width\":512,\"height\":512,\"caption\":\"Novatec Pagani\"},\"image\":{\"@id\":\"https:\\\/\\\/novatec.com.mx\\\/en\\\/#\\\/schema\\\/logo\\\/image\\\/\"},\"sameAs\":[\"https:\\\/\\\/www.facebook.com\\\/NovatecPagani\",\"https:\\\/\\\/x.com\\\/novatec_pagani\",\"https:\\\/\\\/www.linkedin.com\\\/company\\\/novatecpagani\\\/\"]}]}<\/script>\n<!-- \/ Yoast SEO plugin. -->","yoast_head_json":{"title":"PLASTIC CRATE 1512-3 - Novatec Pagani","robots":{"index":"index","follow":"follow","max-snippet":"max-snippet:-1","max-image-preview":"max-image-preview:large","max-video-preview":"max-video-preview:-1"},"canonical":"https:\/\/novatec.com.mx\/en\/product\/plastic-crate-1512-3\/","og_locale":"en_US","og_type":"article","og_title":"PLASTIC CRATE 1512-3 - Novatec Pagani","og_description":"Crate with vertical walls for industrial use. Useful in production lines, assembly, warehouses, and transport. Reusable crate system with a reinforced design to protect your products. Palletizable on 48 inch x 45 inch pallets Easy and safe handling. High impact resistance. Smooth or reinforced bottom. Logo or code engraving. Self-adhesive plastic label or label holder [&hellip;]","og_url":"https:\/\/novatec.com.mx\/en\/product\/plastic-crate-1512-3\/","og_site_name":"Novatec Pagani","article_publisher":"https:\/\/www.facebook.com\/NovatecPagani","article_modified_time":"2025-12-15T14:40:52+00:00","og_image":[{"width":591,"height":591,"url":"https:\/\/novatec.com.mx\/wp-content\/uploads\/2021\/03\/Caja_de_plastico_Automotriz_1512-3.jpg","type":"image\/jpeg"}],"twitter_card":"summary_large_image","twitter_site":"@novatec_pagani","schema":{"@context":"https:\/\/schema.org","@graph":[{"@type":"WebPage","@id":"https:\/\/novatec.com.mx\/en\/product\/plastic-crate-1512-3\/","url":"https:\/\/novatec.com.mx\/en\/product\/plastic-crate-1512-3\/","name":"PLASTIC CRATE 1512-3 - Novatec Pagani","isPartOf":{"@id":"https:\/\/novatec.com.mx\/en\/#website"},"primaryImageOfPage":{"@id":"https:\/\/novatec.com.mx\/en\/product\/plastic-crate-1512-3\/#primaryimage"},"image":{"@id":"https:\/\/novatec.com.mx\/en\/product\/plastic-crate-1512-3\/#primaryimage"},"thumbnailUrl":"https:\/\/novatec.com.mx\/wp-content\/uploads\/2021\/03\/Caja_de_plastico_Automotriz_1512-3.jpg","datePublished":"2021-03-22T05:36:20+00:00","dateModified":"2025-12-15T14:40:52+00:00","breadcrumb":{"@id":"https:\/\/novatec.com.mx\/en\/product\/plastic-crate-1512-3\/#breadcrumb"},"inLanguage":"en-US","potentialAction":[{"@type":"ReadAction","target":["https:\/\/novatec.com.mx\/en\/product\/plastic-crate-1512-3\/"]}]},{"@type":"ImageObject","inLanguage":"en-US","@id":"https:\/\/novatec.com.mx\/en\/product\/plastic-crate-1512-3\/#primaryimage","url":"https:\/\/novatec.com.mx\/wp-content\/uploads\/2021\/03\/Caja_de_plastico_Automotriz_1512-3.jpg","contentUrl":"https:\/\/novatec.com.mx\/wp-content\/uploads\/2021\/03\/Caja_de_plastico_Automotriz_1512-3.jpg","width":591,"height":591,"caption":"Plastic_Crate_Automotive_1512-3"},{"@type":"BreadcrumbList","@id":"https:\/\/novatec.com.mx\/en\/product\/plastic-crate-1512-3\/#breadcrumb","itemListElement":[{"@type":"ListItem","position":1,"name":"Home","item":"https:\/\/novatec.com.mx\/en\/"},{"@type":"ListItem","position":2,"name":"Shop","item":"https:\/\/novatec.com.mx\/tienda\/"},{"@type":"ListItem","position":3,"name":"PLASTIC CRATE 1512-3"}]},{"@type":"WebSite","@id":"https:\/\/novatec.com.mx\/en\/#website","url":"https:\/\/novatec.com.mx\/en\/","name":"Novatec Pagani","description":"Dedicados a la fabricaci\u00f3n de cajas de pl\u00e1stico, pallets, cubetas y equipo av\u00edcola, orientados a la distribuci\u00f3n y almacenaje de productos.","publisher":{"@id":"https:\/\/novatec.com.mx\/en\/#organization"},"alternateName":"Novatec","potentialAction":[{"@type":"SearchAction","target":{"@type":"EntryPoint","urlTemplate":"https:\/\/novatec.com.mx\/en\/?s={search_term_string}"},"query-input":{"@type":"PropertyValueSpecification","valueRequired":true,"valueName":"search_term_string"}}],"inLanguage":"en-US"},{"@type":"Organization","@id":"https:\/\/novatec.com.mx\/en\/#organization","name":"Novatec Pagani","alternateName":"Novatec Pagani","url":"https:\/\/novatec.com.mx\/en\/","logo":{"@type":"ImageObject","inLanguage":"en-US","@id":"https:\/\/novatec.com.mx\/en\/#\/schema\/logo\/image\/","url":"https:\/\/novatec.com.mx\/wp-content\/uploads\/2025\/11\/Logo-Novatec-Pagani-e1763657759553.png","contentUrl":"https:\/\/novatec.com.mx\/wp-content\/uploads\/2025\/11\/Logo-Novatec-Pagani-e1763657759553.png","width":512,"height":512,"caption":"Novatec Pagani"},"image":{"@id":"https:\/\/novatec.com.mx\/en\/#\/schema\/logo\/image\/"},"sameAs":["https:\/\/www.facebook.com\/NovatecPagani","https:\/\/x.com\/novatec_pagani","https:\/\/www.linkedin.com\/company\/novatecpagani\/"]}]}},"_links":{"self":[{"href":"https:\/\/novatec.com.mx\/en\/wp-json\/wp\/v2\/product\/6817","targetHints":{"allow":["GET"]}}],"collection":[{"href":"https:\/\/novatec.com.mx\/en\/wp-json\/wp\/v2\/product"}],"about":[{"href":"https:\/\/novatec.com.mx\/en\/wp-json\/wp\/v2\/types\/product"}],"replies":[{"embeddable":true,"href":"https:\/\/novatec.com.mx\/en\/wp-json\/wp\/v2\/comments?post=6817"}],"wp:featuredmedia":[{"embeddable":true,"href":"https:\/\/novatec.com.mx\/en\/wp-json\/wp\/v2\/media\/3615"}],"wp:attachment":[{"href":"https:\/\/novatec.com.mx\/en\/wp-json\/wp\/v2\/media?parent=6817"}],"wp:term":[{"taxonomy":"product_brand","embeddable":true,"href":"https:\/\/novatec.com.mx\/en\/wp-json\/wp\/v2\/product_brand?post=6817"},{"taxonomy":"product_cat","embeddable":true,"href":"https:\/\/novatec.com.mx\/en\/wp-json\/wp\/v2\/product_cat?post=6817"},{"taxonomy":"product_tag","embeddable":true,"href":"https:\/\/novatec.com.mx\/en\/wp-json\/wp\/v2\/product_tag?post=6817"}],"curies":[{"name":"wp","href":"https:\/\/api.w.org\/{rel}","templated":true}]}}